{"id":1019,"date":"2025-07-07T13:13:12","date_gmt":"2025-07-07T13:13:12","guid":{"rendered":"https:\/\/centeribil.com\/?page_id=1019"},"modified":"2026-03-17T11:38:49","modified_gmt":"2026-03-17T11:38:49","slug":"assistance-technique","status":"publish","type":"page","link":"https:\/\/centeribil.com\/?page_id=1019","title":{"rendered":"ASSISTANCE TECHNIQUE"},"content":{"rendered":"<div class=\"wpb-content-wrapper\"><div class=\"vc_row wpb_row vc_row-fluid\"><div class=\"wpb_column vc_column_container vc_col-sm-12\"><div class=\"vc_column-inner\"><div class=\"wpb_wrapper\"><div class=\"vc_row wpb_row vc_inner vc_row-fluid\"><div class=\"wpb_column vc_column_container vc_col-sm-6\"><div class=\"vc_column-inner\"><div class=\"wpb_wrapper\">\n\t<div class=\"wpb_text_column wpb_content_element\" >\n\t\t<div class=\"wpb_wrapper\">\n\t\t\t<p><em>Pour accroitre votre comp\u00e9titivit\u00e9 et am\u00e9liorer vos performances industrielles et organisationnelles, le CETIBA vous fournit l\u2019assistance technique \u00e0 travers\u00a0: <\/em><\/p>\n\n\t\t<\/div>\n\t<\/div>\n<div class=\"vc_empty_space\"   style=\"height: 32px\"><span class=\"vc_empty_space_inner\"><\/span><\/div>\n\t<div class=\"wpb_raw_code wpb_raw_html wpb_content_element\" >\n\t\t<div class=\"wpb_wrapper\">\n\t\t\t<style>#sp-ea-1090 .spcollapsing { height: 0; overflow: hidden; transition-property: height;transition-duration: 300ms;}#sp-ea-1090.sp-easy-accordion>.sp-ea-single {margin-bottom: 7px; border: 1px solid #e2e2e2; }#sp-ea-1090.sp-easy-accordion>.sp-ea-single>.ea-header a {color: #444;}#sp-ea-1090.sp-easy-accordion>.sp-ea-single>.sp-collapse>.ea-body {background: #fff; color: #444;}#sp-ea-1090.sp-easy-accordion>.sp-ea-single {background: #eee;}#sp-ea-1090.sp-easy-accordion>.sp-ea-single>.ea-header a .ea-expand-icon { float: left; color: #444;font-size: 16px;}<\/style><div id=\"sp_easy_accordion-1752479124\"><div id=\"sp-ea-1090\" class=\"sp-ea-one sp-easy-accordion\" data-ea-active=\"ea-click\" data-ea-mode=\"vertical\" data-preloader=\"\" data-scroll-active-item=\"\" data-offset-to-scroll=\"0\"><div class=\"ea-card ea-expand sp-ea-single\"><h5 class=\"ea-header\"><a class=\"collapsed\" id=\"ea-header-10900\" role=\"button\" data-sptoggle=\"spcollapse\" data-sptarget=\"#collapse10900\" aria-controls=\"collapse10900\" href=\"#\" aria-expanded=\"true\" tabindex=\"0\"><i aria-hidden=\"true\" role=\"presentation\" class=\"ea-expand-icon eap-icon-ea-expand-minus\"><\/i> Etude pr\u00e9alable aux investissements <\/a><\/h5><div class=\"sp-collapse spcollapse collapsed show\" id=\"collapse10900\" data-parent=\"#sp-ea-1090\" role=\"region\" aria-labelledby=\"ea-header-10900\"> <div class=\"ea-body\"><ul><li>Etude de march\u00e9<\/li><li>Choix des proc\u00e9d\u00e9s industriels<\/li><li>Elaboration des cahiers des charges techniques<\/li><li>Elaboration d\u2019un business plan<\/li><\/ul><\/div><\/div><\/div><div class=\"ea-card sp-ea-single\"><h5 class=\"ea-header\"><a class=\"collapsed\" id=\"ea-header-10901\" role=\"button\" data-sptoggle=\"spcollapse\" data-sptarget=\"#collapse10901\" aria-controls=\"collapse10901\" href=\"#\" aria-expanded=\"false\" tabindex=\"0\"><i aria-hidden=\"true\" role=\"presentation\" class=\"ea-expand-icon eap-icon-ea-expand-plus\"><\/i> Diagnostics de mise \u00e0 niveau <\/a><\/h5><div class=\"sp-collapse spcollapse \" id=\"collapse10901\" data-parent=\"#sp-ea-1090\" role=\"region\" aria-labelledby=\"ea-header-10901\"> <div class=\"ea-body\"><ul><li>Diagnostic de l\u2019entreprise<\/li><li>Proposition d\u2019un plan strat\u00e9gique de mise \u00e0 niveau<\/li><li>R\u00e9alisation de l\u2019\u00e9tude de rentabilit\u00e9 du plan propos\u00e9<\/li><\/ul><\/div><\/div><\/div><div class=\"ea-card sp-ea-single\"><h5 class=\"ea-header\"><a class=\"collapsed\" id=\"ea-header-10902\" role=\"button\" data-sptoggle=\"spcollapse\" data-sptarget=\"#collapse10902\" aria-controls=\"collapse10902\" href=\"#\" aria-expanded=\"false\" tabindex=\"0\"><i aria-hidden=\"true\" role=\"presentation\" class=\"ea-expand-icon eap-icon-ea-expand-plus\"><\/i> Mise en place de syst\u00e8me de management et certification produits<\/a><\/h5><div class=\"sp-collapse spcollapse \" id=\"collapse10902\" data-parent=\"#sp-ea-1090\" role=\"region\" aria-labelledby=\"ea-header-10902\"> <div class=\"ea-body\"><ul><li>Mise en place de syst\u00e8mes de management de la qualit\u00e9, de l\u2019environnement et de la sant\u00e9 et s\u00e9curit\u00e9 au travail<\/li><li>Assistance pour la certification des produits selon les marques qualit\u00e9 nationales NT et internationales<\/li><li>Mise en place de la cha\u00eene de contr\u00f4le selon FSC et\/ou PEFC,<\/li><li>Assistance pour le marquage CE des produits.<\/li><\/ul><\/div><\/div><\/div><div class=\"ea-card sp-ea-single\"><h5 class=\"ea-header\"><a class=\"collapsed\" id=\"ea-header-10903\" role=\"button\" data-sptoggle=\"spcollapse\" data-sptarget=\"#collapse10903\" aria-controls=\"collapse10903\" href=\"#\" aria-expanded=\"false\" tabindex=\"0\"><i aria-hidden=\"true\" role=\"presentation\" class=\"ea-expand-icon eap-icon-ea-expand-plus\"><\/i> Coaching technique et non technique <\/a><\/h5><div class=\"sp-collapse spcollapse \" id=\"collapse10903\" data-parent=\"#sp-ea-1090\" role=\"region\" aria-labelledby=\"ea-header-10903\"> <div class=\"ea-body\"><ul><li>Am\u00e9lioration de la productivit\u00e9 (D\u00e9marche KAIZEN)<\/li><li>Organisation industrielle<\/li><li>Am\u00e9lioration des proc\u00e9d\u00e9s de Finition<\/li><li>Am\u00e9lioration des proc\u00e9d\u00e9s de Tapisserie<\/li><li>Mise en place et renforcement du bureau des \u00e9tudes et des m\u00e9thodes<\/li><li>Mise en place et renforcement de la fonction marketing et commerciale<\/li><li>Mise en place et renforcement d\u2019une cellule export<\/li><\/ul><\/div><\/div><\/div><div class=\"ea-card sp-ea-single\"><h5 class=\"ea-header\"><a class=\"collapsed\" id=\"ea-header-10904\" role=\"button\" data-sptoggle=\"spcollapse\" data-sptarget=\"#collapse10904\" aria-controls=\"collapse10904\" href=\"#\" aria-expanded=\"false\" tabindex=\"0\"><i aria-hidden=\"true\" role=\"presentation\" class=\"ea-expand-icon eap-icon-ea-expand-plus\"><\/i> Expertise sur mat\u00e9riaux, produits et \u00e9quipements <\/a><\/h5><div class=\"sp-collapse spcollapse \" id=\"collapse10904\" data-parent=\"#sp-ea-1090\" role=\"region\" aria-labelledby=\"ea-header-10904\"> <div class=\"ea-body\">No Content<\/div><\/div><\/div><div class=\"ea-card sp-ea-single\"><h5 class=\"ea-header\"><a class=\"collapsed\" id=\"ea-header-10905\" role=\"button\" data-sptoggle=\"spcollapse\" data-sptarget=\"#collapse10905\" aria-controls=\"collapse10905\" href=\"#\" aria-expanded=\"false\" tabindex=\"0\"><i aria-hidden=\"true\" role=\"presentation\" class=\"ea-expand-icon eap-icon-ea-expand-plus\"><\/i> Assistance technique aupr\u00e8s des acheteurs <\/a><\/h5><div class=\"sp-collapse spcollapse \" id=\"collapse10905\" data-parent=\"#sp-ea-1090\" role=\"region\" aria-labelledby=\"ea-header-10905\"> <div class=\"ea-body\"><ul><li>Elaboration des cahiers des charges techniques pour l\u2019achat de mobilier ou de menuiserie<\/li><li>Assistance au d\u00e9pouillement technique des offres<\/li><li>Assistance \u00e0 la r\u00e9ception des commandes<\/li><\/ul><\/div><\/div><\/div><\/div><\/div>\n\t\t<\/div>\n\t<\/div>\n<\/div><\/div><\/div><div class=\"wpb_column vc_column_container vc_col-sm-6\"><div class=\"vc_column-inner\"><div class=\"wpb_wrapper\">\n\t<div  class=\"wpb_single_image wpb_content_element vc_align_left wpb_content_element\">\n\t\t\n\t\t<figure class=\"wpb_wrapper vc_figure\">\n\t\t\t<div class=\"vc_single_image-wrapper   vc_box_border_grey\"><img fetchpriority=\"high\" decoding=\"async\" width=\"2560\" height=\"1920\" src=\"https:\/\/centeribil.com\/wp-content\/uploads\/2025\/07\/AT-4-scaled.jpg\" class=\"vc_single_image-img attachment-full\" alt=\"\" title=\"AT 4\" srcset=\"https:\/\/centeribil.com\/wp-content\/uploads\/2025\/07\/AT-4-scaled.jpg 2560w, https:\/\/centeribil.com\/wp-content\/uploads\/2025\/07\/AT-4-300x225.jpg 300w, https:\/\/centeribil.com\/wp-content\/uploads\/2025\/07\/AT-4-1024x768.jpg 1024w, https:\/\/centeribil.com\/wp-content\/uploads\/2025\/07\/AT-4-768x576.jpg 768w, https:\/\/centeribil.com\/wp-content\/uploads\/2025\/07\/AT-4-1536x1152.jpg 1536w, https:\/\/centeribil.com\/wp-content\/uploads\/2025\/07\/AT-4-2048x1536.jpg 2048w, https:\/\/centeribil.com\/wp-content\/uploads\/2025\/07\/AT-4-370x278.jpg 370w, https:\/\/centeribil.com\/wp-content\/uploads\/2025\/07\/AT-4-1200x900.jpg 1200w, https:\/\/centeribil.com\/wp-content\/uploads\/2025\/07\/AT-4-360x270.jpg 360w, https:\/\/centeribil.com\/wp-content\/uploads\/2025\/07\/AT-4-600x450.jpg 600w\" sizes=\"(max-width: 2560px) 100vw, 2560px\" \/><\/div>\n\t\t<\/figure>\n\t<\/div>\n<\/div><\/div><\/div><\/div><\/div><\/div><\/div><\/div>\n<\/div>","protected":false},"excerpt":{"rendered":"Pour accroitre votre comp\u00e9titivit\u00e9 et am\u00e9liorer vos performances industrielles et organisationnelles, le CETIBA vous fournit l\u2019assistance technique \u00e0 travers\u00a0: Etude pr\u00e9alable aux investissements Etude de march\u00e9Choix des proc\u00e9d\u00e9s industrielsElaboration des cahiers des charges techniquesElaboration d\u2019un business plan Diagnostics de mise...","protected":false},"author":1,"featured_media":0,"parent":0,"menu_order":0,"comment_status":"open","ping_status":"open","template":"","meta":{"footnotes":""},"class_list":["post-1019","page","type-page","status-publish","hentry"],"_links":{"self":[{"href":"https:\/\/centeribil.com\/index.php?rest_route=\/wp\/v2\/pages\/1019","targetHints":{"allow":["GET"]}}],"collection":[{"href":"https:\/\/centeribil.com\/index.php?rest_route=\/wp\/v2\/pages"}],"about":[{"href":"https:\/\/centeribil.com\/index.php?rest_route=\/wp\/v2\/types\/page"}],"author":[{"embeddable":true,"href":"https:\/\/centeribil.com\/index.php?rest_route=\/wp\/v2\/users\/1"}],"replies":[{"embeddable":true,"href":"https:\/\/centeribil.com\/index.php?rest_route=%2Fwp%2Fv2%2Fcomments&post=1019"}],"version-history":[{"count":43,"href":"https:\/\/centeribil.com\/index.php?rest_route=\/wp\/v2\/pages\/1019\/revisions"}],"predecessor-version":[{"id":2161,"href":"https:\/\/centeribil.com\/index.php?rest_route=\/wp\/v2\/pages\/1019\/revisions\/2161"}],"wp:attachment":[{"href":"https:\/\/centeribil.com\/index.php?rest_route=%2Fwp%2Fv2%2Fmedia&parent=1019"}],"curies":[{"name":"wp","href":"https:\/\/api.w.org\/{rel}","templated":true}]}}