{"id":1070,"date":"2025-07-11T14:26:30","date_gmt":"2025-07-11T14:26:30","guid":{"rendered":"https:\/\/centeribil.com\/?page_id=1070"},"modified":"2025-10-10T09:59:29","modified_gmt":"2025-10-10T09:59:29","slug":"inscription-au-wid","status":"publish","type":"page","link":"https:\/\/centeribil.com\/?page_id=1070","title":{"rendered":"Inscription au WID"},"content":{"rendered":"<div class=\"wpb-content-wrapper\"><div class=\"vc_row wpb_row vc_row-fluid\"><div class=\"wpb_column vc_column_container vc_col-sm-12\"><div class=\"vc_column-inner\"><div class=\"wpb_wrapper\"><h1 class='heading-middle  style-1' ><span>\ud83c\udfa8 FORMULAIRE D\u2019INSCRIPTION<em class=\"heading-subtitle\" style='color: #063E70'>6\u00e8me \u00e9dition du concours euro-m\u00e9diterran\u00e9en en cr\u00e9ation et design WOOD INNOV DESIGN<\/em><\/span><\/h1><\/div><\/div><\/div><\/div><div class=\"vc_row wpb_row vc_row-fluid\"><div class=\"wpb_column vc_column_container vc_col-sm-12\"><div class=\"vc_column-inner\"><div class=\"wpb_wrapper\">\n\t<div class=\"wpb_raw_code wpb_raw_html wpb_content_element\" >\n\t\t<div class=\"wpb_wrapper\">\n\t\t\t\n<div class=\"wpcf7 no-js\" id=\"wpcf7-f1072-o1\" lang=\"en-US\" dir=\"ltr\" data-wpcf7-id=\"1072\">\n<div class=\"screen-reader-response\"><p role=\"status\" aria-live=\"polite\" aria-atomic=\"true\"><\/p> <ul><\/ul><\/div>\n<form action=\"\/index.php?rest_route=%2Fwp%2Fv2%2Fpages%2F1070#wpcf7-f1072-o1\" method=\"post\" class=\"wpcf7-form init\" aria-label=\"Contact form\" enctype=\"multipart\/form-data\" novalidate=\"novalidate\" data-status=\"init\">\n<fieldset class=\"hidden-fields-container\"><input type=\"hidden\" name=\"_wpcf7\" value=\"1072\" \/><input type=\"hidden\" name=\"_wpcf7_version\" value=\"6.1.4\" \/><input type=\"hidden\" name=\"_wpcf7_locale\" value=\"en_US\" \/><input type=\"hidden\" name=\"_wpcf7_unit_tag\" value=\"wpcf7-f1072-o1\" \/><input type=\"hidden\" name=\"_wpcf7_container_post\" value=\"0\" \/><input type=\"hidden\" name=\"_wpcf7_posted_data_hash\" value=\"\" \/><input type=\"hidden\" name=\"_wpcf7cf_hidden_group_fields\" value=\"[]\" \/><input type=\"hidden\" name=\"_wpcf7cf_hidden_groups\" value=\"[]\" \/><input type=\"hidden\" name=\"_wpcf7cf_visible_groups\" value=\"[]\" \/><input type=\"hidden\" name=\"_wpcf7cf_repeaters\" value=\"[]\" \/><input type=\"hidden\" name=\"_wpcf7cf_steps\" value=\"{}\" \/><input type=\"hidden\" name=\"_wpcf7cf_options\" value=\"{&quot;form_id&quot;:1072,&quot;conditions&quot;:[],&quot;settings&quot;:{&quot;animation&quot;:&quot;yes&quot;,&quot;animation_intime&quot;:200,&quot;animation_outtime&quot;:200,&quot;conditions_ui&quot;:&quot;normal&quot;,&quot;notice_dismissed&quot;:false,&quot;notice_dismissed_update-cf7-6.1.2&quot;:true}}\" \/>\n<\/fieldset>\n<link rel=\"stylesheet\" href=\"https:\/\/centeribil.com\/wp-content\/plugins\/pdf-forms-for-contact-form-7\/css\/frontend.css\" \/><script type=\"text\/javascript\" src=\"https:\/\/centeribil.com\/wp-content\/plugins\/pdf-forms-for-contact-form-7\/js\/frontend.js?ver=2.2.5\"><\/script><p>Nom et pr\u00e9nom :*<br \/>\n<span class=\"wpcf7-form-control-wrap\" data-name=\"nom-prenom\"><input size=\"40\" maxlength=\"400\" class=\"wpcf7-form-control wpcf7-text wpcf7-validates-as-required halfwidth\" aria-required=\"true\" aria-invalid=\"false\" value=\"\" type=\"text\" name=\"nom-prenom\" \/><\/span>\n<\/p>\n<p>N\u00b0CIN ou N\u00b0Passeport :<br \/>\n<span class=\"wpcf7-form-control-wrap\" data-name=\"cin-passeport\"><input size=\"40\" maxlength=\"400\" class=\"wpcf7-form-control wpcf7-text halfwidth\" aria-invalid=\"false\" value=\"\" type=\"text\" name=\"cin-passeport\" \/><\/span>\n<\/p>\n<p>Nationalit\u00e9 :<br \/>\n<span class=\"wpcf7-form-control-wrap\" data-name=\"nationalite\"><input size=\"40\" maxlength=\"400\" class=\"wpcf7-form-control wpcf7-text halfwidth\" aria-invalid=\"false\" value=\"\" type=\"text\" name=\"nationalite\" \/><\/span>\n<\/p>\n<p>Type de participation :*<br \/>\n<span class=\"wpcf7-form-control-wrap\" data-name=\"type-participation\"><span class=\"wpcf7-form-control wpcf7-radio\"><span class=\"wpcf7-list-item first\"><label><input type=\"radio\" name=\"type-participation\" value=\"Individuelle\" \/><span class=\"wpcf7-list-item-label\">Individuelle<\/span><\/label><\/span><span class=\"wpcf7-list-item last\"><label><input type=\"radio\" name=\"type-participation\" value=\"\u00c9quipe\" \/><span class=\"wpcf7-list-item-label\">\u00c9quipe<\/span><\/label><\/span><\/span><\/span>\n<\/p>\n<h2>\ud83d\udcde Coordonn\u00e9es du candidat ou chef de file :\n<\/h2>\n<p>T\u00e9l\u00e9phone :*<br \/>\n<span class=\"wpcf7-form-control-wrap\" data-name=\"telephone\"><input size=\"40\" maxlength=\"400\" class=\"wpcf7-form-control wpcf7-tel wpcf7-validates-as-required wpcf7-text wpcf7-validates-as-tel halfwidth\" aria-required=\"true\" aria-invalid=\"false\" value=\"\" type=\"tel\" name=\"telephone\" \/><\/span>\n<\/p>\n<p>Email :*<br \/>\n<span class=\"wpcf7-form-control-wrap\" data-name=\"email\"><input size=\"40\" maxlength=\"400\" class=\"wpcf7-form-control wpcf7-email wpcf7-validates-as-required wpcf7-text wpcf7-validates-as-email halfwidth\" aria-required=\"true\" aria-invalid=\"false\" value=\"\" type=\"email\" name=\"email\" \/><\/span>\n<\/p>\n<p>Adresse :<br \/>\n<span class=\"wpcf7-form-control-wrap\" data-name=\"adresse\"><textarea cols=\"40\" rows=\"10\" maxlength=\"2000\" class=\"wpcf7-form-control wpcf7-textarea fullwidth\" aria-invalid=\"false\" name=\"adresse\"><\/textarea><\/span>\n<\/p>\n<p>\u00c9tablissement :*<br \/>\n<span class=\"wpcf7-form-control-wrap\" data-name=\"etablissement\"><input size=\"40\" maxlength=\"400\" class=\"wpcf7-form-control wpcf7-text wpcf7-validates-as-required fullwidth\" aria-required=\"true\" aria-invalid=\"false\" value=\"\" type=\"text\" name=\"etablissement\" \/><\/span>\n<\/p>\n<p>Sp\u00e9cialit\u00e9 :*<br \/>\n<span class=\"wpcf7-form-control-wrap\" data-name=\"specialite\"><input size=\"40\" maxlength=\"400\" class=\"wpcf7-form-control wpcf7-text wpcf7-validates-as-required fullwidth\" aria-required=\"true\" aria-invalid=\"false\" value=\"\" type=\"text\" name=\"specialite\" \/><\/span>\n<\/p>\n<p>Niveau :*<br \/>\n<span class=\"wpcf7-form-control-wrap\" data-name=\"niveau\"><input size=\"40\" maxlength=\"400\" class=\"wpcf7-form-control wpcf7-text wpcf7-validates-as-required halfwidth\" aria-required=\"true\" aria-invalid=\"false\" value=\"\" type=\"text\" name=\"niveau\" \/><\/span>\n<\/p>\n<p>Encadreur :<br \/>\n<span class=\"wpcf7-form-control-wrap\" data-name=\"encadreur\"><input size=\"40\" maxlength=\"400\" class=\"wpcf7-form-control wpcf7-text halfwidth\" aria-invalid=\"false\" value=\"\" type=\"text\" name=\"encadreur\" \/><\/span>\n<\/p>\n<p>\ud83d\udcce Pi\u00e8ce jointe obligatoire :<br \/>\nAttestation d\u2019inscription de la derni\u00e8re ann\u00e9e universitaire du candidat ou du chef de projet*<br \/>\n<span class=\"wpcf7-form-control-wrap\" data-name=\"attestation\"><input size=\"40\" class=\"wpcf7-form-control wpcf7-file wpcf7-validates-as-required\" accept=\".pdf,.doc,.docx\" aria-required=\"true\" aria-invalid=\"false\" type=\"file\" name=\"attestation\" \/><\/span>\n<\/p>\n<p><input class=\"wpcf7-form-control wpcf7-submit has-spinner\" type=\"submit\" value=\"Envoyer l\u2019inscription\" \/><br \/>\n<button type=\"reset\" class=\"reset-button\">R\u00e9initialiser<\/button>\n<\/p>\n<style>\n.reset-button {\n background-color: #a5a5a5; \/* rouge principal *\/\n color: #fff;\n border: none;\n padding: 12px 24px;\n margin-top: 20px;\nmargin-left:70%;\n float: right; \/* place le bouton \u00e0 droite *\/\n cursor: pointer;\n border-radius: 8px;\n font-weight: 600;\n font-size: 14px;\n box-shadow: 0 4px 6px rgba(0,0,0,0.2);\n transition: all 0.3s ease;\n text-transform: uppercase; \/* texte en majuscules *\/\n}\n\n.reset-button:hover {\n background-color: #d32f2f; \/* rouge fonc\u00e9 au survol *\/\n transform: translateY(-2px); \/* l\u00e9ger effet de \"soul\u00e8vement\" *\/\n box-shadow: 0 6px 10px rgba(0,0,0,0.3);\n}\n\n.reset-button:active {\n transform: translateY(0);\n box-shadow: 0 4px 6px rgba(0,0,0,0.2);\n}\n<\/style><input type='hidden' class='wpcf7-pum' value='{\"closepopup\":false,\"closedelay\":0,\"openpopup\":false,\"openpopup_id\":0}' \/><div class=\"wpcf7-response-output\" aria-hidden=\"true\"><\/div>\n<\/form>\n<\/div>\n\n\t\t<\/div>\n\t<\/div>\n<\/div><\/div><\/div><\/div>\n<\/div>","protected":false},"excerpt":{"rendered":"\ud83c\udfa8 FORMULAIRE D\u2019INSCRIPTION6\u00e8me \u00e9dition du concours euro-m\u00e9diterran\u00e9en en cr\u00e9ation et design WOOD INNOV DESIGN Nom et pr\u00e9nom :* N\u00b0CIN ou N\u00b0Passeport : Nationalit\u00e9 : Type de participation :* Individuelle\u00c9quipe \ud83d\udcde Coordonn\u00e9es du candidat ou chef de file : T\u00e9l\u00e9phone :*...","protected":false},"author":1,"featured_media":0,"parent":0,"menu_order":0,"comment_status":"open","ping_status":"closed","template":"","meta":{"footnotes":""},"class_list":["post-1070","page","type-page","status-publish","hentry"],"_links":{"self":[{"href":"https:\/\/centeribil.com\/index.php?rest_route=\/wp\/v2\/pages\/1070","targetHints":{"allow":["GET"]}}],"collection":[{"href":"https:\/\/centeribil.com\/index.php?rest_route=\/wp\/v2\/pages"}],"about":[{"href":"https:\/\/centeribil.com\/index.php?rest_route=\/wp\/v2\/types\/page"}],"author":[{"embeddable":true,"href":"https:\/\/centeribil.com\/index.php?rest_route=\/wp\/v2\/users\/1"}],"replies":[{"embeddable":true,"href":"https:\/\/centeribil.com\/index.php?rest_route=%2Fwp%2Fv2%2Fcomments&post=1070"}],"version-history":[{"count":4,"href":"https:\/\/centeribil.com\/index.php?rest_route=\/wp\/v2\/pages\/1070\/revisions"}],"predecessor-version":[{"id":1765,"href":"https:\/\/centeribil.com\/index.php?rest_route=\/wp\/v2\/pages\/1070\/revisions\/1765"}],"wp:attachment":[{"href":"https:\/\/centeribil.com\/index.php?rest_route=%2Fwp%2Fv2%2Fmedia&parent=1070"}],"curies":[{"name":"wp","href":"https:\/\/api.w.org\/{rel}","templated":true}]}}