{"id":1077,"date":"2025-07-11T14:35:12","date_gmt":"2025-07-11T14:35:12","guid":{"rendered":"https:\/\/centeribil.com\/?page_id=1077"},"modified":"2026-03-18T09:34:12","modified_gmt":"2026-03-18T09:34:12","slug":"demande-devis-de-formation","status":"publish","type":"page","link":"https:\/\/centeribil.com\/?page_id=1077","title":{"rendered":"Demande devis de formation"},"content":{"rendered":"<div class=\"wpb-content-wrapper\"><div class=\"vc_row wpb_row vc_row-fluid\"><div class=\"wpb_column vc_column_container vc_col-sm-12\"><div class=\"vc_column-inner\"><div class=\"wpb_wrapper\"><h1 class='heading-middle  style-1' ><span>\ud83c\udfa8 Demander un Devis de  Formation<\/span><\/h1>\n\t<div class=\"wpb_raw_code wpb_raw_html wpb_content_element\" >\n\t\t<div class=\"wpb_wrapper\">\n\t\t\t\n<div class=\"wpcf7 no-js\" id=\"wpcf7-f1079-o1\" lang=\"en-US\" dir=\"ltr\" data-wpcf7-id=\"1079\">\n<div class=\"screen-reader-response\"><p role=\"status\" aria-live=\"polite\" aria-atomic=\"true\"><\/p> <ul><\/ul><\/div>\n<form action=\"\/index.php?rest_route=%2Fwp%2Fv2%2Fpages%2F1077#wpcf7-f1079-o1\" method=\"post\" class=\"wpcf7-form init\" aria-label=\"Contact form\" novalidate=\"novalidate\" data-status=\"init\">\n<fieldset class=\"hidden-fields-container\"><input type=\"hidden\" name=\"_wpcf7\" value=\"1079\" \/><input type=\"hidden\" name=\"_wpcf7_version\" value=\"6.1.4\" \/><input type=\"hidden\" name=\"_wpcf7_locale\" value=\"en_US\" \/><input type=\"hidden\" name=\"_wpcf7_unit_tag\" value=\"wpcf7-f1079-o1\" \/><input type=\"hidden\" name=\"_wpcf7_container_post\" value=\"0\" \/><input type=\"hidden\" name=\"_wpcf7_posted_data_hash\" value=\"\" \/><input type=\"hidden\" name=\"_wpcf7cf_hidden_group_fields\" value=\"[]\" \/><input type=\"hidden\" name=\"_wpcf7cf_hidden_groups\" value=\"[]\" \/><input type=\"hidden\" name=\"_wpcf7cf_visible_groups\" value=\"[]\" \/><input type=\"hidden\" name=\"_wpcf7cf_repeaters\" value=\"[]\" \/><input type=\"hidden\" name=\"_wpcf7cf_steps\" value=\"{}\" \/><input type=\"hidden\" name=\"_wpcf7cf_options\" value=\"{&quot;form_id&quot;:1079,&quot;conditions&quot;:[{&quot;then_field&quot;:&quot;group-826&quot;,&quot;and_rules&quot;:[{&quot;if_field&quot;:&quot;categorie&quot;,&quot;operator&quot;:&quot;equals&quot;,&quot;if_value&quot;:&quot;Conception et design produit&quot;}]},{&quot;then_field&quot;:&quot;group-146&quot;,&quot;and_rules&quot;:[{&quot;if_field&quot;:&quot;categorie&quot;,&quot;operator&quot;:&quot;equals&quot;,&quot;if_value&quot;:&quot;M\\u00e9tier du bois&quot;}]},{&quot;then_field&quot;:&quot;group-562&quot;,&quot;and_rules&quot;:[{&quot;if_field&quot;:&quot;categorie&quot;,&quot;operator&quot;:&quot;equals&quot;,&quot;if_value&quot;:&quot;Gestion et am\\u00e9lioration de la productivit\\u00e9&quot;}]},{&quot;then_field&quot;:&quot;group-129&quot;,&quot;and_rules&quot;:[{&quot;if_field&quot;:&quot;categorie&quot;,&quot;operator&quot;:&quot;equals&quot;,&quot;if_value&quot;:&quot;Qualit\\u00e9&quot;}]}],&quot;settings&quot;:{&quot;animation&quot;:&quot;yes&quot;,&quot;animation_intime&quot;:200,&quot;animation_outtime&quot;:200,&quot;conditions_ui&quot;:&quot;normal&quot;,&quot;notice_dismissed&quot;:false,&quot;notice_dismissed_update-cf7-6.1.2&quot;:true}}\" \/>\n<\/fieldset>\n<link rel=\"stylesheet\" href=\"https:\/\/centeribil.com\/wp-content\/plugins\/pdf-forms-for-contact-form-7\/css\/frontend.css\" \/><script type=\"text\/javascript\" src=\"https:\/\/centeribil.com\/wp-content\/plugins\/pdf-forms-for-contact-form-7\/js\/frontend.js?ver=2.2.5\"><\/script><style> \n .form-grid {\n display: flex;\n flex-wrap: wrap;\n gap: 1rem;\n }\n\n .fullwidth {\n flex: 1 1 100%;\n }\n\n .halfwidth {\n flex: 1 1 48%;\n }\n\n .theme-group {\n border: 1px solid #ccc;\n padding: 1rem;\n margin-bottom: 1rem;\n border-radius: 8px;\n background-color: #f9f9f9;\n position: relative;\n }\n\n .remove-theme {\n position: absolute;\n top: 8px;\n right: 8px;\n background: #ff6b6b;\n color: #fff;\n border: none;\n border-radius: 5px;\n padding: 0.3rem 0.6rem;\n cursor: pointer;\n font-size: 0.85rem;\n }\n\n #add-theme {\n background-color: #f9a067;\n border: none;\n padding: 0.6rem 1.2rem;\n border-radius: 5px;\n cursor: pointer;\n display: block;\n margin: 1rem 0;\n color: #fff;\n font-weight: bold;\n }\n\n @media (max-width: 768px) {\n .halfwidth {\n flex: 1 1 100%;\n }\n }\n<\/style>\n<div class=\"form-grid\">\n\t<p><label class=\"fullwidth\">Type de participant* :<\/label>\n\t<\/p>\n\t<div class=\"fullwidth\">\n\t\t<p><span class=\"wpcf7-form-control-wrap\" data-name=\"type-participant\"><span class=\"wpcf7-form-control wpcf7-radio\"><span class=\"wpcf7-list-item first\"><label><input type=\"radio\" name=\"type-participant\" value=\"Particulier\" \/><span class=\"wpcf7-list-item-label\">Particulier<\/span><\/label><\/span><span class=\"wpcf7-list-item last\"><label><input type=\"radio\" name=\"type-participant\" value=\"Entreprise\" \/><span class=\"wpcf7-list-item-label\">Entreprise<\/span><\/label><\/span><\/span><\/span>\n\t\t<\/p>\n\t<\/div>\n\t<p><label class=\"fullwidth\">Raison sociale ou nom et pr\u00e9nom* :<\/label><br \/>\n<span class=\"wpcf7-form-control-wrap\" data-name=\"raison-nom\"><input size=\"40\" maxlength=\"400\" class=\"wpcf7-form-control wpcf7-text wpcf7-validates-as-required fullwidth\" aria-required=\"true\" aria-invalid=\"false\" value=\"\" type=\"text\" name=\"raison-nom\" \/><\/span>\n\t<\/p>\n\t<p><label class=\"halfwidth\">T\u00e9l\u00e9phone* :<\/label><br \/>\n<span class=\"wpcf7-form-control-wrap\" data-name=\"telephone\"><input size=\"40\" maxlength=\"400\" class=\"wpcf7-form-control wpcf7-tel wpcf7-validates-as-required wpcf7-text wpcf7-validates-as-tel halfwidth\" aria-required=\"true\" aria-invalid=\"false\" value=\"\" type=\"tel\" name=\"telephone\" \/><\/span>\n\t<\/p>\n\t<p><label class=\"halfwidth\">Adresse email* :<\/label><br \/>\n<span class=\"wpcf7-form-control-wrap\" data-name=\"email\"><input size=\"40\" maxlength=\"400\" class=\"wpcf7-form-control wpcf7-email wpcf7-validates-as-required wpcf7-text wpcf7-validates-as-email halfwidth\" aria-required=\"true\" aria-invalid=\"false\" value=\"\" type=\"email\" name=\"email\" \/><\/span>\n\t<\/p>\n\t<p><label class=\"fullwidth\">Modalit\u00e9 de paiement :<\/label>\n\t<\/p>\n\t<div class=\"fullwidth\">\n\t\t<p><span class=\"wpcf7-form-control-wrap\" data-name=\"radio-857\"><span class=\"wpcf7-form-control wpcf7-radio\"><span class=\"wpcf7-list-item first\"><label><input type=\"radio\" name=\"radio-857\" value=\"Direct\" \/><span class=\"wpcf7-list-item-label\">Direct<\/span><\/label><\/span><span class=\"wpcf7-list-item last\"><label><input type=\"radio\" name=\"radio-857\" value=\"CNFCPP (Droit de tirage\/Cr\u00e9dit d\u2019imp\u00f4t)\" \/><span class=\"wpcf7-list-item-label\">CNFCPP (Droit de tirage\/Cr\u00e9dit d\u2019imp\u00f4t)<\/span><\/label><\/span><\/span><\/span>\n\t\t<\/p>\n\t<\/div>\n\t<p><label class=\"fullwidth\">Adresse* :<\/label><br \/>\n<span class=\"wpcf7-form-control-wrap\" data-name=\"adresse\"><textarea cols=\"40\" rows=\"10\" maxlength=\"2000\" class=\"wpcf7-form-control wpcf7-textarea wpcf7-validates-as-required fullwidth\" aria-required=\"true\" aria-invalid=\"false\" name=\"adresse\"><\/textarea><\/span>\n\t<\/p>\n\t<p><label class=\"fullwidth\">Lieu souhait\u00e9 de la formation :<\/label>\n\t<\/p>\n\t<div class=\"fullwidth\">\n\t\t<p><span class=\"wpcf7-form-control-wrap\" data-name=\"lieu\"><span class=\"wpcf7-form-control wpcf7-radio\"><span class=\"wpcf7-list-item first\"><label><input type=\"radio\" name=\"lieu\" value=\"CETIBA\" \/><span class=\"wpcf7-list-item-label\">CETIBA<\/span><\/label><\/span><span class=\"wpcf7-list-item last\"><label><input type=\"radio\" name=\"lieu\" value=\"Autre\" \/><span class=\"wpcf7-list-item-label\">Autre<\/span><\/label><\/span><\/span><\/span>\n\t\t<\/p>\n\t<\/div>\n<\/div>\n\n<!-- Bloc Th\u00e8mes de formation -->\n<div id=\"theme-container\">\n\t<div class=\"theme-group\">\n\t\t<p><button type=\"button\" class=\"remove-theme\" style=\"display:none;\">\u00d7<\/button>\n\t\t<\/p>\n\t\t<p><label>Cat\u00e9gorie de formation* :<\/label><br \/>\n<span class=\"wpcf7-form-control-wrap\" data-name=\"categorie\"><select class=\"wpcf7-form-control wpcf7-select wpcf7-validates-as-required\" aria-required=\"true\" aria-invalid=\"false\" name=\"categorie\"><option value=\"Conception et design produit\">Conception et design produit<\/option><option value=\"M\u00e9tier du bois\">M\u00e9tier du bois<\/option><option value=\"Gestion et am\u00e9lioration de la productivit\u00e9\">Gestion et am\u00e9lioration de la productivit\u00e9<\/option><option value=\"Qualit\u00e9\">Qualit\u00e9<\/option><\/select><\/span>\n\t\t<\/p>\n\t\t<div data-id=\"group-826\" data-orig_data_id=\"group-826\"  class=\"\" data-class=\"wpcf7cf_group\">\n\t\t\t<p><label>Th\u00e8me :<\/label><br \/>\n<span class=\"wpcf7-form-control-wrap\" data-name=\"select-366\"><select class=\"wpcf7-form-control wpcf7-select\" aria-invalid=\"false\" name=\"select-366\"><option value=\"Mise en place et la gestion d\u2019un bureau d\u2019\u00e9tudes et m\u00e9thodes : cas d\u2019une entreprise de meubles\">Mise en place et la gestion d\u2019un bureau d\u2019\u00e9tudes et m\u00e9thodes : cas d\u2019une entreprise de meubles<\/option><option value=\"Conception et fabrication assist\u00e9es par ordinateur (CFAO)\">Conception et fabrication assist\u00e9es par ordinateur (CFAO)<\/option><option value=\"Conception des cuisines\">Conception des cuisines<\/option><\/select><\/span>\n\t\t\t<\/p>\n\t\t<\/div>\n\t\t<div data-id=\"group-146\" data-orig_data_id=\"group-146\"  class=\"\" data-class=\"wpcf7cf_group\">\n\t\t\t<p><label>Th\u00e8me :<\/label><br \/>\n<span class=\"wpcf7-form-control-wrap\" data-name=\"select-845\"><select class=\"wpcf7-form-control wpcf7-select\" aria-invalid=\"false\" name=\"select-845\"><option value=\"Essences de bois couramment utilis\u00e9es en Tunisie : humidit\u00e9, s\u00e9chage, classement, etc.\">Essences de bois couramment utilis\u00e9es en Tunisie : humidit\u00e9, s\u00e9chage, classement, etc.<\/option><option value=\"Techniques de finition d\u00e9corative (Patine, c\u00e9rus\u00e9, etc.)\">Techniques de finition d\u00e9corative (Patine, c\u00e9rus\u00e9, etc.)<\/option><option value=\"Techniques d\u2019assemblage et de collage\">Techniques d\u2019assemblage et de collage<\/option><option value=\"Techniques d\u2019usinage \u00e0 commande num\u00e9rique\">Techniques d\u2019usinage \u00e0 commande num\u00e9rique<\/option><option value=\"Fabrication de cuisines\">Fabrication de cuisines<\/option><option value=\"Fabrication de carcasses\">Fabrication de carcasses<\/option><option value=\"Techniques de tapisserie\">Techniques de tapisserie<\/option><option value=\"Tournage sur bois\">Tournage sur bois<\/option><option value=\"Techniques d\u2019impression 3D\">Techniques d\u2019impression 3D<\/option><option value=\"Techniques d\u2019usinage\">Techniques d\u2019usinage<\/option><option value=\"Techniques de Tressage\">Techniques de Tressage<\/option><\/select><\/span>\n\t\t\t<\/p>\n\t\t<\/div>\n\t\t<div data-id=\"group-562\" data-orig_data_id=\"group-562\"  class=\"\" data-class=\"wpcf7cf_group\">\n\t\t\t<p><label>Th\u00e8me :<\/label><br \/>\n<span class=\"wpcf7-form-control-wrap\" data-name=\"select-633\"><select class=\"wpcf7-form-control wpcf7-select\" aria-invalid=\"false\" name=\"select-633\"><option value=\"Ma\u00eetrise du calcul du co\u00fbt de revient d\u2019un meuble\">Ma\u00eetrise du calcul du co\u00fbt de revient d\u2019un meuble<\/option><option value=\"\u00c9laboration d\u2019un dossier de fabrication de meubles\">\u00c9laboration d\u2019un dossier de fabrication de meubles<\/option><option value=\"Gestion des stocks et approvisionnement\">Gestion des stocks et approvisionnement<\/option><option value=\"Ordonnancement, lancement et planification de la production\">Ordonnancement, lancement et planification de la production<\/option><\/select><\/span>\n\t\t\t<\/p>\n\t\t<\/div>\n\t\t<div data-id=\"group-129\" data-orig_data_id=\"group-129\"  class=\"\" data-class=\"wpcf7cf_group\">\n\t\t\t<p><label>Th\u00e8me :<\/label><br \/>\n<span class=\"wpcf7-form-control-wrap\" data-name=\"select-310\"><select class=\"wpcf7-form-control wpcf7-select\" aria-invalid=\"false\" name=\"select-310\"><option value=\"Qualit\u00e9 du produit d\u2019ameublement : exigences normatives et m\u00e9thodes de contr\u00f4le\">Qualit\u00e9 du produit d\u2019ameublement : exigences normatives et m\u00e9thodes de contr\u00f4le<\/option><option value=\"Outils de s\u00e9curit\u00e9 dans les m\u00e9tiers du bois\">Outils de s\u00e9curit\u00e9 dans les m\u00e9tiers du bois<\/option><option value=\"Normalisation et certification des produits\">Normalisation et certification des produits<\/option><option value=\"Exigences de la norme ISO 9001\">Exigences de la norme ISO 9001<\/option><option value=\"Caract\u00e9ristiques techniques des cahiers des charges pour l\u2019achat public de mobiliers\">Caract\u00e9ristiques techniques des cahiers des charges pour l\u2019achat public de mobiliers<\/option><option value=\"Exigences normatives appliqu\u00e9es aux portes coupe-feu\">Exigences normatives appliqu\u00e9es aux portes coupe-feu<\/option><\/select><\/span>\n\t\t\t<\/p>\n\t\t<\/div>\n\t\t<p><label>Nombre de participants :<\/label><br \/>\n<span class=\"wpcf7-form-control-wrap\" data-name=\"number-190\"><input class=\"wpcf7-form-control wpcf7-number wpcf7-validates-as-number\" aria-invalid=\"false\" value=\"\" type=\"number\" name=\"number-190\" \/><\/span>\n\t\t<\/p>\n\t<\/div>\n<\/div>\n<p><button type=\"button\" id=\"add-theme\">+ Ajouter un autre th\u00e8me<\/button>\n<\/p>\n<p><input class=\"wpcf7-form-control wpcf7-submit has-spinner\" type=\"submit\" value=\"Envoyer l\u2019inscription\" \/>\n<\/p>\n<p><script>\ndocument.addEventListener('DOMContentLoaded', function() {\n const addButton = document.getElementById('add-theme');\n const themeContainer = document.getElementById('theme-container');\n\n addButton.addEventListener('click', function() {\n const firstGroup = themeContainer.querySelector('.theme-group');\n const clone = firstGroup.cloneNode(true);\n\n \/\/ R\u00e9initialiser les champs dans le nouveau bloc\n clone.querySelectorAll('select, input, textarea').forEach(el => {\n el.value = '';\n });\n\n \/\/ Afficher le bouton de suppression sur les nouveaux blocs\n clone.querySelector('.remove-theme').style.display = 'block';\n\n \/\/ Ajouter le nouveau bloc \u00e0 la fin\n themeContainer.appendChild(clone);\n });\n\n \/\/ Suppression d\u2019un bloc de th\u00e8me\n themeContainer.addEventListener('click', function(e) {\n if (e.target.classList.contains('remove-theme')) {\n e.target.closest('.theme-group').remove();\n }\n });\n});\n<\/script>\n<\/p><input type='hidden' class='wpcf7-pum' value='{\"closepopup\":false,\"closedelay\":0,\"openpopup\":false,\"openpopup_id\":0}' \/><div class=\"wpcf7-response-output\" aria-hidden=\"true\"><\/div>\n<\/form>\n<\/div>\n\n\t\t<\/div>\n\t<\/div>\n<\/div><\/div><\/div><\/div>\n<\/div>","protected":false},"excerpt":{"rendered":"\ud83c\udfa8 Demander un Devis de Formation Type de participant* : ParticulierEntreprise Raison sociale ou nom et pr\u00e9nom* : T\u00e9l\u00e9phone* : Adresse email* : Modalit\u00e9 de paiement : DirectCNFCPP (Droit de tirage\/Cr\u00e9dit d\u2019imp\u00f4t) Adresse* : Lieu souhait\u00e9 de la formation :...","protected":false},"author":1,"featured_media":0,"parent":0,"menu_order":0,"comment_status":"open","ping_status":"closed","template":"","meta":{"footnotes":""},"class_list":["post-1077","page","type-page","status-publish","hentry"],"_links":{"self":[{"href":"https:\/\/centeribil.com\/index.php?rest_route=\/wp\/v2\/pages\/1077","targetHints":{"allow":["GET"]}}],"collection":[{"href":"https:\/\/centeribil.com\/index.php?rest_route=\/wp\/v2\/pages"}],"about":[{"href":"https:\/\/centeribil.com\/index.php?rest_route=\/wp\/v2\/types\/page"}],"author":[{"embeddable":true,"href":"https:\/\/centeribil.com\/index.php?rest_route=\/wp\/v2\/users\/1"}],"replies":[{"embeddable":true,"href":"https:\/\/centeribil.com\/index.php?rest_route=%2Fwp%2Fv2%2Fcomments&post=1077"}],"version-history":[{"count":4,"href":"https:\/\/centeribil.com\/index.php?rest_route=\/wp\/v2\/pages\/1077\/revisions"}],"predecessor-version":[{"id":2169,"href":"https:\/\/centeribil.com\/index.php?rest_route=\/wp\/v2\/pages\/1077\/revisions\/2169"}],"wp:attachment":[{"href":"https:\/\/centeribil.com\/index.php?rest_route=%2Fwp%2Fv2%2Fmedia&parent=1077"}],"curies":[{"name":"wp","href":"https:\/\/api.w.org\/{rel}","templated":true}]}}