{"id":11,"date":"2014-11-11T11:14:05","date_gmt":"2014-11-11T11:14:05","guid":{"rendered":"http:\/\/anpsthemes.com\/constructo\/?page_id=11"},"modified":"2026-03-25T09:22:45","modified_gmt":"2026-03-25T09:22:45","slug":"a-propos-2","status":"publish","type":"page","link":"https:\/\/centeribil.com\/?page_id=11","title":{"rendered":"A PROPOS"},"content":{"rendered":"<div class=\"wpb-content-wrapper\"><div class=\"vc_row wpb_row vc_row-fluid\"><div class=\"wpb_column vc_column_container vc_col-sm-12\"><div class=\"vc_column-inner\"><div class=\"wpb_wrapper\"><div class=\"vc_row wpb_row vc_inner vc_row-fluid\"><div class=\"wpb_column vc_column_container vc_col-sm-6\"><div class=\"vc_column-inner\"><div class=\"wpb_wrapper\">\n\t<div class=\"wpb_text_column wpb_content_element\" >\n\t\t<div class=\"wpb_wrapper\">\n\t\t\t<p><u>Statut et Structure <\/u><\/p>\n<p>Le Centre Technique de l&rsquo;Industrie du Bois et de l&rsquo;Ameublement (CETIBA) est une personne morale d&rsquo;int\u00e9r\u00eat \u00e9conomique public, soumise aux dispositions du Code des Soci\u00e9t\u00e9s Commerciales. Il est dot\u00e9 de la personnalit\u00e9 civile et de l&rsquo;autonomie financi\u00e8re, et est plac\u00e9 sous la tutelle du <span style=\"font-weight: 400;\">Minist\u00e8re de l&rsquo;Industrie, des Mines et de l&rsquo;\u00c9nergie<\/span>. Le CETIBA a \u00e9t\u00e9 cr\u00e9\u00e9 par arr\u00eat\u00e9 du Ministre de l&rsquo;Industrie le 29 f\u00e9vrier 1996, \u00e0 la demande de la profession et conform\u00e9ment \u00e0 la loi n\u00b0 123 du 28 novembre 1994 relative aux centres techniques industriels. Il a d\u00e9marr\u00e9 ses activit\u00e9s \u00e0 la fin de l&rsquo;ann\u00e9e 1997.<\/p>\n<p>Le CETIBA \u0153uvre au d\u00e9veloppement du secteur du bois et de l&rsquo;ameublement en articulant ses actions autour de trois grands axes strat\u00e9giques :<\/p>\n<ul>\n<li>D\u00e9velopper le secteur du bois et de l\u2019ameublement en s\u2019appuyant sur la technologie, l\u2019\u00e9conomie, le marketing et l\u2019environnement pour accompagner les entreprises \u00e0 innover \u00e0 travers la formation, l\u2019assistance technique, les essais de produits finis et de mati\u00e8res premi\u00e8res, etc.<\/li>\n<li>Entreprendre des actions de mise \u00e0 niveau du secteur afin lui permettre de consolider sa position sur le march\u00e9 local et de conqu\u00e9rir de nouveaux march\u00e9s par le biais de la normalisation, la qualit\u00e9, la technologie de pointe, etc.<\/li>\n<li>Acqu\u00e9rir, centraliser, g\u00e9rer et diffuser l&rsquo;information scientifique et technologique issue de la recherche et du d\u00e9veloppement, de la veille technologique, de la documentation, etc.<\/li>\n<\/ul>\n\n\t\t<\/div>\n\t<\/div>\n<\/div><\/div><\/div><div class=\"wpb_column vc_column_container vc_col-sm-6\"><div class=\"vc_column-inner\"><div class=\"wpb_wrapper\">\n\t<div  class=\"wpb_single_image wpb_content_element vc_align_left wpb_content_element\">\n\t\t\n\t\t<figure class=\"wpb_wrapper vc_figure\">\n\t\t\t<div class=\"vc_single_image-wrapper   vc_box_border_grey\"><img fetchpriority=\"high\" decoding=\"async\" width=\"1600\" height=\"1600\" src=\"https:\/\/centeribil.com\/wp-content\/uploads\/2025\/07\/WhatsApp-Image-2025-07-28-a-08.44.18_965caf2f.jpg\" class=\"vc_single_image-img attachment-full\" alt=\"\" title=\"cetiba\" srcset=\"https:\/\/centeribil.com\/wp-content\/uploads\/2025\/07\/WhatsApp-Image-2025-07-28-a-08.44.18_965caf2f.jpg 1600w, https:\/\/centeribil.com\/wp-content\/uploads\/2025\/07\/WhatsApp-Image-2025-07-28-a-08.44.18_965caf2f-300x300.jpg 300w, https:\/\/centeribil.com\/wp-content\/uploads\/2025\/07\/WhatsApp-Image-2025-07-28-a-08.44.18_965caf2f-1024x1024.jpg 1024w, https:\/\/centeribil.com\/wp-content\/uploads\/2025\/07\/WhatsApp-Image-2025-07-28-a-08.44.18_965caf2f-150x150.jpg 150w, https:\/\/centeribil.com\/wp-content\/uploads\/2025\/07\/WhatsApp-Image-2025-07-28-a-08.44.18_965caf2f-768x768.jpg 768w, https:\/\/centeribil.com\/wp-content\/uploads\/2025\/07\/WhatsApp-Image-2025-07-28-a-08.44.18_965caf2f-1536x1536.jpg 1536w, https:\/\/centeribil.com\/wp-content\/uploads\/2025\/07\/WhatsApp-Image-2025-07-28-a-08.44.18_965caf2f-360x360.jpg 360w, https:\/\/centeribil.com\/wp-content\/uploads\/2025\/07\/WhatsApp-Image-2025-07-28-a-08.44.18_965caf2f-1200x1200.jpg 1200w, https:\/\/centeribil.com\/wp-content\/uploads\/2025\/07\/WhatsApp-Image-2025-07-28-a-08.44.18_965caf2f-600x600.jpg 600w, https:\/\/centeribil.com\/wp-content\/uploads\/2025\/07\/WhatsApp-Image-2025-07-28-a-08.44.18_965caf2f-100x100.jpg 100w\" sizes=\"(max-width: 1600px) 100vw, 1600px\" \/><\/div>\n\t\t<\/figure>\n\t<\/div>\n<\/div><\/div><\/div><\/div><\/div><\/div><\/div><\/div><div class=\"vc_row wpb_row vc_row-fluid vc_custom_1752841385187 vc_row-has-fill\"><div class=\"wpb_column vc_column_container vc_col-sm-12\"><div class=\"vc_column-inner\"><div class=\"wpb_wrapper\"><h1 class='heading-middle  style-1' ><span>Conseil d\u2019Administration du CETIBA<\/span><\/h1><div class=\"vc_empty_space\"   style=\"height: 32px\"><span class=\"vc_empty_space_inner\"><\/span><\/div><\/div><\/div><\/div><div class=\"wpb_column vc_column_container vc_col-sm-3\"><div class=\"vc_column-inner\"><div class=\"wpb_wrapper\"><h5 class='heading-middle  divider-sm' ><span>Khaled SELLAMI<em class=\"heading-subtitle\">Pr\u00e9sident<\/em><\/span><\/h5>\n\t<div class=\"wpb_text_column wpb_content_element\" >\n\t\t<div class=\"wpb_wrapper\">\n\t\t\t<p style=\"text-align: center;\">F\u00e9d\u00e9ration Nationale du Bois et du Bois et de l\u2019Ameublement<\/p>\n\n\t\t<\/div>\n\t<\/div>\n<\/div><\/div><\/div><div class=\"wpb_column vc_column_container vc_col-sm-3\"><div class=\"vc_column-inner\"><div class=\"wpb_wrapper\"><h5 class='heading-middle  divider-sm' ><span>Mounir  BASLY<em class=\"heading-subtitle\">Membre<\/em><\/span><\/h5>\n\t<div class=\"wpb_text_column wpb_content_element\" >\n\t\t<div class=\"wpb_wrapper\">\n\t\t\t<p style=\"text-align: center;\">Chambre Syndicale Nationale des meubles de Collectivit\u00e9s<\/p>\n\n\t\t<\/div>\n\t<\/div>\n<\/div><\/div><\/div><div class=\"wpb_column vc_column_container vc_col-sm-3\"><div class=\"vc_column-inner\"><div class=\"wpb_wrapper\"><h5 class='heading-middle  divider-sm' ><span>Mejdi SELLAMI<em class=\"heading-subtitle\">Membre<\/em><\/span><\/h5>\n\t<div class=\"wpb_text_column wpb_content_element\" >\n\t\t<div class=\"wpb_wrapper\">\n\t\t\t<p style=\"text-align: center;\">Minist\u00e8re de l\u2019\u00c9conomie et de la Planification<\/p>\n\n\t\t<\/div>\n\t<\/div>\n<\/div><\/div><\/div><div class=\"wpb_column vc_column_container vc_col-sm-3\"><div class=\"vc_column-inner\"><div class=\"wpb_wrapper\"><h5 class='heading-middle  divider-sm' ><span>Karima BARGAOUI<em class=\"heading-subtitle\">Membre<\/em><\/span><\/h5>\n\t<div class=\"wpb_text_column wpb_content_element\" >\n\t\t<div class=\"wpb_wrapper\">\n\t\t\t<header>\n<div class=\"hover\" style=\"text-align: center;\">Minist\u00e8re des Finances<\/div>\n<\/header>\n\n\t\t<\/div>\n\t<\/div>\n<\/div><\/div><\/div><\/div><div class=\"vc_row wpb_row vc_row-fluid\"><div class=\"wpb_column vc_column_container vc_col-sm-12\"><div class=\"vc_column-inner\"><div class=\"wpb_wrapper\"><div class=\"vc_empty_space\"   style=\"height: 32px\"><span class=\"vc_empty_space_inner\"><\/span><\/div><\/div><\/div><\/div><div class=\"wpb_column vc_column_container vc_col-sm-3\"><div class=\"vc_column-inner\"><div class=\"wpb_wrapper\"><h5 class='heading-middle  divider-sm' ><span>Mondher BOUASSIDA<em class=\"heading-subtitle\">Membre<\/em><\/span><\/h5><\/div><\/div><\/div><div class=\"wpb_column vc_column_container vc_col-sm-3\"><div class=\"vc_column-inner\"><div class=\"wpb_wrapper\"><h5 class='heading-middle  divider-sm' ><span>Riadh ZAALOUNI<em class=\"heading-subtitle\">Membre<\/em><\/span><\/h5>\n\t<div class=\"wpb_text_column wpb_content_element\" >\n\t\t<div class=\"wpb_wrapper\">\n\t\t\t<header>\n<div class=\"hover\" style=\"text-align: center;\">Minist\u00e8re de l&rsquo;Industrie, des Mines et de l&rsquo;\u00c9nergie<\/div>\n<\/header>\n\n\t\t<\/div>\n\t<\/div>\n<\/div><\/div><\/div><div class=\"wpb_column vc_column_container vc_col-sm-3\"><div class=\"vc_column-inner\"><div class=\"wpb_wrapper\"><h5 class='heading-middle  divider-sm' ><span>Sofi\u00e8ne SELLAMI<em class=\"heading-subtitle\">Membre<\/em><\/span><\/h5>\n\t<div class=\"wpb_text_column wpb_content_element\" >\n\t\t<div class=\"wpb_wrapper\">\n\t\t\t<header>\n<div class=\"hover\" style=\"text-align: center;\">Chambre Syndicale Nationale de l\u2019Industrie du Bois et ses D\u00e9riv\u00e9s<\/div>\n<\/header>\n\n\t\t<\/div>\n\t<\/div>\n<\/div><\/div><\/div><div class=\"wpb_column vc_column_container vc_col-sm-3\"><div class=\"vc_column-inner\"><div class=\"wpb_wrapper\"><h5 class='heading-middle  divider-sm' ><span>Mohamed CHAOUCH<em class=\"heading-subtitle\">Membre<\/em><\/span><\/h5>\n\t<div class=\"wpb_text_column wpb_content_element\" >\n\t\t<div class=\"wpb_wrapper\">\n\t\t\t<header>\n<div class=\"hover\" style=\"text-align: center;\">\n<header>\n<div class=\"hover\">Chambre Syndicale Nationale des Menuisiers<\/div>\n<\/header>\n<\/div>\n<\/header>\n\n\t\t<\/div>\n\t<\/div>\n<\/div><\/div><\/div><\/div><div class=\"vc_row wpb_row vc_row-fluid\"><div class=\"wpb_column vc_column_container vc_col-sm-12\"><div class=\"vc_column-inner\"><div class=\"wpb_wrapper\"><div class=\"vc_empty_space\"   style=\"height: 32px\"><span class=\"vc_empty_space_inner\"><\/span><\/div><\/div><\/div><\/div><div class=\"wpb_column vc_column_container vc_col-sm-3\"><div class=\"vc_column-inner\"><div class=\"wpb_wrapper\"><h5 class='heading-middle  divider-sm' ><span>Habib MEZGHANNI<em class=\"heading-subtitle\">Membre<\/em><\/span><\/h5>\n\t<div class=\"wpb_text_column wpb_content_element\" >\n\t\t<div class=\"wpb_wrapper\">\n\t\t\t<header>\n<div class=\"hover\" style=\"text-align: center;\">\n<header>\n<div class=\"hover\">Chambre Syndicale Nationale des Meubles de Bureaux<\/div>\n<\/header>\n<\/div>\n<\/header>\n\n\t\t<\/div>\n\t<\/div>\n<\/div><\/div><\/div><div class=\"wpb_column vc_column_container vc_col-sm-3\"><div class=\"vc_column-inner\"><div class=\"wpb_wrapper\"><h5 class='heading-middle  divider-sm' ><span>Mohamed BEN HASSEN<em class=\"heading-subtitle\">Membre<\/em><\/span><\/h5>\n\t<div class=\"wpb_text_column wpb_content_element\" >\n\t\t<div class=\"wpb_wrapper\">\n\t\t\t<header>\n<div class=\"hover\" style=\"text-align: center;\">\n<header>\n<div class=\"hover\">Chambre Syndicale Nationale des Artisans du Meuble<\/div>\n<\/header>\n<\/div>\n<\/header>\n\n\t\t<\/div>\n\t<\/div>\n<\/div><\/div><\/div><div class=\"wpb_column vc_column_container vc_col-sm-3\"><div class=\"vc_column-inner\"><div class=\"wpb_wrapper\"><h5 class='heading-middle  divider-sm' ><span>Abdelaziz KESKES<em class=\"heading-subtitle\">Membre<\/em><\/span><\/h5>\n\t<div class=\"wpb_text_column wpb_content_element\" >\n\t\t<div class=\"wpb_wrapper\">\n\t\t\t<header>\n<div class=\"hover\" style=\"text-align: center;\">\n<header>\n<div class=\"hover\">Chambre Syndicale Nationale de l\u2019Industrie du Bois<\/div>\n<\/header>\n<\/div>\n<\/header>\n\n\t\t<\/div>\n\t<\/div>\n<\/div><\/div><\/div><div class=\"wpb_column vc_column_container vc_col-sm-3\"><div class=\"vc_column-inner\"><div class=\"wpb_wrapper\"><h5 class='heading-middle  divider-sm' ><span>Slim MHIRI<em class=\"heading-subtitle\">Membre<\/em><\/span><\/h5>\n\t<div class=\"wpb_text_column wpb_content_element\" >\n\t\t<div class=\"wpb_wrapper\">\n\t\t\t<header>\n<div class=\"hover\" style=\"text-align: center;\">\n<header>\n<div class=\"hover\">\n<header>\n<div class=\"hover\">Chambre Syndicale Nationale des Importateurs du Bois<\/div>\n<\/header>\n<\/div>\n<\/header>\n<\/div>\n<\/header>\n\n\t\t<\/div>\n\t<\/div>\n<\/div><\/div><\/div><\/div><div class=\"vc_row wpb_row vc_row-fluid vc_custom_1418301066256\"><div class=\"wpb_column vc_column_container vc_col-sm-12 vc_hidden-lg vc_hidden-md vc_hidden-sm vc_hidden-xs\"><div class=\"vc_column-inner\"><div class=\"wpb_wrapper\"><\/div><\/div><\/div><\/div><div class=\"vc_row wpb_row vc_row-fluid vc_custom_1753699466737\"><div class=\"wpb_column vc_column_container vc_col-sm-2\"><div class=\"vc_column-inner\"><div class=\"wpb_wrapper\"><\/div><\/div><\/div><div class=\"wpb_column vc_column_container vc_col-sm-8\"><div class=\"vc_column-inner\"><div class=\"wpb_wrapper\">\n\t<div class=\"wpb_text_column wpb_content_element\" >\n\t\t<div class=\"wpb_wrapper\">\n\t\t\t<p><strong>CETIBA <\/strong>est compos\u00e9 d\u2019une \u00e9quipe d\u2019ing\u00e9nieurs et des techniciens, jeunes et dynamiques, structur\u00e9e autour de ses laboratoires dont les comp\u00e9tences font appel \u00e0 un savoir-faire vari\u00e9 permettant de maitriser, analyser et innover dans le domaine du bois et de l\u2019ameublement.<\/p>\n<p>Ces ing\u00e9nieurs sont \u00e9paul\u00e9s par une \u00e9quipe de cadres et agents d\u2019appui\u00a0logistique.<\/p>\n\n\t\t<\/div>\n\t<\/div>\n<\/div><\/div><\/div><div class=\"wpb_column vc_column_container vc_col-sm-2\"><div class=\"vc_column-inner\"><div class=\"wpb_wrapper\"><\/div><\/div><\/div><\/div>\n<\/div>","protected":false},"excerpt":{"rendered":"Statut et Structure Le Centre Technique de l'Industrie du Bois et de l'Ameublement (CETIBA) est une personne morale d'int\u00e9r\u00eat \u00e9conomique public, soumise aux dispositions du Code des Soci\u00e9t\u00e9s Commerciales. Il est dot\u00e9 de la personnalit\u00e9 civile et de l'autonomie financi\u00e8re,...","protected":false},"author":1,"featured_media":0,"parent":0,"menu_order":0,"comment_status":"open","ping_status":"open","template":"","meta":{"footnotes":""},"class_list":["post-11","page","type-page","status-publish","hentry"],"_links":{"self":[{"href":"https:\/\/centeribil.com\/index.php?rest_route=\/wp\/v2\/pages\/11","targetHints":{"allow":["GET"]}}],"collection":[{"href":"https:\/\/centeribil.com\/index.php?rest_route=\/wp\/v2\/pages"}],"about":[{"href":"https:\/\/centeribil.com\/index.php?rest_route=\/wp\/v2\/types\/page"}],"author":[{"embeddable":true,"href":"https:\/\/centeribil.com\/index.php?rest_route=\/wp\/v2\/users\/1"}],"replies":[{"embeddable":true,"href":"https:\/\/centeribil.com\/index.php?rest_route=%2Fwp%2Fv2%2Fcomments&post=11"}],"version-history":[{"count":36,"href":"https:\/\/centeribil.com\/index.php?rest_route=\/wp\/v2\/pages\/11\/revisions"}],"predecessor-version":[{"id":2229,"href":"https:\/\/centeribil.com\/index.php?rest_route=\/wp\/v2\/pages\/11\/revisions\/2229"}],"wp:attachment":[{"href":"https:\/\/centeribil.com\/index.php?rest_route=%2Fwp%2Fv2%2Fmedia&parent=11"}],"curies":[{"name":"wp","href":"https:\/\/api.w.org\/{rel}","templated":true}]}}