{"id":1114,"date":"2025-07-14T08:22:33","date_gmt":"2025-07-14T08:22:33","guid":{"rendered":"https:\/\/centeribil.com\/?page_id=1114"},"modified":"2026-03-25T09:05:10","modified_gmt":"2026-03-25T09:05:10","slug":"analyses-et-essais","status":"publish","type":"page","link":"https:\/\/centeribil.com\/?page_id=1114","title":{"rendered":"Analyses et Essais"},"content":{"rendered":"<div class=\"wpb-content-wrapper\"><div class=\"vc_row wpb_row vc_row-fluid\"><div class=\"wpb_column vc_column_container vc_col-sm-12\"><div class=\"vc_column-inner\"><div class=\"wpb_wrapper\"><div class=\"vc_row wpb_row vc_inner vc_row-fluid\"><div class=\"wpb_column vc_column_container vc_col-sm-6\"><div class=\"vc_column-inner\"><div class=\"wpb_wrapper\">\n\t<div class=\"wpb_text_column wpb_content_element\" >\n\t\t<div class=\"wpb_wrapper\">\n\t\t\t<div style=\"text-align: justify;\">\n  <em><br \/>\nPour \u00e9valuer et am\u00e9liorer les caract\u00e9ristiques de vos produits, le CETIBA r\u00e9alise des analyses et des essais gr\u00e2ce \u00e0 des \u00e9quipements performants et adapt\u00e9s.<br \/>\n<\/em><\/p>\n<p><strong><u>Le CETIBA dispose de :<\/u><\/strong><\/p>\n<ul>\n<li>03 laboratoires d\u2019essais accr\u00e9dit\u00e9s TUNAC selon la norme ISO CEI 17025 V2017 :<\/li>\n<p>&#8211; LEMS &#8211; Laboratoire Essais M\u00e9caniques Meubles et Si\u00e8ges<br \/>\n&#8211; LEPF &#8211; Laboratoire Essais de Performance des Finitions<br \/>\n&#8211; LAMA &#8211; Laboratoire Essais des Mat\u00e9riaux<\/ul>\n<ul>\n<li>LAMEN &#8211; Laboratoire Essais des Menuiseries<\/li>\n<li>Unit\u00e9 de m\u00e9trologie<\/li>\n<li>Plus de 60 \u00e9quipements d\u2019essais et 200 instruments de mesures &amp; contr\u00f4les<\/li>\n<\/ul>\n<p><strong><br \/>\nLes essais r\u00e9alis\u00e9s dans les laboratoires du CETIBA permettent de v\u00e9rifier la conformit\u00e9 des produits d\u2019ameublement, des menuiseries et des mat\u00e9riaux par rapport aux normes nationales, europ\u00e9ennes et internationales dans le cadre du contr\u00f4le technique \u00e0 l\u2019importation ou \u00e0 l\u2019exportation, de certification ou de d\u00e9veloppement de nouveaux produits.<br \/>\n<\/strong><\/p>\n<p>Les laboratoires du CETIBA permettent d\u2019effectuer de nombreux essais sur des produits de dimensions et de compositions diverses et vari\u00e9es, dans les domaines de :<\/p>\n<ul>\n<li><strong>L\u2019ameublement :<\/strong> Mobilier scolaire, mobilier de bureau, mobilier domestique, mousse et matelas, pu\u00e9ricultures.<\/li>\n<li><strong>La construction :<\/strong> Menuiserie (Bois et d\u00e9riv\u00e9s du bois, PVC et Aluminium), colles, mat\u00e9riaux composites, plastiques, panneaux, bois, produits de finition.<\/li>\n<\/ul>\n<p><strong><u>Unit\u00e9 de la M\u00e9trologie (UM)<\/u><\/strong><\/p>\n<p>L\u2019unit\u00e9 m\u00e9trologie permet la gestion et le suivi m\u00e9trologique des moyens d\u2019essais, des instruments de mesure et des \u00e9talons.<\/p>\n<\/div>\n\n\t\t<\/div>\n\t<\/div>\n<div class=\"vc_empty_space\"   style=\"height: 62px\"><span class=\"vc_empty_space_inner\"><\/span><\/div><\/div><\/div><\/div><div class=\"wpb_column vc_column_container vc_col-sm-6\"><div class=\"vc_column-inner\"><div class=\"wpb_wrapper\"><div class=\"vc_empty_space\"   style=\"height: 62px\"><span class=\"vc_empty_space_inner\"><\/span><\/div><div class=\"vc_empty_space\"   style=\"height: 62px\"><span class=\"vc_empty_space_inner\"><\/span><\/div>\n\t<div  class=\"wpb_single_image wpb_content_element vc_align_left wpb_content_element\">\n\t\t\n\t\t<figure class=\"wpb_wrapper vc_figure\">\n\t\t\t<div class=\"vc_single_image-wrapper   vc_box_border_grey\"><img fetchpriority=\"high\" decoding=\"async\" width=\"2560\" height=\"1709\" src=\"https:\/\/centeribil.com\/wp-content\/uploads\/2025\/07\/Analyses-et-Essais-2-scaled.jpg\" class=\"vc_single_image-img attachment-full\" alt=\"\" title=\"Analyses et Essais\" srcset=\"https:\/\/centeribil.com\/wp-content\/uploads\/2025\/07\/Analyses-et-Essais-2-scaled.jpg 2560w, https:\/\/centeribil.com\/wp-content\/uploads\/2025\/07\/Analyses-et-Essais-2-300x200.jpg 300w, https:\/\/centeribil.com\/wp-content\/uploads\/2025\/07\/Analyses-et-Essais-2-1024x684.jpg 1024w, https:\/\/centeribil.com\/wp-content\/uploads\/2025\/07\/Analyses-et-Essais-2-768x513.jpg 768w, https:\/\/centeribil.com\/wp-content\/uploads\/2025\/07\/Analyses-et-Essais-2-1536x1025.jpg 1536w, https:\/\/centeribil.com\/wp-content\/uploads\/2025\/07\/Analyses-et-Essais-2-2048x1367.jpg 2048w, https:\/\/centeribil.com\/wp-content\/uploads\/2025\/07\/Analyses-et-Essais-2-370x247.jpg 370w, https:\/\/centeribil.com\/wp-content\/uploads\/2025\/07\/Analyses-et-Essais-2-1200x801.jpg 1200w, https:\/\/centeribil.com\/wp-content\/uploads\/2025\/07\/Analyses-et-Essais-2-360x240.jpg 360w, https:\/\/centeribil.com\/wp-content\/uploads\/2025\/07\/Analyses-et-Essais-2-600x401.jpg 600w\" sizes=\"(max-width: 2560px) 100vw, 2560px\" \/><\/div>\n\t\t<\/figure>\n\t<\/div>\n<\/div><\/div><\/div><\/div><\/div><\/div><\/div><\/div><div class=\"vc_row wpb_row vc_row-fluid\"><div class=\"wpb_column vc_column_container vc_col-sm-3\"><div class=\"vc_column-inner\"><div class=\"wpb_wrapper\"><div class=\"vc-hoverbox-wrapper  vc-hoverbox-shape--rounded vc-hoverbox-align--center vc-hoverbox-direction--default vc-hoverbox-width--100\"  ontouchstart=\"\">\n  <div class=\"vc-hoverbox\">\n    <div class=\"vc-hoverbox-inner\">\n      <div class=\"vc-hoverbox-block vc-hoverbox-front\" style=\"background-image: url(https:\/\/centeribil.com\/wp-content\/uploads\/2025\/07\/LAMEN-11-1024x768.jpg);\">\n        <div class=\"vc-hoverbox-block-inner vc-hoverbox-front-inner\">\n            <h2 style=\"color: #FFFCFC;text-align: center;font-family:Abril Fatface;font-weight:400;font-style:normal\" class=\"vc_custom_heading vc_do_custom_heading\" >LAMEN - Laboratoire Essais des Menuiseries<\/h2>\n        <\/div>\n      <\/div>\n      <div class=\"vc-hoverbox-block vc-hoverbox-back\" style=\"background-color: #ebebeb;\">\n        <div class=\"vc-hoverbox-block-inner vc-hoverbox-back-inner\">\n            \n            <h3 class=\"LC20lb MBeuO DKV0Md\"><a href=\"https:\/\/centeribil.com\/lamen\/\">Voir plus<\/a><\/h3>\n\n            \n        <\/div>\n      <\/div>\n    <\/div>\n  <\/div>\n<\/div><\/div><\/div><\/div><div class=\"wpb_column vc_column_container vc_col-sm-3\"><div class=\"vc_column-inner\"><div class=\"wpb_wrapper\"><div class=\"vc-hoverbox-wrapper  vc-hoverbox-shape--rounded vc-hoverbox-align--center vc-hoverbox-direction--default vc-hoverbox-width--100\"  ontouchstart=\"\">\n  <div class=\"vc-hoverbox\">\n    <div class=\"vc-hoverbox-inner\">\n      <div class=\"vc-hoverbox-block vc-hoverbox-front\" style=\"background-image: url(https:\/\/centeribil.com\/wp-content\/uploads\/2025\/07\/LAMA-107-1024x768.jpg);\">\n        <div class=\"vc-hoverbox-block-inner vc-hoverbox-front-inner\">\n            <h2 style=\"color: #FFFCFC;text-align: center;font-family:Abril Fatface;font-weight:400;font-style:normal\" class=\"vc_custom_heading vc_do_custom_heading\" >LAMA - Laboratoire Essais des Mat\u00e9riaux<\/h2>\n        <\/div>\n      <\/div>\n      <div class=\"vc-hoverbox-block vc-hoverbox-back\" style=\"background-color: #ebebeb;\">\n        <div class=\"vc-hoverbox-block-inner vc-hoverbox-back-inner\">\n            \n            <h3 class=\"LC20lb MBeuO DKV0Md\"><a href=\"https:\/\/centeribil.com\/lama\/\">Voir plus<\/a><\/h3>\n\n            \n        <\/div>\n      <\/div>\n    <\/div>\n  <\/div>\n<\/div><\/div><\/div><\/div><div class=\"wpb_column vc_column_container vc_col-sm-3\"><div class=\"vc_column-inner\"><div class=\"wpb_wrapper\"><div class=\"vc-hoverbox-wrapper  vc-hoverbox-shape--rounded vc-hoverbox-align--center vc-hoverbox-direction--default vc-hoverbox-width--100\"  ontouchstart=\"\">\n  <div class=\"vc-hoverbox\">\n    <div class=\"vc-hoverbox-inner\">\n      <div class=\"vc-hoverbox-block vc-hoverbox-front\" style=\"background-image: url(https:\/\/centeribil.com\/wp-content\/uploads\/2025\/07\/LEPF-35-1024x768.jpg);\">\n        <div class=\"vc-hoverbox-block-inner vc-hoverbox-front-inner\">\n            <h2 style=\"color: #FFFCFC;text-align: center;font-family:Abril Fatface;font-weight:400;font-style:normal\" class=\"vc_custom_heading vc_do_custom_heading\" >LEPF - Laboratoire Essais de Performance des Finitions<\/h2>\n        <\/div>\n      <\/div>\n      <div class=\"vc-hoverbox-block vc-hoverbox-back\" style=\"background-color: #ebebeb;\">\n        <div class=\"vc-hoverbox-block-inner vc-hoverbox-back-inner\">\n            \n            <h3 class=\"LC20lb MBeuO DKV0Md\"><a href=\"https:\/\/centeribil.com\/lepf\/\">Voir plus<\/a><\/h3>\n\n            \n        <\/div>\n      <\/div>\n    <\/div>\n  <\/div>\n<\/div><\/div><\/div><\/div><div class=\"wpb_column vc_column_container vc_col-sm-3\"><div class=\"vc_column-inner\"><div class=\"wpb_wrapper\"><div class=\"vc-hoverbox-wrapper  vc-hoverbox-shape--rounded vc-hoverbox-align--center vc-hoverbox-direction--default vc-hoverbox-width--100\"  ontouchstart=\"\">\n  <div class=\"vc-hoverbox\">\n    <div class=\"vc-hoverbox-inner\">\n      <div class=\"vc-hoverbox-block vc-hoverbox-front\" style=\"background-image: url(https:\/\/centeribil.com\/wp-content\/uploads\/2025\/07\/LEMS-20-1024x768.jpg);\">\n        <div class=\"vc-hoverbox-block-inner vc-hoverbox-front-inner\">\n            <h2 style=\"color: #FFFCFC;text-align: center;font-family:Abril Fatface;font-weight:400;font-style:normal\" class=\"vc_custom_heading vc_do_custom_heading\" >LEMS<\/h2>\n        <\/div>\n      <\/div>\n      <div class=\"vc-hoverbox-block vc-hoverbox-back\" style=\"background-color: #ebebeb;\">\n        <div class=\"vc-hoverbox-block-inner vc-hoverbox-back-inner\">\n            \n            <h3 class=\"LC20lb MBeuO DKV0Md\"><a href=\"https:\/\/centeribil.com\/lems\/\">Voir plus<\/a><\/h3>\n\n            \n        <\/div>\n      <\/div>\n    <\/div>\n  <\/div>\n<\/div><\/div><\/div><\/div><\/div>\n<\/div>","protected":false},"excerpt":{"rendered":"Pour \u00e9valuer et am\u00e9liorer les caract\u00e9ristiques de vos produits, le CETIBA r\u00e9alise des analyses et des essais gr\u00e2ce \u00e0 des \u00e9quipements performants et adapt\u00e9s. Le CETIBA dispose de : 03 laboratoires d\u2019essais accr\u00e9dit\u00e9s TUNAC selon la norme ISO CEI 17025...","protected":false},"author":1,"featured_media":0,"parent":0,"menu_order":0,"comment_status":"open","ping_status":"closed","template":"","meta":{"footnotes":""},"class_list":["post-1114","page","type-page","status-publish","hentry"],"_links":{"self":[{"href":"https:\/\/centeribil.com\/index.php?rest_route=\/wp\/v2\/pages\/1114","targetHints":{"allow":["GET"]}}],"collection":[{"href":"https:\/\/centeribil.com\/index.php?rest_route=\/wp\/v2\/pages"}],"about":[{"href":"https:\/\/centeribil.com\/index.php?rest_route=\/wp\/v2\/types\/page"}],"author":[{"embeddable":true,"href":"https:\/\/centeribil.com\/index.php?rest_route=\/wp\/v2\/users\/1"}],"replies":[{"embeddable":true,"href":"https:\/\/centeribil.com\/index.php?rest_route=%2Fwp%2Fv2%2Fcomments&post=1114"}],"version-history":[{"count":18,"href":"https:\/\/centeribil.com\/index.php?rest_route=\/wp\/v2\/pages\/1114\/revisions"}],"predecessor-version":[{"id":2226,"href":"https:\/\/centeribil.com\/index.php?rest_route=\/wp\/v2\/pages\/1114\/revisions\/2226"}],"wp:attachment":[{"href":"https:\/\/centeribil.com\/index.php?rest_route=%2Fwp%2Fv2%2Fmedia&parent=1114"}],"curies":[{"name":"wp","href":"https:\/\/api.w.org\/{rel}","templated":true}]}}