{"id":1182,"date":"2025-07-14T12:36:23","date_gmt":"2025-07-14T12:36:23","guid":{"rendered":"https:\/\/centeribil.com\/?page_id=1182"},"modified":"2025-10-08T10:27:54","modified_gmt":"2025-10-08T10:27:54","slug":"formation-et-encadrement","status":"publish","type":"page","link":"https:\/\/centeribil.com\/?page_id=1182","title":{"rendered":"Formation et encadrement"},"content":{"rendered":"<div class=\"wpb-content-wrapper\"><div class=\"vc_row wpb_row vc_row-fluid\"><div class=\"wpb_column vc_column_container vc_col-sm-6\"><div class=\"vc_column-inner\"><div class=\"wpb_wrapper\">\n\t<div class=\"wpb_text_column wpb_content_element\" >\n\t\t<div class=\"wpb_wrapper\">\n\t\t\t<div style=\"text-align: justify;\">\n  <em><br \/>\nPour le d\u00e9veloppement de vos ressources humaines et l\u2019am\u00e9lioration de vos comp\u00e9tences professionnelles, le CETIBA met \u00e0 votre disposition un programme de formation qui r\u00e9pond \u00e0 vos besoins et est anim\u00e9 par des experts qualifi\u00e9s avec des moyens tr\u00e8s d\u00e9velopp\u00e9s.<br \/>\n<\/em><\/p>\n<p>Le CETIBA assure :<\/p>\n<ul>\n<li>Le diagnostic des besoins en formation et l\u2019\u00e9laboration d\u2019un plan de formation<\/li>\n<li>La r\u00e9alisation des s\u00e9minaires d\u2019information et de sensibilisation<\/li>\n<li>\n      L\u2019animation des sessions de formation personnalis\u00e9es et anim\u00e9es par des experts m\u00e9tiers :<\/p>\n<ul>\n<li>En inter-entreprises<\/li>\n<li>En intra-entreprises<\/li>\n<li>Et pour les nouveaux promoteurs<\/li>\n<\/ul>\n<\/li>\n<li>La pr\u00e9paration et la r\u00e9alisation d\u2019un programme de formation annuel qui r\u00e9pond aux besoins du secteur et au d\u00e9veloppement technologique<\/li>\n<li>La participation aux programmes de formation dans le cadre des m\u00e9canismes de financement de la formation : droit de tirage, TFP<\/li>\n<\/ul>\n<p><u>Les ateliers<\/u><\/p>\n<p>Pour r\u00e9pondre \u00e0 vos besoins en formations pratiques, en assistance technique et en recherche, d\u00e9veloppement et innovation, le CETIBA met \u00e0 votre disposition 03 ateliers exp\u00e9rimentaux :<\/p>\n<ul>\n<li>Atelier Exp\u00e9rimental d\u2019Usinage &#8211; AEU<\/li>\n<li>Atelier Exp\u00e9rimental de Finition &#8211; AEF<\/li>\n<li>Atelier Exp\u00e9rimental de Tapisserie d\u2019Ameublement \u2013 AETA<\/li>\n<\/ul>\n<\/div>\n\n\t\t<\/div>\n\t<\/div>\n<\/div><\/div><\/div><div class=\"wpb_column vc_column_container vc_col-sm-6\"><div class=\"vc_column-inner\"><div class=\"wpb_wrapper\"><div class=\"vc_empty_space\"   style=\"height: 25px\"><span class=\"vc_empty_space_inner\"><\/span><\/div>\n\t<div  class=\"wpb_single_image wpb_content_element vc_align_center wpb_content_element\">\n\t\t\n\t\t<figure class=\"wpb_wrapper vc_figure\">\n\t\t\t<div class=\"vc_single_image-wrapper   vc_box_border_grey\"><img loading=\"lazy\" decoding=\"async\" class=\"vc_single_image-img \" src=\"https:\/\/centeribil.com\/wp-content\/uploads\/2025\/07\/WhatsApp-Image-2025-07-28-a-10.18.02_4fb11362-600x500.jpg\" width=\"600\" height=\"500\" alt=\"WhatsApp Image 2025-07-28 \u00e0 10.18.02_4fb11362\" title=\"WhatsApp Image 2025-07-28 \u00e0 10.18.02_4fb11362\" loading=\"lazy\" \/><\/div>\n\t\t<\/figure>\n\t<\/div>\n<\/div><\/div><\/div><\/div><div class=\"vc_row wpb_row vc_row-fluid\"><div class=\"wpb_column vc_column_container vc_col-sm-12\"><div class=\"vc_column-inner\"><div class=\"wpb_wrapper\"><div class=\"vc_row wpb_row vc_inner vc_row-fluid\"><div class=\"wpb_column vc_column_container vc_col-sm-2\"><div class=\"vc_column-inner\"><div class=\"wpb_wrapper\"><\/div><\/div><\/div><div class=\"wpb_column vc_column_container vc_col-sm-8\"><div class=\"vc_column-inner\"><div class=\"wpb_wrapper\"><div class=\"vc_empty_space\"   style=\"height: 32px\"><span class=\"vc_empty_space_inner\"><\/span><\/div><h1 style=\"text-align: center;font-family:Abril Fatface;font-weight:400;font-style:normal\" class=\"vc_custom_heading vc_do_custom_heading\" >Programme de formation 2026<\/h1>\n\t<div class=\"wpb_raw_code wpb_raw_html wpb_content_element\" >\n\t\t<div class=\"wpb_wrapper\">\n\t\t\t<style>\r\n  \/* Table de base *\/\r\n  .table {\r\n    width: 70%;\r\n    margin-bottom: 1rem;\r\n    color: #212529;\r\n    border-collapse: collapse;\r\n  }\r\n  .table th,\r\n  .table td {\r\n    padding: 0.75rem;\r\n    vertical-align: top;\r\n    border: 1px solid #dee2e6;\r\n  }\r\n  .table-striped tbody tr:nth-of-type(odd) {\r\n    background-color: rgba(0, 0, 0, 0.05);\r\n  }\r\n  .table-bordered {\r\n    border: 1px solid #dee2e6;\r\n  }\r\n  .table-responsive {\r\n    overflow-x: auto;\r\n    -webkit-overflow-scrolling: touch;\r\n  }\r\n\r\n  \/* Tes styles personnalis\u00e9s *\/\r\n  .table-primaryy { background-color: #f9a067!important; }\r\n  .section-title {\r\n   color: #4c6472;\r\n    padding: 10px 20px;\r\n    border-radius: 5px;\r\n    margin-bottom: 20px;\r\n  }\r\n  .custom-table th, .custom-table td { vertical-align: middle; }\r\n<\/style>\r\n\r\n<\/head>\r\n<body>\r\n\r\n<div class=\"container py-5\">\r\n  <!-- Section: Conception et design produit -->\r\n  <h3 class=\"section-title\">Conception et design produit<\/h3>\r\n  <div class=\"table-responsive mb-5\">\r\n    <table class=\"table table-striped table-bordered custom-table\">\r\n      <thead class=\"table-primaryy\">\r\n        <tr>\r\n          <th>Th\u00e8me<\/th>\r\n          <th>Dur\u00e9e<\/th>\r\n        <\/tr>\r\n      <\/thead>\r\n      <tbody>\r\n        <tr>\r\n          <td>Mise en place et la gestion d\u2019un bureau d\u2019\u00e9tudes et m\u00e9thodes : cas d\u2019une entreprise de meubles<\/td>\r\n          <td>03 Jours<\/td>\r\n        <\/tr>\r\n        <tr>\r\n          <td>Conception et fabrication assist\u00e9es par ordinateur (CFAO)<\/td>\r\n          <td>03 Jours<\/td>\r\n        <\/tr>\r\n        <tr>\r\n          <td>Conception des cuisines<\/td>\r\n          <td>02 Jours<\/td>\r\n        <\/tr>\r\n      <\/tbody>\r\n    <\/table>\r\n  <\/div>\r\n\r\n  <!-- Section: M\u00e9tier du bois -->\r\n  <h3 class=\"section-title\">M\u00e9tier du bois<\/h3>\r\n  <div class=\"table-responsive mb-5\">\r\n    <table class=\"table table-striped table-bordered custom-table\">\r\n      <thead class=\"table-primaryy\">\r\n        <tr>\r\n          <th>Th\u00e8me<\/th>\r\n          <th>Dur\u00e9e<\/th>\r\n        <\/tr>\r\n      <\/thead>\r\n      <tbody>\r\n        <tr>\r\n          <td>Essences de bois couramment utilis\u00e9es en Tunisie : humidit\u00e9, s\u00e9chage, classement, etc.<\/td>\r\n          <td>02 Jours<\/td>\r\n        <\/tr>\r\n        <tr><td>Techniques de finition d\u00e9corative (Patine, c\u00e9rus\u00e9, etc.)<\/td><td>04 Jours<\/td><\/tr>\r\n        <tr><td>Techniques d\u2019assemblage et de collage<\/td><td>02 Jours<\/td><\/tr>\r\n        <tr><td>Techniques d\u2019usinage \u00e0 commande num\u00e9rique<\/td><td>04 Jours<\/td><\/tr>\r\n        <tr><td>Fabrication de cuisines<\/td><td>03 Jours<\/td><\/tr>\r\n        <tr><td>Fabrication de carcasses<\/td><td>02 Jours<\/td><\/tr>\r\n        <tr><td>Techniques de tapisserie<\/td><td>02 Jours<\/td><\/tr>\r\n        <tr><td>Tournage sur bois<\/td><td>03 Jours<\/td><\/tr>\r\n        <tr><td>Techniques d\u2019impression 3D<\/td><td>03 Jours<\/td><\/tr>\r\n        <tr><td>Techniques d\u2019usinage<\/td><td>05 Jours<\/td><\/tr>\r\n        <tr><td>Techniques de Tressage<\/td><td>03 Jours<\/td><\/tr>\r\n      <\/tbody>\r\n    <\/table>\r\n  <\/div>\r\n\r\n  <!-- Section: Gestion et am\u00e9lioration de la productivit\u00e9 -->\r\n  <h3 class=\"section-title\">Gestion et am\u00e9lioration de la productivit\u00e9<\/h3>\r\n  <div class=\"table-responsive mb-5\">\r\n    <table class=\"table table-striped table-bordered custom-table\">\r\n      <thead class=\"table-primaryy\">\r\n        <tr>\r\n          <th>Th\u00e8me<\/th>\r\n          <th>Dur\u00e9e<\/th>\r\n        <\/tr>\r\n      <\/thead>\r\n      <tbody>\r\n        <tr><td>Ma\u00eetrise du calcul du co\u00fbt de revient d\u2019un meuble<\/td><td>02 Jours<\/td><\/tr>\r\n        <tr><td>\u00c9laboration d\u2019un dossier de fabrication de meubles<\/td><td>01 Jour<\/td><\/tr>\r\n        <tr><td>Gestion des stocks et approvisionnement<\/td><td>02 Jours<\/td><\/tr>\r\n        <tr><td>Ordonnancement, lancement et planification de la production<\/td><td>01 Jour<\/td><\/tr>\r\n      <\/tbody>\r\n    <\/table>\r\n  <\/div>\r\n\r\n  <!-- Section: Qualit\u00e9 -->\r\n  <h3 class=\"section-title\">Qualit\u00e9<\/h3>\r\n  <div class=\"table-responsive mb-5\">\r\n    <table class=\"table table-striped table-bordered custom-table\">\r\n      <thead class=\"table-primaryy\">\r\n        <tr>\r\n          <th>Th\u00e8me<\/th>\r\n          <th>Dur\u00e9e<\/th>\r\n        <\/tr>\r\n      <\/thead>\r\n      <tbody>\r\n        <tr><td>Qualit\u00e9 du produit d\u2019ameublement : exigences normatives et m\u00e9thodes de contr\u00f4le<\/td><td>01 Jour<\/td><\/tr>\r\n        <tr><td>Outils de s\u00e9curit\u00e9 dans les m\u00e9tiers du bois<\/td><td>01 Jour<\/td><\/tr>\r\n        <tr><td>Normalisation et certification des produits<\/td><td>01 Jour<\/td><\/tr>\r\n        <tr><td>Exigences de la norme ISO 9001<\/td><td>03 Jours<\/td><\/tr>\r\n        <tr><td>Caract\u00e9ristiques techniques des cahiers des charges pour l\u2019achat public de mobiliers<\/td><td>01 Jour<\/td><\/tr>\r\n        <tr><td>Exigences normatives appliqu\u00e9es aux portes coupe-feu<\/td><td>02 Jours<\/td><\/tr>\r\n      <\/tbody>\r\n    <\/table>\r\n  <\/div>\r\n\r\n<\/div>\r\n\r\n<script src=\"https:\/\/cdn.jsdelivr.net\/npm\/bootstrap@5.3.3\/dist\/js\/bootstrap.bundle.min.js\"><\/script>\r\n<\/body>\r\n<\/html>\n\t\t<\/div>\n\t<\/div>\n<\/div><\/div><\/div><div class=\"wpb_column vc_column_container vc_col-sm-2\"><div class=\"vc_column-inner\"><div class=\"wpb_wrapper\"><\/div><\/div><\/div><\/div><div class=\"vc_empty_space\"   style=\"height: 32px\"><span class=\"vc_empty_space_inner\"><\/span><\/div><\/div><\/div><\/div><\/div>\n<\/div>","protected":false},"excerpt":{"rendered":"Pour le d\u00e9veloppement de vos ressources humaines et l\u2019am\u00e9lioration de vos comp\u00e9tences professionnelles, le CETIBA met \u00e0 votre disposition un programme de formation qui r\u00e9pond \u00e0 vos besoins et est anim\u00e9 par des experts qualifi\u00e9s avec des moyens tr\u00e8s d\u00e9velopp\u00e9s....","protected":false},"author":1,"featured_media":0,"parent":0,"menu_order":0,"comment_status":"open","ping_status":"closed","template":"","meta":{"footnotes":""},"class_list":["post-1182","page","type-page","status-publish","hentry"],"_links":{"self":[{"href":"https:\/\/centeribil.com\/index.php?rest_route=\/wp\/v2\/pages\/1182","targetHints":{"allow":["GET"]}}],"collection":[{"href":"https:\/\/centeribil.com\/index.php?rest_route=\/wp\/v2\/pages"}],"about":[{"href":"https:\/\/centeribil.com\/index.php?rest_route=\/wp\/v2\/types\/page"}],"author":[{"embeddable":true,"href":"https:\/\/centeribil.com\/index.php?rest_route=\/wp\/v2\/users\/1"}],"replies":[{"embeddable":true,"href":"https:\/\/centeribil.com\/index.php?rest_route=%2Fwp%2Fv2%2Fcomments&post=1182"}],"version-history":[{"count":39,"href":"https:\/\/centeribil.com\/index.php?rest_route=\/wp\/v2\/pages\/1182\/revisions"}],"predecessor-version":[{"id":1762,"href":"https:\/\/centeribil.com\/index.php?rest_route=\/wp\/v2\/pages\/1182\/revisions\/1762"}],"wp:attachment":[{"href":"https:\/\/centeribil.com\/index.php?rest_route=%2Fwp%2Fv2%2Fmedia&parent=1182"}],"curies":[{"name":"wp","href":"https:\/\/api.w.org\/{rel}","templated":true}]}}