{"id":1187,"date":"2025-07-14T13:05:59","date_gmt":"2025-07-14T13:05:59","guid":{"rendered":"https:\/\/centeribil.com\/?page_id=1187"},"modified":"2025-10-08T10:16:23","modified_gmt":"2025-10-08T10:16:23","slug":"recherche-developpement-et-innovation","status":"publish","type":"page","link":"https:\/\/centeribil.com\/?page_id=1187","title":{"rendered":"Recherche, D\u00e9veloppement et innovation"},"content":{"rendered":"<div class=\"wpb-content-wrapper\"><div class=\"vc_row wpb_row vc_row-fluid\"><div class=\"wpb_column vc_column_container vc_col-sm-12\"><div class=\"vc_column-inner\"><div class=\"wpb_wrapper\">\n\t<div class=\"wpb_text_column wpb_content_element\" >\n\t\t<div class=\"wpb_wrapper\">\n\t\t\t<p><em>Pour vous accompagner \u00e0 l\u2019innovation dans votre entreprise,<\/em><em> le CETIBA assure:<\/em><\/p>\n<ul>\n<li>Le montage, la coordination et le suivi des projets de recherche, de d\u00e9veloppement et d\u2019innovation dans le cadre des programmes nationaux et internationaux<\/li>\n<li>L\u2019interfa\u00e7age entre les unit\u00e9s de recherche et les entreprises industrielles<\/li>\n<li>La sensibilisation des op\u00e9rateurs du secteur \u00e0 l&rsquo;importance de la recherche en organisant des s\u00e9minaires et des r\u00e9unions de travail entre industriels et chercheurs.<\/li>\n<\/ul>\n\n\t\t<\/div>\n\t<\/div>\n<\/div><\/div><\/div><\/div><div class=\"vc_row wpb_row vc_row-fluid\"><div class=\"wpb_column vc_column_container vc_col-sm-12\"><div class=\"vc_column-inner\"><div class=\"wpb_wrapper\"><\/div><\/div><\/div><\/div>\n<\/div>","protected":false},"excerpt":{"rendered":"Pour vous accompagner \u00e0 l\u2019innovation dans votre entreprise, le CETIBA assure: Le montage, la coordination et le suivi des projets de recherche, de d\u00e9veloppement et d\u2019innovation dans le cadre des programmes nationaux et internationaux L\u2019interfa\u00e7age entre les unit\u00e9s de recherche...","protected":false},"author":1,"featured_media":0,"parent":0,"menu_order":0,"comment_status":"open","ping_status":"closed","template":"","meta":{"footnotes":""},"class_list":["post-1187","page","type-page","status-publish","hentry"],"_links":{"self":[{"href":"https:\/\/centeribil.com\/index.php?rest_route=\/wp\/v2\/pages\/1187","targetHints":{"allow":["GET"]}}],"collection":[{"href":"https:\/\/centeribil.com\/index.php?rest_route=\/wp\/v2\/pages"}],"about":[{"href":"https:\/\/centeribil.com\/index.php?rest_route=\/wp\/v2\/types\/page"}],"author":[{"embeddable":true,"href":"https:\/\/centeribil.com\/index.php?rest_route=\/wp\/v2\/users\/1"}],"replies":[{"embeddable":true,"href":"https:\/\/centeribil.com\/index.php?rest_route=%2Fwp%2Fv2%2Fcomments&post=1187"}],"version-history":[{"count":8,"href":"https:\/\/centeribil.com\/index.php?rest_route=\/wp\/v2\/pages\/1187\/revisions"}],"predecessor-version":[{"id":1758,"href":"https:\/\/centeribil.com\/index.php?rest_route=\/wp\/v2\/pages\/1187\/revisions\/1758"}],"wp:attachment":[{"href":"https:\/\/centeribil.com\/index.php?rest_route=%2Fwp%2Fv2%2Fmedia&parent=1187"}],"curies":[{"name":"wp","href":"https:\/\/api.w.org\/{rel}","templated":true}]}}