{"id":1197,"date":"2025-07-14T13:30:31","date_gmt":"2025-07-14T13:30:31","guid":{"rendered":"https:\/\/centeribil.com\/?page_id=1197"},"modified":"2025-10-06T10:00:28","modified_gmt":"2025-10-06T10:00:28","slug":"analyses-et-essais-3","status":"publish","type":"page","link":"https:\/\/centeribil.com\/?page_id=1197","title":{"rendered":"Analyses et Essais"},"content":{"rendered":"<div class=\"wpb-content-wrapper\"><div class=\"vc_row wpb_row vc_row-fluid\"><div class=\"wpb_column vc_column_container vc_col-sm-12\"><div class=\"vc_column-inner\"><div class=\"wpb_wrapper\">\n\t<div class=\"wpb_raw_code wpb_raw_html wpb_content_element\" >\n\t\t<div class=\"wpb_wrapper\">\n\t\t\t<style>#sp-ea-1200 .spcollapsing { height: 0; overflow: hidden; transition-property: height;transition-duration: 300ms;}#sp-ea-1200.sp-easy-accordion>.sp-ea-single {margin-bottom: 10px; border: 1px solid #e2e2e2; }#sp-ea-1200.sp-easy-accordion>.sp-ea-single>.ea-header a {color: #444;}#sp-ea-1200.sp-easy-accordion>.sp-ea-single>.sp-collapse>.ea-body {background: #fff; color: #444;}#sp-ea-1200.sp-easy-accordion>.sp-ea-single {background: #eee;}#sp-ea-1200.sp-easy-accordion>.sp-ea-single>.ea-header a .ea-expand-icon { float: left; color: #444;font-size: 16px;}<\/style><div id=\"sp_easy_accordion-1752499922\"><div id=\"sp-ea-1200\" class=\"sp-ea-one sp-easy-accordion\" data-ea-active=\"ea-click\" data-ea-mode=\"vertical\" data-preloader=\"\" data-scroll-active-item=\"\" data-offset-to-scroll=\"0\"><div class=\"ea-card ea-expand sp-ea-single\"><h6 class=\"ea-header\"><a class=\"collapsed\" id=\"ea-header-12000\" role=\"button\" data-sptoggle=\"spcollapse\" data-sptarget=\"#collapse12000\" aria-controls=\"collapse12000\" href=\"#\" aria-expanded=\"true\" tabindex=\"0\"><i aria-hidden=\"true\" role=\"presentation\" class=\"ea-expand-icon eap-icon-ea-expand-minus\"><\/i> Combien de temps peut durer un essai \u00e0 r\u00e9aliser ?<\/a><\/h6><div class=\"sp-collapse spcollapse collapsed show\" id=\"collapse12000\" data-parent=\"#sp-ea-1200\" role=\"region\" aria-labelledby=\"ea-header-12000\"> <div class=\"ea-body\"><p>La dur\u00e9e varie d'un produit \u00e0 l'autre et d'un essai \u00e0 l'autre. Il existe des proc\u00e9dures normatives \"NT\" ou \"EN\" \u00e0 suivre pour chaque essai et chaque produit \u00e0 tester.<\/p><\/div><\/div><\/div><div class=\"ea-card sp-ea-single\"><h6 class=\"ea-header\"><a class=\"collapsed\" id=\"ea-header-12001\" role=\"button\" data-sptoggle=\"spcollapse\" data-sptarget=\"#collapse12001\" aria-controls=\"collapse12001\" href=\"#\" aria-expanded=\"false\" tabindex=\"0\"><i aria-hidden=\"true\" role=\"presentation\" class=\"ea-expand-icon eap-icon-ea-expand-plus\"><\/i> Est-ce que vous faites le montage du meuble \u00e0 tester ?<\/a><\/h6><div class=\"sp-collapse spcollapse \" id=\"collapse12001\" data-parent=\"#sp-ea-1200\" role=\"region\" aria-labelledby=\"ea-header-12001\"> <div class=\"ea-body\"><p>Le client assure le montage de son produit avant de le tester. Le CETIBA d\u00e9cline toute responsabilit\u00e9 en cas de bris ou de rayures du produit non assembl\u00e9 avant essai.<\/p><\/div><\/div><\/div><div class=\"ea-card sp-ea-single\"><h6 class=\"ea-header\"><a class=\"collapsed\" id=\"ea-header-12002\" role=\"button\" data-sptoggle=\"spcollapse\" data-sptarget=\"#collapse12002\" aria-controls=\"collapse12002\" href=\"#\" aria-expanded=\"false\" tabindex=\"0\"><i aria-hidden=\"true\" role=\"presentation\" class=\"ea-expand-icon eap-icon-ea-expand-plus\"><\/i> Quelle est la proc\u00e9dure pour soumettre une demande d'analyse ou d\u2019essai ?<\/a><\/h6><div class=\"sp-collapse spcollapse \" id=\"collapse12002\" data-parent=\"#sp-ea-1200\" role=\"region\" aria-labelledby=\"ea-header-12002\"> <div class=\"ea-body\"><p>Vous pouvez effectuer une demande en ligne en remplissant le formulaire \"Demande de devis\" ou envoyer une demande au service commercial \u00e0 l'adresse e-mail \"commercial@cetiba.tn\".<\/p><\/div><\/div><\/div><div class=\"ea-card sp-ea-single\"><h6 class=\"ea-header\"><a class=\"collapsed\" id=\"ea-header-12003\" role=\"button\" data-sptoggle=\"spcollapse\" data-sptarget=\"#collapse12003\" aria-controls=\"collapse12003\" href=\"#\" aria-expanded=\"false\" tabindex=\"0\"><i aria-hidden=\"true\" role=\"presentation\" class=\"ea-expand-icon eap-icon-ea-expand-plus\"><\/i> Le CETIBA d\u00e9livre-t-il un certificat de conformit\u00e9 pour un produit test\u00e9 ?<\/a><\/h6><div class=\"sp-collapse spcollapse \" id=\"collapse12003\" data-parent=\"#sp-ea-1200\" role=\"region\" aria-labelledby=\"ea-header-12003\"> <div class=\"ea-body\"><p>Les laboratoires du CETIBA d\u00e9livrent uniquement des rapports d'essais pour les produits test\u00e9s, et si n\u00e9cessaire, l'INNORPI d\u00e9livre un certificat de conformit\u00e9 du produit.<\/p><\/div><\/div><\/div><\/div><\/div>\n\t\t<\/div>\n\t<\/div>\n<\/div><\/div><\/div><\/div>\n<\/div>","protected":false},"excerpt":{"rendered":"Combien de temps peut durer un essai \u00e0 r\u00e9aliser ? La dur\u00e9e varie d'un produit \u00e0 l'autre et d'un essai \u00e0 l'autre. Il existe des proc\u00e9dures normatives \"NT\" ou \"EN\" \u00e0 suivre pour chaque essai et chaque produit \u00e0 tester....","protected":false},"author":1,"featured_media":0,"parent":0,"menu_order":0,"comment_status":"open","ping_status":"closed","template":"","meta":{"footnotes":""},"class_list":["post-1197","page","type-page","status-publish","hentry"],"_links":{"self":[{"href":"https:\/\/centeribil.com\/index.php?rest_route=\/wp\/v2\/pages\/1197","targetHints":{"allow":["GET"]}}],"collection":[{"href":"https:\/\/centeribil.com\/index.php?rest_route=\/wp\/v2\/pages"}],"about":[{"href":"https:\/\/centeribil.com\/index.php?rest_route=\/wp\/v2\/types\/page"}],"author":[{"embeddable":true,"href":"https:\/\/centeribil.com\/index.php?rest_route=\/wp\/v2\/users\/1"}],"replies":[{"embeddable":true,"href":"https:\/\/centeribil.com\/index.php?rest_route=%2Fwp%2Fv2%2Fcomments&post=1197"}],"version-history":[{"count":10,"href":"https:\/\/centeribil.com\/index.php?rest_route=\/wp\/v2\/pages\/1197\/revisions"}],"predecessor-version":[{"id":1718,"href":"https:\/\/centeribil.com\/index.php?rest_route=\/wp\/v2\/pages\/1197\/revisions\/1718"}],"wp:attachment":[{"href":"https:\/\/centeribil.com\/index.php?rest_route=%2Fwp%2Fv2%2Fmedia&parent=1197"}],"curies":[{"name":"wp","href":"https:\/\/api.w.org\/{rel}","templated":true}]}}