{"id":1245,"date":"2025-07-17T12:39:16","date_gmt":"2025-07-17T12:39:16","guid":{"rendered":"https:\/\/centeribil.com\/?page_id=1245"},"modified":"2026-03-25T08:59:09","modified_gmt":"2026-03-25T08:59:09","slug":"presentation","status":"publish","type":"page","link":"https:\/\/centeribil.com\/?page_id=1245","title":{"rendered":"Pr\u00e9sentation"},"content":{"rendered":"<div class=\"wpb-content-wrapper\"><div class=\"vc_row wpb_row vc_row-fluid\"><div class=\"wpb_column vc_column_container vc_col-sm-6\"><div class=\"vc_column-inner\"><div class=\"wpb_wrapper\">\n\t<div class=\"wpb_text_column wpb_content_element\" >\n\t\t<div class=\"wpb_wrapper\">\n\t\t\t<p>Le Centre Technique de l&rsquo;Industrie du Bois et de l&rsquo;Ameublement (CETIBA), en collaboration avec la F\u00e9d\u00e9ration Nationale du Bois et de l&rsquo;Ameublement (FNBA) et sous l&rsquo;\u00e9gide du Minist\u00e8re de l&rsquo;Industrie, des Mines et de l&rsquo;Energie, organise le concours euro-m\u00e9diterran\u00e9en WOOD INNOV DESIGN, avec un th\u00e8me diff\u00e9rent \u00e0 chaque \u00e9dition.<\/p>\n<p>Le CETIBA lance ce concours dans la perspective de :<\/p>\n<ul>\n<li>R\u00e9compenser l\u2019excellence dans le domaine du design mobilier et encourager les jeunes cr\u00e9ateurs \u00e0 enrichir le domaine de l\u2019ameublement.<\/li>\n<li>Contribuer \u00e0 l\u2019am\u00e9lioration de la qualit\u00e9 et de la valeur des produits de bois et d\u2019ameublement tunisiens en promouvant le m\u00e9tier du design comme un facteur de diff\u00e9renciation et un atout concurrentiel essentiel.<\/li>\n<li>Int\u00e9grer les nouveaux dipl\u00f4m\u00e9s des \u00e9coles d\u2019art et de design dans la vie professionnelle en leur offrant l\u2019opportunit\u00e9 de tester leurs cr\u00e9ations dans un milieu industriel.<\/li>\n<li>Soutenir les efforts de l\u2019\u00c9tat en mati\u00e8re d\u2019emploi des jeunes dipl\u00f4m\u00e9s, particuli\u00e8rement ceux issues des \u00e9coles d\u2019art et de design.<\/li>\n<li>Cr\u00e9er une dynamique et un terrain de comp\u00e9tition valorisant dans les \u00e9coles de design favorisant l\u2019\u00e9mergence de talents.<\/li>\n<li>Forger des liens plus \u00e9troits entre les \u00e9coles de design et les industriels de bois et de l\u2019ameublement.<\/li>\n<\/ul>\n<p>Le concours est ouvert aux \u00e9tudiants des \u00e9coles d\u2019ing\u00e9nieurs, de design, d\u2019arts graphiques, d\u2019architecture, ainsi qu\u2019aux \u00e9l\u00e8ves des centres de formation sp\u00e9cialis\u00e9s, qu\u2019ils soient publics ou priv\u00e9s, nationaux ou internationaux. La participation peut \u00eatre individuelle ou collective, \u00e0 condition que le groupe d\u00e9signe un chef de projet qui sera notre interlocuteur unique.<\/p>\n\n\t\t<\/div>\n\t<\/div>\n<\/div><\/div><\/div><div class=\"wpb_column vc_column_container vc_col-sm-6\"><div class=\"vc_column-inner\"><div class=\"wpb_wrapper\"><div class=\"vc_empty_space\"   style=\"height: 170px\"><span class=\"vc_empty_space_inner\"><\/span><\/div>\n\t<div  class=\"wpb_single_image wpb_content_element vc_align_left wpb_content_element\">\n\t\t\n\t\t<figure class=\"wpb_wrapper vc_figure\">\n\t\t\t<div class=\"vc_single_image-wrapper   vc_box_border_grey\"><img fetchpriority=\"high\" decoding=\"async\" width=\"2200\" height=\"1414\" src=\"https:\/\/centeribil.com\/wp-content\/uploads\/2025\/08\/Logo-du-concours.jpg\" class=\"vc_single_image-img attachment-full\" alt=\"\" title=\"Logo du concours\" srcset=\"https:\/\/centeribil.com\/wp-content\/uploads\/2025\/08\/Logo-du-concours.jpg 2200w, https:\/\/centeribil.com\/wp-content\/uploads\/2025\/08\/Logo-du-concours-300x193.jpg 300w, https:\/\/centeribil.com\/wp-content\/uploads\/2025\/08\/Logo-du-concours-1024x658.jpg 1024w, https:\/\/centeribil.com\/wp-content\/uploads\/2025\/08\/Logo-du-concours-768x494.jpg 768w, https:\/\/centeribil.com\/wp-content\/uploads\/2025\/08\/Logo-du-concours-1536x987.jpg 1536w, https:\/\/centeribil.com\/wp-content\/uploads\/2025\/08\/Logo-du-concours-2048x1316.jpg 2048w, https:\/\/centeribil.com\/wp-content\/uploads\/2025\/08\/Logo-du-concours-370x238.jpg 370w, https:\/\/centeribil.com\/wp-content\/uploads\/2025\/08\/Logo-du-concours-1200x771.jpg 1200w, https:\/\/centeribil.com\/wp-content\/uploads\/2025\/08\/Logo-du-concours-360x231.jpg 360w, https:\/\/centeribil.com\/wp-content\/uploads\/2025\/08\/Logo-du-concours-600x386.jpg 600w\" sizes=\"(max-width: 2200px) 100vw, 2200px\" \/><\/div>\n\t\t<\/figure>\n\t<\/div>\n<\/div><\/div><\/div><\/div>\n<\/div>","protected":false},"excerpt":{"rendered":"Le Centre Technique de l'Industrie du Bois et de l'Ameublement (CETIBA), en collaboration avec la F\u00e9d\u00e9ration Nationale du Bois et de l'Ameublement (FNBA) et sous l'\u00e9gide du Minist\u00e8re de l'Industrie, des Mines et de l'Energie, organise le concours euro-m\u00e9diterran\u00e9en WOOD...","protected":false},"author":1,"featured_media":0,"parent":0,"menu_order":0,"comment_status":"open","ping_status":"closed","template":"","meta":{"footnotes":""},"class_list":["post-1245","page","type-page","status-publish","hentry"],"_links":{"self":[{"href":"https:\/\/centeribil.com\/index.php?rest_route=\/wp\/v2\/pages\/1245","targetHints":{"allow":["GET"]}}],"collection":[{"href":"https:\/\/centeribil.com\/index.php?rest_route=\/wp\/v2\/pages"}],"about":[{"href":"https:\/\/centeribil.com\/index.php?rest_route=\/wp\/v2\/types\/page"}],"author":[{"embeddable":true,"href":"https:\/\/centeribil.com\/index.php?rest_route=\/wp\/v2\/users\/1"}],"replies":[{"embeddable":true,"href":"https:\/\/centeribil.com\/index.php?rest_route=%2Fwp%2Fv2%2Fcomments&post=1245"}],"version-history":[{"count":5,"href":"https:\/\/centeribil.com\/index.php?rest_route=\/wp\/v2\/pages\/1245\/revisions"}],"predecessor-version":[{"id":2223,"href":"https:\/\/centeribil.com\/index.php?rest_route=\/wp\/v2\/pages\/1245\/revisions\/2223"}],"wp:attachment":[{"href":"https:\/\/centeribil.com\/index.php?rest_route=%2Fwp%2Fv2%2Fmedia&parent=1245"}],"curies":[{"name":"wp","href":"https:\/\/api.w.org\/{rel}","templated":true}]}}