{"id":1247,"date":"2025-07-17T12:40:05","date_gmt":"2025-07-17T12:40:05","guid":{"rendered":"https:\/\/centeribil.com\/?page_id=1247"},"modified":"2025-09-02T14:26:01","modified_gmt":"2025-09-02T14:26:01","slug":"edition-en-cours","status":"publish","type":"page","link":"https:\/\/centeribil.com\/?page_id=1247","title":{"rendered":"Edition en cours"},"content":{"rendered":"<div class=\"wpb-content-wrapper\"><div class=\"vc_row wpb_row vc_row-fluid\"><div class=\"wpb_column vc_column_container vc_col-sm-4\"><div class=\"vc_column-inner\"><div class=\"wpb_wrapper\"><div class=\"vc_empty_space\"   style=\"height: 32px\"><span class=\"vc_empty_space_inner\"><\/span><\/div>\n\t<div class=\"wpb_text_column wpb_content_element\" >\n\t\t<div class=\"wpb_wrapper\">\n\t\t\t<p>Le CETIBA organise la sixi\u00e8me \u00e9dition du concours euro-m\u00e9diterran\u00e9en Wood Innov Design en mai 2026.<\/p>\n<p>Le th\u00e8me de l&rsquo;\u00e9v\u00e9nement de cette \u00e9dition sera annonc\u00e9 ult\u00e9rieurement.<\/p>\n\n\t\t<\/div>\n\t<\/div>\n<div class=\"vc_empty_space\"   style=\"height: 32px\"><span class=\"vc_empty_space_inner\"><\/span><\/div><a target=\"_self\" href=\"https:\/\/centeribil.com\/inscription-au-wid\/\" class=\"btn  btn-sm style-1\" id=\"custom-id-0\" style=\"\">Inscription au WID<\/a><\/div><\/div><\/div><div class=\"wpb_column vc_column_container vc_col-sm-8\"><div class=\"vc_column-inner\"><div class=\"wpb_wrapper\">\n\t<div class=\"wpb_raw_code wpb_raw_html wpb_content_element\" >\n\t\t<div class=\"wpb_wrapper\">\n\t\t\t<div class=\"_df_book df-lite\" id=\"df_1415\"  _slug=\"reglement-du-concours\" data-title=\"reglement-du-concours\" wpoptions=\"true\" thumbtype=\"\" ><\/div><script class=\"df-shortcode-script\" nowprocket type=\"application\/javascript\">window.option_df_1415 = {\"outline\":[],\"autoEnableOutline\":\"false\",\"autoEnableThumbnail\":\"false\",\"overwritePDFOutline\":\"false\",\"direction\":\"1\",\"pageSize\":\"0\",\"source\":\"https:\\\/\\\/centeribil.com\\\/wp-content\\\/uploads\\\/2025\\\/07\\\/Reglement-de-la-5eme-Edition-WID.pdf\",\"wpOptions\":\"true\"}; if(window.DFLIP && window.DFLIP.parseBooks){window.DFLIP.parseBooks();}<\/script>\n\t\t<\/div>\n\t<\/div>\n<\/div><\/div><\/div><\/div><div class=\"vc_row wpb_row vc_row-fluid\"><div class=\"wpb_column vc_column_container vc_col-sm-12\"><div class=\"vc_column-inner\"><div class=\"wpb_wrapper\"><\/div><\/div><\/div><\/div><div class=\"vc_row wpb_row vc_row-fluid\"><div class=\"wpb_column vc_column_container vc_col-sm-12\"><div class=\"vc_column-inner\"><div class=\"wpb_wrapper\"><\/div><\/div><\/div><\/div>\n<\/div>","protected":false},"excerpt":{"rendered":"Le CETIBA organise la sixi\u00e8me \u00e9dition du concours euro-m\u00e9diterran\u00e9en Wood Innov Design en mai 2026. Le th\u00e8me de l'\u00e9v\u00e9nement de cette \u00e9dition sera annonc\u00e9 ult\u00e9rieurement. Inscription au WID","protected":false},"author":1,"featured_media":0,"parent":0,"menu_order":0,"comment_status":"open","ping_status":"closed","template":"","meta":{"footnotes":""},"class_list":["post-1247","page","type-page","status-publish","hentry"],"_links":{"self":[{"href":"https:\/\/centeribil.com\/index.php?rest_route=\/wp\/v2\/pages\/1247","targetHints":{"allow":["GET"]}}],"collection":[{"href":"https:\/\/centeribil.com\/index.php?rest_route=\/wp\/v2\/pages"}],"about":[{"href":"https:\/\/centeribil.com\/index.php?rest_route=\/wp\/v2\/types\/page"}],"author":[{"embeddable":true,"href":"https:\/\/centeribil.com\/index.php?rest_route=\/wp\/v2\/users\/1"}],"replies":[{"embeddable":true,"href":"https:\/\/centeribil.com\/index.php?rest_route=%2Fwp%2Fv2%2Fcomments&post=1247"}],"version-history":[{"count":7,"href":"https:\/\/centeribil.com\/index.php?rest_route=\/wp\/v2\/pages\/1247\/revisions"}],"predecessor-version":[{"id":1644,"href":"https:\/\/centeribil.com\/index.php?rest_route=\/wp\/v2\/pages\/1247\/revisions\/1644"}],"wp:attachment":[{"href":"https:\/\/centeribil.com\/index.php?rest_route=%2Fwp%2Fv2%2Fmedia&parent=1247"}],"curies":[{"name":"wp","href":"https:\/\/api.w.org\/{rel}","templated":true}]}}