{"id":1337,"date":"2025-07-24T09:50:23","date_gmt":"2025-07-24T09:50:23","guid":{"rendered":"https:\/\/centeribil.com\/?page_id=1337"},"modified":"2025-10-08T10:18:17","modified_gmt":"2025-10-08T10:18:17","slug":"lama","status":"publish","type":"page","link":"https:\/\/centeribil.com\/?page_id=1337","title":{"rendered":"LAMA"},"content":{"rendered":"<div class=\"wpb-content-wrapper\"><div class=\"vc_row wpb_row vc_row-fluid\"><div class=\"wpb_column vc_column_container vc_col-sm-12\"><div class=\"vc_column-inner\"><div class=\"wpb_wrapper\"><div class=\"vc_row wpb_row vc_inner vc_row-fluid\"><div class=\"wpb_column vc_column_container vc_col-sm-6\"><div class=\"vc_column-inner\"><div class=\"wpb_wrapper\"><h2 style=\"text-align: left;font-family:Abril Fatface;font-weight:400;font-style:normal\" class=\"vc_custom_heading vc_do_custom_heading\" >LAMA - Laboratoire Essais des Mat\u00e9riaux<\/h2>\n\t<div class=\"wpb_raw_code wpb_raw_html wpb_content_element\" >\n\t\t<div class=\"wpb_wrapper\">\n\t\t\t<style>#sp-ea-1151 .spcollapsing { height: 0; overflow: hidden; transition-property: height;transition-duration: 300ms;}#sp-ea-1151.sp-easy-accordion>.sp-ea-single {margin-bottom: 10px; border: 1px solid #e2e2e2; }#sp-ea-1151.sp-easy-accordion>.sp-ea-single>.ea-header a {color: #444;}#sp-ea-1151.sp-easy-accordion>.sp-ea-single>.sp-collapse>.ea-body {background: #fff; color: #444;}#sp-ea-1151.sp-easy-accordion>.sp-ea-single {background: #eee;}#sp-ea-1151.sp-easy-accordion>.sp-ea-single>.ea-header a .ea-expand-icon { float: left; color: #444;font-size: 16px;}<\/style><div id=\"sp_easy_accordion-1752487793\"><div id=\"sp-ea-1151\" class=\"sp-ea-one sp-easy-accordion\" data-ea-active=\"ea-click\" data-ea-mode=\"vertical\" data-preloader=\"\" data-scroll-active-item=\"\" data-offset-to-scroll=\"0\"><div class=\"ea-card ea-expand sp-ea-single\"><h3 class=\"ea-header\"><a class=\"collapsed\" id=\"ea-header-11510\" role=\"button\" data-sptoggle=\"spcollapse\" data-sptarget=\"#collapse11510\" aria-controls=\"collapse11510\" href=\"#\" aria-expanded=\"true\" tabindex=\"0\"><i aria-hidden=\"true\" role=\"presentation\" class=\"ea-expand-icon eap-icon-ea-expand-minus\"><\/i> Essai d\u2019arrachement de la surface<\/a><\/h3><div class=\"sp-collapse spcollapse collapsed show\" id=\"collapse11510\" data-parent=\"#sp-ea-1151\" role=\"region\" aria-labelledby=\"ea-header-11510\"> <div class=\"ea-body\"><p>Essai r\u00e9alis\u00e9 selon NT 27.186 (Eqv. EN 311) \u00ab Panneaux \u00e0 base de bois \u2013 Arrachement de la surface \u2013 M\u00e9thode\u00a0d\u2019essai\u00bb.<\/p><p><a href=\"https:\/\/centeribil.com\/wp-content\/uploads\/2025\/07\/Arrachement-de-la-surface.pdf\" target=\"_blank\" rel=\"noopener\">Voir la fiche technique\u00a0<\/a><\/p><\/div><\/div><\/div><div class=\"ea-card sp-ea-single\"><h3 class=\"ea-header\"><a class=\"collapsed\" id=\"ea-header-11511\" role=\"button\" data-sptoggle=\"spcollapse\" data-sptarget=\"#collapse11511\" aria-controls=\"collapse11511\" href=\"#\" aria-expanded=\"false\" tabindex=\"0\"><i aria-hidden=\"true\" role=\"presentation\" class=\"ea-expand-icon eap-icon-ea-expand-plus\"><\/i> Essai de d\u00e9termination de la r\u00e9sistance \u00e0 l\u2019arrachement des vis selon leur axe<\/a><\/h3><div class=\"sp-collapse spcollapse \" id=\"collapse11511\" data-parent=\"#sp-ea-1151\" role=\"region\" aria-labelledby=\"ea-header-11511\"> <div class=\"ea-body\"><p>Essai r\u00e9alis\u00e9 selon NT 27.48 (Eqv. EN 320) \u00ab Panneaux de fibres de bois \u2013 D\u00e9termination de la r\u00e9sistance \u00e0 l\u2019arrachement des vis selon leur axe \u00bb.<\/p><p><a href=\"https:\/\/centeribil.com\/wp-content\/uploads\/2025\/07\/Arrachement-de-vis.pdf\" target=\"_blank\" rel=\"noopener\">Voir la fiche technique\u00a0<\/a><\/p><\/div><\/div><\/div><div class=\"ea-card sp-ea-single\"><h3 class=\"ea-header\"><a class=\"collapsed\" id=\"ea-header-11512\" role=\"button\" data-sptoggle=\"spcollapse\" data-sptarget=\"#collapse11512\" aria-controls=\"collapse11512\" href=\"#\" aria-expanded=\"false\" tabindex=\"0\"><i aria-hidden=\"true\" role=\"presentation\" class=\"ea-expand-icon eap-icon-ea-expand-plus\"><\/i> Essai de d\u00e9termination du d\u00e9gagement de formald\u00e9hyde : \u00e9mission en formald\u00e9hyde par la m\u00e9thode d\u2019analyse de gaz<\/a><\/h3><div class=\"sp-collapse spcollapse \" id=\"collapse11512\" data-parent=\"#sp-ea-1151\" role=\"region\" aria-labelledby=\"ea-header-11512\"> <div class=\"ea-body\"><p>Essai r\u00e9alis\u00e9 selon NT 27.314-3 (Eqv. ISO 12460-3) \u00ab Panneaux \u00e0 base de bois \u2013 D\u00e9termination du d\u00e9gagement de\u00a0formald\u00e9hyde- partie 3 : m\u00e9thode d\u2019analyse de gaz \u00bb.<\/p><p><a href=\"https:\/\/centeribil.com\/wp-content\/uploads\/2025\/07\/degagement-de-formaldehyde-ISO-12460-3.pdf\" target=\"_blank\" rel=\"noopener\">Voir la fiche technique\u00a0<\/a><\/p><\/div><\/div><\/div><div class=\"ea-card sp-ea-single\"><h3 class=\"ea-header\"><a class=\"collapsed\" id=\"ea-header-11513\" role=\"button\" data-sptoggle=\"spcollapse\" data-sptarget=\"#collapse11513\" aria-controls=\"collapse11513\" href=\"#\" aria-expanded=\"false\" tabindex=\"0\"><i aria-hidden=\"true\" role=\"presentation\" class=\"ea-expand-icon eap-icon-ea-expand-plus\"><\/i> Essai d\u00e9termination du module d'\u00e9lasticit\u00e9 en flexion et de la r\u00e9sistance \u00e0 la flexion<\/a><\/h3><div class=\"sp-collapse spcollapse \" id=\"collapse11513\" data-parent=\"#sp-ea-1151\" role=\"region\" aria-labelledby=\"ea-header-11513\"> <div class=\"ea-body\"><p>Essai r\u00e9alis\u00e9 selon NT 27.39 (Eqv. EN 310) \u00ab Panneaux \u00e0 base de bois \u2013 D\u00e9termination du module d\u2019\u00e9lasticit\u00e9 en flexion et de la r\u00e9sistance \u00e0 la flexion \u00bb.<\/p><p><a href=\"https:\/\/centeribil.com\/wp-content\/uploads\/2025\/07\/Determination-de-la-resistance-a-la-flexion-et-le-module-delasticite.pdf\" target=\"_blank\" rel=\"noopener\">Voir la fiche technique\u00a0<\/a><\/p><\/div><\/div><\/div><div class=\"ea-card sp-ea-single\"><h3 class=\"ea-header\"><a class=\"collapsed\" id=\"ea-header-11514\" role=\"button\" data-sptoggle=\"spcollapse\" data-sptarget=\"#collapse11514\" aria-controls=\"collapse11514\" href=\"#\" aria-expanded=\"false\" tabindex=\"0\"><i aria-hidden=\"true\" role=\"presentation\" class=\"ea-expand-icon eap-icon-ea-expand-plus\"><\/i> Essai de d\u00e9termination du gonflement en \u00e9paisseur apr\u00e8s immersion dans l\u2019eau<\/a><\/h3><div class=\"sp-collapse spcollapse \" id=\"collapse11514\" data-parent=\"#sp-ea-1151\" role=\"region\" aria-labelledby=\"ea-header-11514\"> <div class=\"ea-body\"><p>Essai r\u00e9alis\u00e9 selon NT 27.38 (Eqv. EN 317) \u00ab Panneaux de particules et de fibres - D\u00e9termination du gonflement en \u00e9paisseur apr\u00e8s immersion dans l\u2019eau \u00bb.<\/p><p><a href=\"https:\/\/centeribil.com\/wp-content\/uploads\/2025\/07\/Gonflement-en-epaisseur.pdf\" target=\"_blank\" rel=\"noopener\">Voir la fiche technique\u00a0<\/a><\/p><\/div><\/div><\/div><div class=\"ea-card sp-ea-single\"><h3 class=\"ea-header\"><a class=\"collapsed\" id=\"ea-header-11515\" role=\"button\" data-sptoggle=\"spcollapse\" data-sptarget=\"#collapse11515\" aria-controls=\"collapse11515\" href=\"#\" aria-expanded=\"false\" tabindex=\"0\"><i aria-hidden=\"true\" role=\"presentation\" class=\"ea-expand-icon eap-icon-ea-expand-plus\"><\/i> Essai de d\u00e9termination de la r\u00e9sistance \u00e0 la traction perpendiculaire aux faces du panneau<\/a><\/h3><div class=\"sp-collapse spcollapse \" id=\"collapse11515\" data-parent=\"#sp-ea-1151\" role=\"region\" aria-labelledby=\"ea-header-11515\"> <div class=\"ea-body\"><p>Essai r\u00e9alis\u00e9 selon NT 27.46 (Eqv. EN 319) \u00ab Panneaux de particules et panneaux de fibres - D\u00e9termination de la\u00a0r\u00e9sistance \u00e0 la traction perpendiculaire aux faces du panneau \u00bb.<\/p><p><a href=\"https:\/\/centeribil.com\/wp-content\/uploads\/2025\/07\/Resistance-a-la-traction-perpendiculaire.pdf\" target=\"_blank\" rel=\"noopener\">Voir la fiche technique\u00a0<\/a><\/p><\/div><\/div><\/div><\/div><\/div>\n\t\t<\/div>\n\t<\/div>\n<\/div><\/div><\/div><div class=\"wpb_column vc_column_container vc_col-sm-6\"><div class=\"vc_column-inner\"><div class=\"wpb_wrapper\"><div class=\"vc_empty_space\"   style=\"height: 62px\"><span class=\"vc_empty_space_inner\"><\/span><\/div><div class=\"vc_empty_space\"   style=\"height: 62px\"><span class=\"vc_empty_space_inner\"><\/span><\/div>\n\t<div  class=\"wpb_single_image wpb_content_element vc_align_left wpb_content_element\">\n\t\t\n\t\t<figure class=\"wpb_wrapper vc_figure\">\n\t\t\t<div class=\"vc_single_image-wrapper   vc_box_border_grey\"><img fetchpriority=\"high\" decoding=\"async\" width=\"2560\" height=\"1920\" src=\"https:\/\/centeribil.com\/wp-content\/uploads\/2025\/07\/LAMA-116-scaled.jpg\" class=\"vc_single_image-img attachment-full\" alt=\"\" title=\"LAMA 116\" srcset=\"https:\/\/centeribil.com\/wp-content\/uploads\/2025\/07\/LAMA-116-scaled.jpg 2560w, https:\/\/centeribil.com\/wp-content\/uploads\/2025\/07\/LAMA-116-300x225.jpg 300w, https:\/\/centeribil.com\/wp-content\/uploads\/2025\/07\/LAMA-116-1024x768.jpg 1024w, https:\/\/centeribil.com\/wp-content\/uploads\/2025\/07\/LAMA-116-768x576.jpg 768w, https:\/\/centeribil.com\/wp-content\/uploads\/2025\/07\/LAMA-116-1536x1152.jpg 1536w, https:\/\/centeribil.com\/wp-content\/uploads\/2025\/07\/LAMA-116-2048x1536.jpg 2048w, https:\/\/centeribil.com\/wp-content\/uploads\/2025\/07\/LAMA-116-370x278.jpg 370w, https:\/\/centeribil.com\/wp-content\/uploads\/2025\/07\/LAMA-116-1200x900.jpg 1200w, https:\/\/centeribil.com\/wp-content\/uploads\/2025\/07\/LAMA-116-360x270.jpg 360w, https:\/\/centeribil.com\/wp-content\/uploads\/2025\/07\/LAMA-116-600x450.jpg 600w\" sizes=\"(max-width: 2560px) 100vw, 2560px\" \/><\/div>\n\t\t<\/figure>\n\t<\/div>\n<\/div><\/div><\/div><\/div><\/div><\/div><\/div><\/div>\n<\/div>","protected":false},"excerpt":{"rendered":"LAMA - Laboratoire Essais des Mat\u00e9riaux Essai d\u2019arrachement de la surface Essai r\u00e9alis\u00e9 selon NT 27.186 (Eqv. EN 311) \u00ab Panneaux \u00e0 base de bois \u2013 Arrachement de la surface \u2013 M\u00e9thode\u00a0d\u2019essai\u00bb.Voir la fiche technique\u00a0 Essai de d\u00e9termination de la...","protected":false},"author":1,"featured_media":0,"parent":1114,"menu_order":0,"comment_status":"open","ping_status":"closed","template":"","meta":{"footnotes":""},"class_list":["post-1337","page","type-page","status-publish","hentry"],"_links":{"self":[{"href":"https:\/\/centeribil.com\/index.php?rest_route=\/wp\/v2\/pages\/1337","targetHints":{"allow":["GET"]}}],"collection":[{"href":"https:\/\/centeribil.com\/index.php?rest_route=\/wp\/v2\/pages"}],"about":[{"href":"https:\/\/centeribil.com\/index.php?rest_route=\/wp\/v2\/types\/page"}],"author":[{"embeddable":true,"href":"https:\/\/centeribil.com\/index.php?rest_route=\/wp\/v2\/users\/1"}],"replies":[{"embeddable":true,"href":"https:\/\/centeribil.com\/index.php?rest_route=%2Fwp%2Fv2%2Fcomments&post=1337"}],"version-history":[{"count":7,"href":"https:\/\/centeribil.com\/index.php?rest_route=\/wp\/v2\/pages\/1337\/revisions"}],"predecessor-version":[{"id":1403,"href":"https:\/\/centeribil.com\/index.php?rest_route=\/wp\/v2\/pages\/1337\/revisions\/1403"}],"up":[{"embeddable":true,"href":"https:\/\/centeribil.com\/index.php?rest_route=\/wp\/v2\/pages\/1114"}],"wp:attachment":[{"href":"https:\/\/centeribil.com\/index.php?rest_route=%2Fwp%2Fv2%2Fmedia&parent=1337"}],"curies":[{"name":"wp","href":"https:\/\/api.w.org\/{rel}","templated":true}]}}