{"id":1341,"date":"2025-07-24T09:52:34","date_gmt":"2025-07-24T09:52:34","guid":{"rendered":"https:\/\/centeribil.com\/?page_id=1341"},"modified":"2025-10-08T10:17:39","modified_gmt":"2025-10-08T10:17:39","slug":"lamen","status":"publish","type":"page","link":"https:\/\/centeribil.com\/?page_id=1341","title":{"rendered":"LAMEN"},"content":{"rendered":"<div class=\"wpb-content-wrapper\"><div class=\"vc_row wpb_row vc_row-fluid\"><div class=\"wpb_column vc_column_container vc_col-sm-12\"><div class=\"vc_column-inner\"><div class=\"wpb_wrapper\"><div class=\"vc_row wpb_row vc_inner vc_row-fluid\"><div class=\"wpb_column vc_column_container vc_col-sm-6\"><div class=\"vc_column-inner\"><div class=\"wpb_wrapper\"><h2 style=\"text-align: left;font-family:Abril Fatface;font-weight:400;font-style:normal\" class=\"vc_custom_heading vc_do_custom_heading\" >LAMEN - Laboratoire Essais des Menuiseries<\/h2>\n\t<div class=\"wpb_raw_code wpb_raw_html wpb_content_element\" >\n\t\t<div class=\"wpb_wrapper\">\n\t\t\t<style>#sp-ea-1161 .spcollapsing { height: 0; overflow: hidden; transition-property: height;transition-duration: 300ms;}#sp-ea-1161.sp-easy-accordion>.sp-ea-single {margin-bottom: 10px; border: 1px solid #e2e2e2; }#sp-ea-1161.sp-easy-accordion>.sp-ea-single>.ea-header a {color: #444;}#sp-ea-1161.sp-easy-accordion>.sp-ea-single>.sp-collapse>.ea-body {background: #fff; color: #444;}#sp-ea-1161.sp-easy-accordion>.sp-ea-single {background: #eee;}#sp-ea-1161.sp-easy-accordion>.sp-ea-single>.ea-header a .ea-expand-icon { float: left; color: #444;font-size: 16px;}<\/style><div id=\"sp_easy_accordion-1752488632\"><div id=\"sp-ea-1161\" class=\"sp-ea-one sp-easy-accordion\" data-ea-active=\"ea-click\" data-ea-mode=\"vertical\" data-preloader=\"\" data-scroll-active-item=\"\" data-offset-to-scroll=\"0\"><div class=\"ea-card ea-expand sp-ea-single\"><h3 class=\"ea-header\"><a class=\"collapsed\" id=\"ea-header-11610\" role=\"button\" data-sptoggle=\"spcollapse\" data-sptarget=\"#collapse11610\" aria-controls=\"collapse11610\" href=\"#\" aria-expanded=\"true\" tabindex=\"0\"><i aria-hidden=\"true\" role=\"presentation\" class=\"ea-expand-icon eap-icon-ea-expand-minus\"><\/i> Essai pour porte coupe feu \u00bd heure<\/a><\/h3><div class=\"sp-collapse spcollapse collapsed show\" id=\"collapse11610\" data-parent=\"#sp-ea-1161\" role=\"region\" aria-labelledby=\"ea-header-11610\"> <div class=\"ea-body\"><p>Essai r\u00e9alis\u00e9 selon la norme NT 31.41 et qui \u00a0a un but de d\u00e9terminer les caract\u00e9ristiques techniques du bloc porte selon les analyses suivantes :<\/p><ul><li>Dimensions du bloc porte<\/li><li>Mat\u00e9riaux utilis\u00e9s<ul><li>Calcul \u00a0de la masse volumique du bois utilis\u00e9s<\/li><li>Identification des Essences du Bois utilis\u00e9es<\/li><li>Singularit\u00e9<\/li><\/ul><\/li><li>V\u00e9rification de la conformit\u00e9 de l\u2019huisserie, vantail, quincaillerie, Oculus, joint, Vis, Jeux \u2026<\/li><\/ul><p><a href=\"https:\/\/centeribil.com\/wp-content\/uploads\/2025\/07\/FA-Determination-des-Caracteristiques-Bloc-Porte-Pare-Flamme-et-Coupe-Feu.pdf\" target=\"_blank\" rel=\"noopener\">Voir la fiche technique<\/a><\/p><\/div><\/div><\/div><div class=\"ea-card sp-ea-single\"><h3 class=\"ea-header\"><a class=\"collapsed\" id=\"ea-header-11611\" role=\"button\" data-sptoggle=\"spcollapse\" data-sptarget=\"#collapse11611\" aria-controls=\"collapse11611\" href=\"#\" aria-expanded=\"false\" tabindex=\"0\"><i aria-hidden=\"true\" role=\"presentation\" class=\"ea-expand-icon eap-icon-ea-expand-plus\"><\/i> Essai AIR\u2013EAU\u2013VENT (A.E.V) pour fen\u00eatres<\/a><\/h3><div class=\"sp-collapse spcollapse \" id=\"collapse11611\" data-parent=\"#sp-ea-1161\" role=\"region\" aria-labelledby=\"ea-header-11611\"> <div class=\"ea-body\"><p>L\u2019essai a pour but de d\u00e9terminer la perm\u00e9abilit\u00e9 \u00e0 l\u2019Air, l\u2019\u00e9tanch\u00e9it\u00e9 \u00e0 l\u2019Eau ainsi que la r\u00e9sistance aux rafales de Vent, des fen\u00eatres, porte fen\u00eatre et portes quelque soient les mat\u00e9riaux constitutifs (Bois, Aluminium, PVC, Mixte, etc.).<\/p><p><a href=\"https:\/\/centeribil.com\/wp-content\/uploads\/2025\/07\/FA-Fiche-technique-essai-AEV.pdf\" target=\"_blank\" rel=\"noopener\">Voir la fiche technique<\/a><\/p><p>&nbsp;<\/p><\/div><\/div><\/div><div class=\"ea-card sp-ea-single\"><h3 class=\"ea-header\"><a class=\"collapsed\" id=\"ea-header-11612\" role=\"button\" data-sptoggle=\"spcollapse\" data-sptarget=\"#collapse11612\" aria-controls=\"collapse11612\" href=\"#\" aria-expanded=\"false\" tabindex=\"0\"><i aria-hidden=\"true\" role=\"presentation\" class=\"ea-expand-icon eap-icon-ea-expand-plus\"><\/i> Essai AIR\u2013EAU\u2013VENT (A.E.V) pour Fa\u00e7ades rideaux<\/a><\/h3><div class=\"sp-collapse spcollapse \" id=\"collapse11612\" data-parent=\"#sp-ea-1161\" role=\"region\" aria-labelledby=\"ea-header-11612\"> <div class=\"ea-body\"><p>L\u2019essai a pour but de d\u00e9terminer la perm\u00e9abilit\u00e9 \u00e0 l\u2019air, l\u2019\u00e9tanch\u00e9it\u00e9 \u00e0 l\u2019eau ainsi que la r\u00e9sistance aux rafales de vent, des fa\u00e7ades rideaux en Aluminium.<\/p><p><a href=\"https:\/\/centeribil.com\/wp-content\/uploads\/2025\/07\/FA-Fiche-technique-essai-AEV-Facade-rideau.pdf\" target=\"_blank\" rel=\"noopener\">Voir la fiche technique<\/a><\/p><\/div><\/div><\/div><div class=\"ea-card sp-ea-single\"><h3 class=\"ea-header\"><a class=\"collapsed\" id=\"ea-header-11613\" role=\"button\" data-sptoggle=\"spcollapse\" data-sptarget=\"#collapse11613\" aria-controls=\"collapse11613\" href=\"#\" aria-expanded=\"false\" tabindex=\"0\"><i aria-hidden=\"true\" role=\"presentation\" class=\"ea-expand-icon eap-icon-ea-expand-plus\"><\/i> Essai de r\u00e9sistance au choc de corps mou et lourd<\/a><\/h3><div class=\"sp-collapse spcollapse \" id=\"collapse11613\" data-parent=\"#sp-ea-1161\" role=\"region\" aria-labelledby=\"ea-header-11613\"> <div class=\"ea-body\"><p>L\u2019essai a pour but de d\u00e9terminer les dommages caus\u00e9s par \u00a0le choc d\u2019un corps mou et lourd sur la face d\u2019un vantail ferm\u00e9, fix\u00e9 dans son huisserie en tant qu\u2019\u00e9l\u00e9ment d\u2019un bloc-porte.<\/p><p><a href=\"https:\/\/centeribil.com\/wp-content\/uploads\/2025\/07\/FA-Fiche-choc-lourd-et-mou.pdf\" target=\"_blank\" rel=\"noopener\">Voir la fiche technique<\/a><\/p><\/div><\/div><\/div><div class=\"ea-card sp-ea-single\"><h3 class=\"ea-header\"><a class=\"collapsed\" id=\"ea-header-11614\" role=\"button\" data-sptoggle=\"spcollapse\" data-sptarget=\"#collapse11614\" aria-controls=\"collapse11614\" href=\"#\" aria-expanded=\"false\" tabindex=\"0\"><i aria-hidden=\"true\" role=\"presentation\" class=\"ea-expand-icon eap-icon-ea-expand-plus\"><\/i> Essai de d\u00e9termination de la R\u00e9sistance \u00e0 la charge verticale<\/a><\/h3><div class=\"sp-collapse spcollapse \" id=\"collapse11614\" data-parent=\"#sp-ea-1161\" role=\"region\" aria-labelledby=\"ea-header-11614\"> <div class=\"ea-body\"><p>L'essai consiste \u00e0 d\u00e9terminer la d\u00e9formation permanente caus\u00e9e par une charge verticale appliqu\u00e9e sur un vantail ouvert fix\u00e9 dans son huisserie en tant qu'\u00e9l\u00e9ment d'un bloc porte.<\/p><p><a href=\"https:\/\/centeribil.com\/wp-content\/uploads\/2025\/07\/FA-Fiche-technique-essai-charge-verticale-porte.pdf\" target=\"_blank\" rel=\"noopener\">Voir la fiche technique<\/a><\/p><\/div><\/div><\/div><div class=\"ea-card sp-ea-single\"><h3 class=\"ea-header\"><a class=\"collapsed\" id=\"ea-header-11615\" role=\"button\" data-sptoggle=\"spcollapse\" data-sptarget=\"#collapse11615\" aria-controls=\"collapse11615\" href=\"#\" aria-expanded=\"false\" tabindex=\"0\"><i aria-hidden=\"true\" role=\"presentation\" class=\"ea-expand-icon eap-icon-ea-expand-plus\"><\/i> Essai de force de man\u0153uvre<\/a><\/h3><div class=\"sp-collapse spcollapse \" id=\"collapse11615\" data-parent=\"#sp-ea-1161\" role=\"region\" aria-labelledby=\"ea-header-11615\"> <div class=\"ea-body\"><p>L\u2019essai a pour but de d\u00e9terminer les forces d\u2019ouverture \/ fermeture des portes, pivotantes et coulissantes, et pour enclenchement \/ lib\u00e9rer et verrouiller \/ d\u00e9verrouiller la quincaillerie \u00e0 l\u2019aide d\u2019une cl\u00e9 ou d\u2019une poign\u00e9.<\/p><p><a href=\"https:\/\/centeribil.com\/wp-content\/uploads\/2025\/07\/FA-Fiche-essai-manoeuvre.pdf\" target=\"_blank\" rel=\"noopener\">Voir la fiche technique<\/a><\/p><\/div><\/div><\/div><div class=\"ea-card sp-ea-single\"><h3 class=\"ea-header\"><a class=\"collapsed\" id=\"ea-header-11616\" role=\"button\" data-sptoggle=\"spcollapse\" data-sptarget=\"#collapse11616\" aria-controls=\"collapse11616\" href=\"#\" aria-expanded=\"false\" tabindex=\"0\"><i aria-hidden=\"true\" role=\"presentation\" class=\"ea-expand-icon eap-icon-ea-expand-plus\"><\/i> Essai d\u2019\u00e9tanch\u00e9it\u00e9 \u00e0 l\u2019eau sur site <\/a><\/h3><div class=\"sp-collapse spcollapse \" id=\"collapse11616\" data-parent=\"#sp-ea-1161\" role=\"region\" aria-labelledby=\"ea-header-11616\"> <div class=\"ea-body\"><p>L\u2019essai a pour but de d\u00e9terminer l\u2019\u00e9tanch\u00e9it\u00e9 \u00e0 l\u2019eau sur site des fa\u00e7ades install\u00e9es suite \u00e0 l\u2019application d'une quantit\u00e9 constante et sp\u00e9cifi\u00e9e d'eau, (5 l\/min\/m \u00b1 10 %), en un film continu sur la face externe de la fa\u00e7ade rideau install\u00e9e sur un b\u00e2timent, pendant 30 min, tout en contr\u00f4lant l'absence de fuites d'eau.<\/p><p><a href=\"https:\/\/centeribil.com\/wp-content\/uploads\/2025\/07\/FA-Essai-etancheite-a-leau-sur-site.pdf\" target=\"_blank\" rel=\"noopener\">Voir la fiche technique<\/a><\/p><\/div><\/div><\/div><div class=\"ea-card sp-ea-single\"><h3 class=\"ea-header\"><a class=\"collapsed\" id=\"ea-header-11617\" role=\"button\" data-sptoggle=\"spcollapse\" data-sptarget=\"#collapse11617\" aria-controls=\"collapse11617\" href=\"#\" aria-expanded=\"false\" tabindex=\"0\"><i aria-hidden=\"true\" role=\"presentation\" class=\"ea-expand-icon eap-icon-ea-expand-plus\"><\/i> Essai de charge statique et dynamique des gardes corps <\/a><\/h3><div class=\"sp-collapse spcollapse \" id=\"collapse11617\" data-parent=\"#sp-ea-1161\" role=\"region\" aria-labelledby=\"ea-header-11617\"> <div class=\"ea-body\"><p>L\u2019essai a pour but de d\u00e9terminer le comportement des gardes corps fix\u00e9s suites \u00e0 l\u2019application des charges statiques et dynamique.<\/p><p><a href=\"https:\/\/centeribil.com\/wp-content\/uploads\/2025\/07\/FA-Essai-de-garde-corps.pdf\" target=\"_blank\" rel=\"noopener\">Voir la fiche technique<\/a><\/p><\/div><\/div><\/div><\/div><\/div>\n\t\t<\/div>\n\t<\/div>\n<\/div><\/div><\/div><div class=\"wpb_column vc_column_container vc_col-sm-6\"><div class=\"vc_column-inner\"><div class=\"wpb_wrapper\"><div class=\"vc_empty_space\"   style=\"height: 62px\"><span class=\"vc_empty_space_inner\"><\/span><\/div><div class=\"vc_empty_space\"   style=\"height: 62px\"><span class=\"vc_empty_space_inner\"><\/span><\/div>\n\t<div  class=\"wpb_single_image wpb_content_element vc_align_left wpb_content_element\">\n\t\t\n\t\t<figure class=\"wpb_wrapper vc_figure\">\n\t\t\t<div class=\"vc_single_image-wrapper   vc_box_border_grey\"><img fetchpriority=\"high\" decoding=\"async\" width=\"1920\" height=\"2560\" src=\"https:\/\/centeribil.com\/wp-content\/uploads\/2025\/07\/LAMEN-13-scaled.jpg\" class=\"vc_single_image-img attachment-full\" alt=\"\" title=\"LAMEN 13\" srcset=\"https:\/\/centeribil.com\/wp-content\/uploads\/2025\/07\/LAMEN-13-scaled.jpg 1920w, https:\/\/centeribil.com\/wp-content\/uploads\/2025\/07\/LAMEN-13-225x300.jpg 225w, https:\/\/centeribil.com\/wp-content\/uploads\/2025\/07\/LAMEN-13-768x1024.jpg 768w, https:\/\/centeribil.com\/wp-content\/uploads\/2025\/07\/LAMEN-13-1152x1536.jpg 1152w, https:\/\/centeribil.com\/wp-content\/uploads\/2025\/07\/LAMEN-13-1536x2048.jpg 1536w, https:\/\/centeribil.com\/wp-content\/uploads\/2025\/07\/LAMEN-13-270x360.jpg 270w, https:\/\/centeribil.com\/wp-content\/uploads\/2025\/07\/LAMEN-13-1200x1600.jpg 1200w, https:\/\/centeribil.com\/wp-content\/uploads\/2025\/07\/LAMEN-13-360x480.jpg 360w, https:\/\/centeribil.com\/wp-content\/uploads\/2025\/07\/LAMEN-13-600x800.jpg 600w\" sizes=\"(max-width: 1920px) 100vw, 1920px\" \/><\/div>\n\t\t<\/figure>\n\t<\/div>\n<\/div><\/div><\/div><\/div><\/div><\/div><\/div><\/div>\n<\/div>","protected":false},"excerpt":{"rendered":"LAMEN - Laboratoire Essais des Menuiseries Essai pour porte coupe feu \u00bd heure Essai r\u00e9alis\u00e9 selon la norme NT 31.41 et qui \u00a0a un but de d\u00e9terminer les caract\u00e9ristiques techniques du bloc porte selon les analyses suivantes :Dimensions du bloc...","protected":false},"author":1,"featured_media":0,"parent":1114,"menu_order":0,"comment_status":"open","ping_status":"closed","template":"","meta":{"footnotes":""},"class_list":["post-1341","page","type-page","status-publish","hentry"],"_links":{"self":[{"href":"https:\/\/centeribil.com\/index.php?rest_route=\/wp\/v2\/pages\/1341","targetHints":{"allow":["GET"]}}],"collection":[{"href":"https:\/\/centeribil.com\/index.php?rest_route=\/wp\/v2\/pages"}],"about":[{"href":"https:\/\/centeribil.com\/index.php?rest_route=\/wp\/v2\/types\/page"}],"author":[{"embeddable":true,"href":"https:\/\/centeribil.com\/index.php?rest_route=\/wp\/v2\/users\/1"}],"replies":[{"embeddable":true,"href":"https:\/\/centeribil.com\/index.php?rest_route=%2Fwp%2Fv2%2Fcomments&post=1341"}],"version-history":[{"count":4,"href":"https:\/\/centeribil.com\/index.php?rest_route=\/wp\/v2\/pages\/1341\/revisions"}],"predecessor-version":[{"id":1373,"href":"https:\/\/centeribil.com\/index.php?rest_route=\/wp\/v2\/pages\/1341\/revisions\/1373"}],"up":[{"embeddable":true,"href":"https:\/\/centeribil.com\/index.php?rest_route=\/wp\/v2\/pages\/1114"}],"wp:attachment":[{"href":"https:\/\/centeribil.com\/index.php?rest_route=%2Fwp%2Fv2%2Fmedia&parent=1341"}],"curies":[{"name":"wp","href":"https:\/\/api.w.org\/{rel}","templated":true}]}}