{"id":1442,"date":"2025-07-29T07:31:32","date_gmt":"2025-07-29T07:31:32","guid":{"rendered":"https:\/\/centeribil.com\/?page_id=1442"},"modified":"2026-02-04T13:11:27","modified_gmt":"2026-02-04T13:11:27","slug":"menuiserie-de-batiment-et-charpente","status":"publish","type":"page","link":"https:\/\/centeribil.com\/?page_id=1442","title":{"rendered":"Menuiserie de b\u00e2timent et charpente"},"content":{"rendered":"<div class=\"wpb-content-wrapper\"><div class=\"vc_row wpb_row vc_row-fluid\"><div class=\"wpb_column vc_column_container vc_col-sm-12\"><div class=\"vc_column-inner\"><div class=\"wpb_wrapper\">\n\t<div class=\"wpb_text_column wpb_content_element\" >\n\t\t<div class=\"wpb_wrapper\">\n\t\t\t<div class=\"container my-1\">\n<div class=\"table-responsive\" style=\"max-width: 800px;\">\n<table class=\"table table-bordered table-striped align-middle\" style=\"font-size: 12px; width: 100%;\">\n<thead class=\"table-dark text-center\">\n<tr>\n<th>#<\/th>\n<th>D\u00e9nomination<\/th>\n<th>Activit\u00e9s<\/th>\n<th>T\u00e9l. si\u00e8ge\/usine<\/th>\n<th>Gouvernorat<\/th>\n<\/tr>\n<\/thead>\n<tbody>\n<tr>\n<td>1<\/td>\n<td>ALUBOIS<\/td>\n<td>Fabrication de charpentes et de menuiseries.<\/td>\n<td>36452816<\/td>\n<td>Manouba<\/td>\n<\/tr>\n<tr>\n<td>2<\/td>\n<td>AMG<\/td>\n<td>Fabrication de charpentes et de menuiseries &#8211; Meubles de cuisine.<\/td>\n<td>71409191<\/td>\n<td>Ben Arous<\/td>\n<\/tr>\n<tr>\n<td>3<\/td>\n<td>AMIN<\/td>\n<td>Fabrication de charpentes et de menuiseries.<\/td>\n<td>71704325 \/ 98302658<\/td>\n<td>Zaghouan<\/td>\n<\/tr>\n<tr>\n<td>4<\/td>\n<td>BEN GHORBAL<\/td>\n<td>Fabrication de charpentes et de menuiseries &#8211; Objets divers en bois.<\/td>\n<td>98308135<\/td>\n<td>Ben Arous<\/td>\n<\/tr>\n<tr>\n<td>5<\/td>\n<td>BOUGHARIOU NEJIB<\/td>\n<td>Fabrication de charpentes et de menuiseries.<\/td>\n<td>71555611 \/ 50525456<\/td>\n<td>Ariana<\/td>\n<\/tr>\n<tr>\n<td>6<\/td>\n<td>EEMAR INDUSTRIES<\/td>\n<td>Fabrication de charpentes et de menuiseries.<\/td>\n<td>36422219 \/ 73422376<\/td>\n<td>Monastir<\/td>\n<\/tr>\n<tr>\n<td>7<\/td>\n<td>EL FABRIKA ECO &#8211; BOIS<\/td>\n<td>Fabrication de charpentes et de menuiseries.<\/td>\n<td>55239600<\/td>\n<td>Tunis<\/td>\n<\/tr>\n<tr>\n<td>8<\/td>\n<td>GAN (BIR EL KASSAA)<\/td>\n<td>Panneaux de bois &#8211; Fabrication de charpentes et de menuiseries.<\/td>\n<td>70020520 \/ 70020800<\/td>\n<td>Ben Arous<\/td>\n<\/tr>\n<tr>\n<td>9<\/td>\n<td>LES ATELIERS DU CAP BON<\/td>\n<td>Fabrication de charpentes et de menuiseries.<\/td>\n<td>72221045<\/td>\n<td>Nabeul<\/td>\n<\/tr>\n<tr>\n<td>10<\/td>\n<td>LIGNE APOLLON<\/td>\n<td>Sciage, rabotage, impr\u00e9gnation du bois &#8211; Fabrication de charpentes et de menuiseries &#8211; Meubles de cuisine &#8211; Meubles N.C.A (Chambres \u00e0 coucher, salons, meubles pour jardins &#8230;).<\/td>\n<td>73420825 \/ 73420926<\/td>\n<td>Monastir<\/td>\n<\/tr>\n<tr>\n<td>11<\/td>\n<td>LMB<\/td>\n<td>Fabrication de charpentes et de menuiseries.<\/td>\n<td><\/td>\n<td>Sfax<\/td>\n<\/tr>\n<tr>\n<td>12<\/td>\n<td>MAISON BOIS MASSIF<\/td>\n<td>Fabrication de charpentes et de menuiseries.<\/td>\n<td>78585222<\/td>\n<td>Beja<\/td>\n<\/tr>\n<tr>\n<td>13<\/td>\n<td>MARKO MOBILI<\/td>\n<td>Fabrication de charpentes et de menuiseries &#8211; Meubles de Bureau et Magasin &#8211; Meubles de cuisine.<\/td>\n<td>25538000 \/ 74440802<\/td>\n<td>Sfax<\/td>\n<\/tr>\n<tr>\n<td>14<\/td>\n<td>MENUISERIE ZALILA<\/td>\n<td>Fabrication de charpentes et de menuiseries.<\/td>\n<td>74225209 \/ 74228882<\/td>\n<td>Sfax<\/td>\n<\/tr>\n<tr>\n<td>15<\/td>\n<td>MGGG<\/td>\n<td>Fabrication de charpentes et de menuiseries &#8211; Meubles N.C.A (Chambres \u00e0 coucher, salons, meubles pour jardins &#8230;).<\/td>\n<td>98322613<\/td>\n<td>Ariana<\/td>\n<\/tr>\n<tr>\n<td>16<\/td>\n<td>MODE GOMRI<\/td>\n<td>Fabrication de charpentes et de menuiseries.<\/td>\n<td>75868957<\/td>\n<td>Tataouine<\/td>\n<\/tr>\n<tr>\n<td>17<\/td>\n<td>NOUSSA DE BOISSERIE GLE<\/td>\n<td>Fabrication de charpentes et de menuiseries.<\/td>\n<td>74670718<\/td>\n<td>Sfax<\/td>\n<\/tr>\n<tr>\n<td>18<\/td>\n<td>SEQUOIA<\/td>\n<td>Fabrication de charpentes et de menuiseries.<\/td>\n<td>72682059<\/td>\n<td>Zaghouan<\/td>\n<\/tr>\n<tr>\n<td>19<\/td>\n<td>SOGEM (SFAX)<\/td>\n<td>Fabrication de charpentes et de menuiseries.<\/td>\n<td>74861420<\/td>\n<td>Sfax<\/td>\n<\/tr>\n<tr>\n<td>20<\/td>\n<td>SOMECOBOIS<\/td>\n<td>Fabrication de charpentes et de menuiseries.<\/td>\n<td>98318138 \/ 95343231<\/td>\n<td>Medenine<\/td>\n<\/tr>\n<tr>\n<td>21<\/td>\n<td>SOTEB<\/td>\n<td>Fabrication de charpentes et de menuiseries &#8211; Meubles de cuisine.<\/td>\n<td>79408547<\/td>\n<td>Ben Arous<\/td>\n<\/tr>\n<\/tbody>\n<\/table>\n<p>&nbsp;<\/p>\n<\/div>\n<\/div>\n\n\t\t<\/div>\n\t<\/div>\n<\/div><\/div><\/div><\/div>\n<\/div>","protected":false},"excerpt":{"rendered":"# D\u00e9nomination Activit\u00e9s T\u00e9l. si\u00e8ge\/usine Gouvernorat 1 ALUBOIS Fabrication de charpentes et de menuiseries. 36452816 Manouba 2 AMG Fabrication de charpentes et de menuiseries - Meubles de cuisine. 71409191 Ben Arous 3 AMIN Fabrication de charpentes et de menuiseries. 71704325...","protected":false},"author":1,"featured_media":0,"parent":1439,"menu_order":0,"comment_status":"open","ping_status":"closed","template":"","meta":{"footnotes":""},"class_list":["post-1442","page","type-page","status-publish","hentry"],"_links":{"self":[{"href":"https:\/\/centeribil.com\/index.php?rest_route=\/wp\/v2\/pages\/1442","targetHints":{"allow":["GET"]}}],"collection":[{"href":"https:\/\/centeribil.com\/index.php?rest_route=\/wp\/v2\/pages"}],"about":[{"href":"https:\/\/centeribil.com\/index.php?rest_route=\/wp\/v2\/types\/page"}],"author":[{"embeddable":true,"href":"https:\/\/centeribil.com\/index.php?rest_route=\/wp\/v2\/users\/1"}],"replies":[{"embeddable":true,"href":"https:\/\/centeribil.com\/index.php?rest_route=%2Fwp%2Fv2%2Fcomments&post=1442"}],"version-history":[{"count":3,"href":"https:\/\/centeribil.com\/index.php?rest_route=\/wp\/v2\/pages\/1442\/revisions"}],"predecessor-version":[{"id":1928,"href":"https:\/\/centeribil.com\/index.php?rest_route=\/wp\/v2\/pages\/1442\/revisions\/1928"}],"up":[{"embeddable":true,"href":"https:\/\/centeribil.com\/index.php?rest_route=\/wp\/v2\/pages\/1439"}],"wp:attachment":[{"href":"https:\/\/centeribil.com\/index.php?rest_route=%2Fwp%2Fv2%2Fmedia&parent=1442"}],"curies":[{"name":"wp","href":"https:\/\/api.w.org\/{rel}","templated":true}]}}