{"id":1443,"date":"2025-07-29T07:31:32","date_gmt":"2025-07-29T07:31:32","guid":{"rendered":"https:\/\/centeribil.com\/?page_id=1443"},"modified":"2026-02-04T13:05:17","modified_gmt":"2026-02-04T13:05:17","slug":"sciage-rabotage-et-impregnation","status":"publish","type":"page","link":"https:\/\/centeribil.com\/?page_id=1443","title":{"rendered":"Sciage, rabotage et  impr\u00e9gnation"},"content":{"rendered":"<div class=\"wpb-content-wrapper\"><section class=\"vc_section\"><div class=\"vc_row wpb_row vc_row-fluid\"><div class=\"wpb_column vc_column_container vc_col-sm-12\"><div class=\"vc_column-inner\"><div class=\"wpb_wrapper\">\n\t<div class=\"wpb_text_column wpb_content_element\" >\n\t\t<div class=\"wpb_wrapper\">\n\t\t\t<div class=\"container my-1\">\n<div class=\"table-responsive\" style=\"max-width: 800px;\">\n<table class=\"table table-bordered table-striped align-middle\" style=\"font-size: 12px; width: 100%;\">\n<thead class=\"table-dark text-center\">\n<tr>\n<th>#<\/th>\n<th>D\u00e9nomination<\/th>\n<th>Activit\u00e9s<\/th>\n<th>T\u00e9l. si\u00e8ge\/usine<\/th>\n<th>Gouvernorat<\/th>\n<\/tr>\n<\/thead>\n<tbody>\n<tr>\n<td>1<\/td>\n<td>GAN (TESTOUR)<\/td>\n<td>Sciage, rabotage, impr\u00e9gnation du bois.<\/td>\n<td>71450933 \/ 70020520<\/td>\n<td>Beja<\/td>\n<\/tr>\n<tr>\n<td>2<\/td>\n<td>KHEMAIES OULED ALI<\/td>\n<td>Sciage, rabotage, impr\u00e9gnation du bois &#8211; Emballages en bois.<\/td>\n<td>98556945 \/ 78670094<\/td>\n<td>Jendouba<\/td>\n<\/tr>\n<tr>\n<td>3<\/td>\n<td>LIGNE APOLLON<\/td>\n<td>Sciage, rabotage, impr\u00e9gnation du bois &#8211; Fabrication de charpentes et de menuiseries &#8211; Meubles de cuisine &#8211; Meubles N.C.A (Chambres \u00e0 coucher, salons, meubles pour jardins &#8230;).<\/td>\n<td>73420825 \/ 73420926<\/td>\n<td>Monastir<\/td>\n<\/tr>\n<tr>\n<td>4<\/td>\n<td>PANOBOIS<\/td>\n<td>Sciage, rabotage, impr\u00e9gnation du bois &#8211; Panneaux de bois.<\/td>\n<td>96538013 \/ 73308777<\/td>\n<td>Sousse<\/td>\n<\/tr>\n<tr>\n<td>5<\/td>\n<td>PPI<\/td>\n<td>Sciage, rabotage, impr\u00e9gnation du bois.<\/td>\n<td>72668436<\/td>\n<td>Zaghouan<\/td>\n<\/tr>\n<\/tbody>\n<\/table>\n<p>&nbsp;<\/p>\n<\/div>\n<\/div>\n\n\t\t<\/div>\n\t<\/div>\n<div class=\"vc_empty_space\"   style=\"height: 32px\"><span class=\"vc_empty_space_inner\"><\/span><\/div><\/div><\/div><\/div><\/div><div class=\"vc_row wpb_row vc_row-fluid\"><div class=\"wpb_column vc_column_container vc_col-sm-12\"><div class=\"vc_column-inner\"><div class=\"wpb_wrapper\"><\/div><\/div><\/div><\/div><\/section>\n<\/div>","protected":false},"excerpt":{"rendered":"# D\u00e9nomination Activit\u00e9s T\u00e9l. si\u00e8ge\/usine Gouvernorat 1 GAN (TESTOUR) Sciage, rabotage, impr\u00e9gnation du bois. 71450933 \/ 70020520 Beja 2 KHEMAIES OULED ALI Sciage, rabotage, impr\u00e9gnation du bois - Emballages en bois. 98556945 \/ 78670094 Jendouba 3 LIGNE APOLLON Sciage, rabotage,...","protected":false},"author":1,"featured_media":0,"parent":1439,"menu_order":0,"comment_status":"open","ping_status":"closed","template":"","meta":{"footnotes":""},"class_list":["post-1443","page","type-page","status-publish","hentry"],"_links":{"self":[{"href":"https:\/\/centeribil.com\/index.php?rest_route=\/wp\/v2\/pages\/1443","targetHints":{"allow":["GET"]}}],"collection":[{"href":"https:\/\/centeribil.com\/index.php?rest_route=\/wp\/v2\/pages"}],"about":[{"href":"https:\/\/centeribil.com\/index.php?rest_route=\/wp\/v2\/types\/page"}],"author":[{"embeddable":true,"href":"https:\/\/centeribil.com\/index.php?rest_route=\/wp\/v2\/users\/1"}],"replies":[{"embeddable":true,"href":"https:\/\/centeribil.com\/index.php?rest_route=%2Fwp%2Fv2%2Fcomments&post=1443"}],"version-history":[{"count":7,"href":"https:\/\/centeribil.com\/index.php?rest_route=\/wp\/v2\/pages\/1443\/revisions"}],"predecessor-version":[{"id":1927,"href":"https:\/\/centeribil.com\/index.php?rest_route=\/wp\/v2\/pages\/1443\/revisions\/1927"}],"up":[{"embeddable":true,"href":"https:\/\/centeribil.com\/index.php?rest_route=\/wp\/v2\/pages\/1439"}],"wp:attachment":[{"href":"https:\/\/centeribil.com\/index.php?rest_route=%2Fwp%2Fv2%2Fmedia&parent=1443"}],"curies":[{"name":"wp","href":"https:\/\/api.w.org\/{rel}","templated":true}]}}