{"id":1448,"date":"2025-07-29T07:32:43","date_gmt":"2025-07-29T07:32:43","guid":{"rendered":"https:\/\/centeribil.com\/?page_id=1448"},"modified":"2026-02-04T13:15:33","modified_gmt":"2026-02-04T13:15:33","slug":"emballages-en-bois","status":"publish","type":"page","link":"https:\/\/centeribil.com\/?page_id=1448","title":{"rendered":"Emballages en bois"},"content":{"rendered":"<div class=\"wpb-content-wrapper\"><div class=\"vc_row wpb_row vc_row-fluid\"><div class=\"wpb_column vc_column_container vc_col-sm-12\"><div class=\"vc_column-inner\"><div class=\"wpb_wrapper\">\n\t<div class=\"wpb_text_column wpb_content_element\" >\n\t\t<div class=\"wpb_wrapper\">\n\t\t\t<div class=\"container my-1\">\n<div class=\"table-responsive\" style=\"max-width: 800px;\">\n<table class=\"table table-bordered table-striped align-middle\" style=\"font-size: 12px; width: 100%;\">\n<thead class=\"table-dark text-center\">\n<tr>\n<th>#<\/th>\n<th>D\u00e9nomination<\/th>\n<th>Activit\u00e9s<\/th>\n<th>T\u00e9l. si\u00e8ge\/usine<\/th>\n<th>Gouvernorat<\/th>\n<\/tr>\n<\/thead>\n<tbody>\n<tr>\n<td>1<\/td>\n<td>ECOPALME<\/td>\n<td>Emballages en bois.<\/td>\n<td>21168848 \/ 21686459<\/td>\n<td>Gabes<\/td>\n<\/tr>\n<tr>\n<td>2<\/td>\n<td>FPT<\/td>\n<td>Emballages en bois.<\/td>\n<td>71409449 \/ 71409429<\/td>\n<td>Ben Arous<\/td>\n<\/tr>\n<tr>\n<td>3<\/td>\n<td>GREENPAL<\/td>\n<td>Emballages en bois.<\/td>\n<td>71765805<\/td>\n<td>Beja<\/td>\n<\/tr>\n<tr>\n<td>4<\/td>\n<td>KHEMAIES OULED ALI<\/td>\n<td>Sciage, rabotage, impr\u00e9gnation du bois &#8211; Emballages en bois.<\/td>\n<td>98556945 \/ 78670094<\/td>\n<td>Jendouba<\/td>\n<\/tr>\n<tr>\n<td>5<\/td>\n<td>NOVA CAISSE<\/td>\n<td>Emballages en bois.<\/td>\n<td>50606233<\/td>\n<td>Sousse<\/td>\n<\/tr>\n<tr>\n<td>6<\/td>\n<td>PALETTE PLUS<\/td>\n<td>Emballages en bois.<\/td>\n<td>97431364<\/td>\n<td>Ben Arous<\/td>\n<\/tr>\n<tr>\n<td>7<\/td>\n<td>SUP PALETTE<\/td>\n<td>Emballages en bois.<\/td>\n<td>70038567 \/ 75228937<\/td>\n<td>Gabes<\/td>\n<\/tr>\n<\/tbody>\n<\/table>\n<p>&nbsp;<\/p>\n<\/div>\n<\/div>\n\n\t\t<\/div>\n\t<\/div>\n<\/div><\/div><\/div><\/div>\n<\/div>","protected":false},"excerpt":{"rendered":"# D\u00e9nomination Activit\u00e9s T\u00e9l. si\u00e8ge\/usine Gouvernorat 1 ECOPALME Emballages en bois. 21168848 \/ 21686459 Gabes 2 FPT Emballages en bois. 71409449 \/ 71409429 Ben Arous 3 GREENPAL Emballages en bois. 71765805 Beja 4 KHEMAIES OULED ALI Sciage, rabotage, impr\u00e9gnation du...","protected":false},"author":1,"featured_media":0,"parent":1439,"menu_order":0,"comment_status":"open","ping_status":"closed","template":"","meta":{"footnotes":""},"class_list":["post-1448","page","type-page","status-publish","hentry"],"_links":{"self":[{"href":"https:\/\/centeribil.com\/index.php?rest_route=\/wp\/v2\/pages\/1448","targetHints":{"allow":["GET"]}}],"collection":[{"href":"https:\/\/centeribil.com\/index.php?rest_route=\/wp\/v2\/pages"}],"about":[{"href":"https:\/\/centeribil.com\/index.php?rest_route=\/wp\/v2\/types\/page"}],"author":[{"embeddable":true,"href":"https:\/\/centeribil.com\/index.php?rest_route=\/wp\/v2\/users\/1"}],"replies":[{"embeddable":true,"href":"https:\/\/centeribil.com\/index.php?rest_route=%2Fwp%2Fv2%2Fcomments&post=1448"}],"version-history":[{"count":3,"href":"https:\/\/centeribil.com\/index.php?rest_route=\/wp\/v2\/pages\/1448\/revisions"}],"predecessor-version":[{"id":1930,"href":"https:\/\/centeribil.com\/index.php?rest_route=\/wp\/v2\/pages\/1448\/revisions\/1930"}],"up":[{"embeddable":true,"href":"https:\/\/centeribil.com\/index.php?rest_route=\/wp\/v2\/pages\/1439"}],"wp:attachment":[{"href":"https:\/\/centeribil.com\/index.php?rest_route=%2Fwp%2Fv2%2Fmedia&parent=1448"}],"curies":[{"name":"wp","href":"https:\/\/api.w.org\/{rel}","templated":true}]}}