{"id":1450,"date":"2025-07-29T07:33:09","date_gmt":"2025-07-29T07:33:09","guid":{"rendered":"https:\/\/centeribil.com\/?page_id=1450"},"modified":"2026-02-04T13:17:45","modified_gmt":"2026-02-04T13:17:45","slug":"objets-divers-en-bois","status":"publish","type":"page","link":"https:\/\/centeribil.com\/?page_id=1450","title":{"rendered":"Objets divers en bois"},"content":{"rendered":"<div class=\"wpb-content-wrapper\"><div class=\"vc_row wpb_row vc_row-fluid\"><div class=\"wpb_column vc_column_container vc_col-sm-12\"><div class=\"vc_column-inner\"><div class=\"wpb_wrapper\">\n\t<div class=\"wpb_text_column wpb_content_element\" >\n\t\t<div class=\"wpb_wrapper\">\n\t\t\t<div class=\"container my-1\">\n<div class=\"table-responsive\" style=\"max-width: 900px;\">\n<table class=\"table table-bordered table-striped align-middle\" style=\"font-size: 12px; width: 100%;\">\n<thead class=\"table-dark text-center\">\n<tr>\n<th>#<\/th>\n<th>D\u00e9nomination<\/th>\n<th>Activit\u00e9s<\/th>\n<th>T\u00e9l. si\u00e8ge\/usine<\/th>\n<th>Gouvernorat<\/th>\n<\/tr>\n<\/thead>\n<tbody>\n<tr>\n<td>1<\/td>\n<td>ARTISAN WOOD SKILLS<\/td>\n<td>Objets divers en bois.<\/td>\n<td>20650004<\/td>\n<td>Sfax<\/td>\n<\/tr>\n<tr>\n<td>2<\/td>\n<td>BEN GHORBAL<\/td>\n<td>Fabrication de charpentes et de menuiseries &#8211; Objets divers en bois.<\/td>\n<td>98308135<\/td>\n<td>Ben Arous<\/td>\n<\/tr>\n<tr>\n<td>3<\/td>\n<td>CRAFTS WOOD<\/td>\n<td>Objets divers en bois.<\/td>\n<td>98747276 \/ 98747275<\/td>\n<td>Sfax<\/td>\n<\/tr>\n<tr>\n<td>4<\/td>\n<td>EMPREINTE BOIS<\/td>\n<td>Objets divers en bois &#8211; Meubles N.C.A (Chambres \u00e0 coucher, salons, meubles pour jardins &#8230;).<\/td>\n<td>72361130 \/ 22053023<\/td>\n<td>Nabeul<\/td>\n<\/tr>\n<tr>\n<td>5<\/td>\n<td>FUNEXPORT COFFIN INTERNATIONAL<\/td>\n<td>Objets divers en bois.<\/td>\n<td>54128620<\/td>\n<td>Ben Arous<\/td>\n<\/tr>\n<tr>\n<td>6<\/td>\n<td>INDUSTRIELLE 2MA<\/td>\n<td>Objets divers en bois.<\/td>\n<td>28478282<\/td>\n<td>Sfax<\/td>\n<\/tr>\n<tr>\n<td>7<\/td>\n<td>LA TRINGLE<\/td>\n<td>Objets divers en bois.<\/td>\n<td>73342566<\/td>\n<td>Sousse<\/td>\n<\/tr>\n<tr>\n<td>8<\/td>\n<td>L&rsquo;OLIVIER<\/td>\n<td>Objets divers en bois.<\/td>\n<td>98591518<\/td>\n<td>Sidi Bouzid<\/td>\n<\/tr>\n<tr>\n<td>9<\/td>\n<td>MAISON NATURE<\/td>\n<td>Objets divers en bois.<\/td>\n<td>98134336<\/td>\n<td>Beja<\/td>\n<\/tr>\n<tr>\n<td>10<\/td>\n<td>OLIVINE<\/td>\n<td>Objets divers en bois.<\/td>\n<td>97473737 \/ 76624250<\/td>\n<td>Sidi Bouzid<\/td>\n<\/tr>\n<tr>\n<td>11<\/td>\n<td>SOFAMART<\/td>\n<td>Objets divers en bois.<\/td>\n<td>55323939<\/td>\n<td>Beja<\/td>\n<\/tr>\n<\/tbody>\n<\/table>\n<p>&nbsp;<\/p>\n<\/div>\n<\/div>\n\n\t\t<\/div>\n\t<\/div>\n<\/div><\/div><\/div><\/div>\n<\/div>","protected":false},"excerpt":{"rendered":"# D\u00e9nomination Activit\u00e9s T\u00e9l. si\u00e8ge\/usine Gouvernorat 1 ARTISAN WOOD SKILLS Objets divers en bois. 20650004 Sfax 2 BEN GHORBAL Fabrication de charpentes et de menuiseries - Objets divers en bois. 98308135 Ben Arous 3 CRAFTS WOOD Objets divers en bois....","protected":false},"author":1,"featured_media":0,"parent":1439,"menu_order":0,"comment_status":"open","ping_status":"closed","template":"","meta":{"footnotes":""},"class_list":["post-1450","page","type-page","status-publish","hentry"],"_links":{"self":[{"href":"https:\/\/centeribil.com\/index.php?rest_route=\/wp\/v2\/pages\/1450","targetHints":{"allow":["GET"]}}],"collection":[{"href":"https:\/\/centeribil.com\/index.php?rest_route=\/wp\/v2\/pages"}],"about":[{"href":"https:\/\/centeribil.com\/index.php?rest_route=\/wp\/v2\/types\/page"}],"author":[{"embeddable":true,"href":"https:\/\/centeribil.com\/index.php?rest_route=\/wp\/v2\/users\/1"}],"replies":[{"embeddable":true,"href":"https:\/\/centeribil.com\/index.php?rest_route=%2Fwp%2Fv2%2Fcomments&post=1450"}],"version-history":[{"count":4,"href":"https:\/\/centeribil.com\/index.php?rest_route=\/wp\/v2\/pages\/1450\/revisions"}],"predecessor-version":[{"id":1931,"href":"https:\/\/centeribil.com\/index.php?rest_route=\/wp\/v2\/pages\/1450\/revisions\/1931"}],"up":[{"embeddable":true,"href":"https:\/\/centeribil.com\/index.php?rest_route=\/wp\/v2\/pages\/1439"}],"wp:attachment":[{"href":"https:\/\/centeribil.com\/index.php?rest_route=%2Fwp%2Fv2%2Fmedia&parent=1450"}],"curies":[{"name":"wp","href":"https:\/\/api.w.org\/{rel}","templated":true}]}}