{"id":1572,"date":"2025-08-11T07:56:36","date_gmt":"2025-08-11T07:56:36","guid":{"rendered":"https:\/\/centeribil.com\/?page_id=1572"},"modified":"2026-03-18T10:31:17","modified_gmt":"2026-03-18T10:31:17","slug":"cinquieme-edition","status":"publish","type":"page","link":"https:\/\/centeribil.com\/?page_id=1572","title":{"rendered":"Cinqui\u00e8me \u00e9dition"},"content":{"rendered":"<div class=\"wpb-content-wrapper\"><section class=\"vc_section\"><div class=\"vc_row wpb_row vc_row-fluid\"><div class=\"wpb_column vc_column_container vc_col-sm-6\"><div class=\"vc_column-inner\"><div class=\"wpb_wrapper\">\n\t<div class=\"wpb_text_column wpb_content_element\" >\n\t\t<div class=\"wpb_wrapper\">\n\t\t\t<p>Le CETIBA a organis\u00e9 la quatri\u00e8me \u00e9dition du concours euro-m\u00e9diterran\u00e9en Wood Innov Design le 28 mai 2025 au si\u00e8ge de l\u2019Union Tunisienne de l\u2019Industrie, du Commerce et de l\u2019Artisanat (UTICA). Le th\u00e8me de cette \u00e9dition \u00e9tait \u00abL\u2019innovation au service du bien-\u00eatre\u00a0: Articles modulables, encastrables ou multifonctionnels\u00bb.<\/p>\n<p>Au total, 69 \u00e9tudiants et \u00e9l\u00e8ves de 16 institutions, dont des \u00e9coles d&rsquo;ing\u00e9nieurs, de design, d&rsquo;arts graphiques, d&rsquo;architecture et des centres de formation sp\u00e9cialis\u00e9s, tant publics que priv\u00e9s, ainsi que des m\u00e9dias, des repr\u00e9sentants du Minist\u00e8re de l&rsquo;Industrie et des industriels.<\/p>\n<p>Au moins six (06) prix ont \u00e9t\u00e9 d\u00e9cern\u00e9s aux laur\u00e9ats du concours et 02 prix seront attribu\u00e9s aux institutions gagnantes\u00a0:<\/p>\n<ul>\n<li><strong>1er prix<\/strong> : Aymen BEN ELHAFSY (CSFMBM Monastir) \u2013 Un ch\u00e8que cadeau d\u2019une valeur de 6 mille dinars.<\/li>\n<li><strong>2\u00e8me prix<\/strong> : Syrine BEN HAJ SALAH\u00a0 (ISBAT Tunis) \u2013 Un ch\u00e8que cadeau d\u2019une valeur de 4 mille dinars.<\/li>\n<li><strong>3\u00e8me prix<\/strong> : Rahma CHEFFI (ISBAT Tunis) \u2013 Un ch\u00e8que cadeau d\u2019une valeur de 2 mille dinars.<\/li>\n<li><strong>4\u00e8me prix<\/strong> : Maryem JEBELI (ISBAN Nabeul) \u2013 Un ch\u00e8que cadeau d\u2019une valeur de 1,5 mille dinars.<\/li>\n<li><strong>5\u00e8me prix<\/strong> : Sameh ZAIDIA (ESSTED Tunis) \u2013 Un ch\u00e8que cadeau d\u2019une valeur de 1 mille dinars.<\/li>\n<\/ul>\n<p><u>Prix \u00ab\u00a0Meilleure Institution\u00a0\u00bb :<\/u><\/p>\n<ul>\n<li>Prix pour la premi\u00e8re institution<br \/>\n&#8211; Une journ\u00e9e de formation offerte par la Soci\u00e9t\u00e9 \u00ab Blum Afrique du Nord Tunisie\u00bb, r\u00e9serv\u00e9e aux encadrant(e)s, avec<br \/>\n&#8211; Un d\u00e9jeuner convivial et des cadeaux de remerciement.<\/li>\n<li>Prix pour la premi\u00e8re institution<br \/>\n&#8211; Une session de formation offerte par \u00ab le CETIBA \u00bb pour les encadrant(e)s dans les locaux du centre.<\/li>\n<\/ul>\n<p><u>Pour tous les laur\u00e9ats et leurs encadrant(e)s<\/u><\/p>\n<ul>\n<li>Une journ\u00e9e de formation offerte par la Soci\u00e9t\u00e9 \u00ab\u00a0Blum Afrique du Nord Tunisie\u00bb, avec un d\u00e9jeuner convivial et des cadeaux de remerciement<\/li>\n<\/ul>\n<p>&nbsp;<\/p>\n\n\t\t<\/div>\n\t<\/div>\n<\/div><\/div><\/div><div class=\"wpb_column vc_column_container vc_col-sm-6\"><div class=\"vc_column-inner\"><div class=\"wpb_wrapper\"><div class=\"video-wrapper\"><iframe src=\"https:\/\/www.youtube.com\/embed\/M2gWaN0LHq8?wmode=transparent\" width=\"1280\" height=\"315\" style=\"border: none !important\"><\/iframe><\/div><\/div><\/div><\/div><\/div><\/section><section class=\"vc_section\"><div class=\"vc_row wpb_row vc_row-fluid\"><div class=\"wpb_column vc_column_container vc_col-sm-12\"><div class=\"vc_column-inner\"><div class=\"wpb_wrapper\"><\/div><\/div><\/div><\/div><\/section>\n<\/div>","protected":false},"excerpt":{"rendered":"Le CETIBA a organis\u00e9 la quatri\u00e8me \u00e9dition du concours euro-m\u00e9diterran\u00e9en Wood Innov Design le 28 mai 2025 au si\u00e8ge de l\u2019Union Tunisienne de l\u2019Industrie, du Commerce et de l\u2019Artisanat (UTICA). Le th\u00e8me de cette \u00e9dition \u00e9tait \u00abL\u2019innovation au service du...","protected":false},"author":1,"featured_media":0,"parent":0,"menu_order":0,"comment_status":"open","ping_status":"closed","template":"","meta":{"footnotes":""},"class_list":["post-1572","page","type-page","status-publish","hentry"],"_links":{"self":[{"href":"https:\/\/centeribil.com\/index.php?rest_route=\/wp\/v2\/pages\/1572","targetHints":{"allow":["GET"]}}],"collection":[{"href":"https:\/\/centeribil.com\/index.php?rest_route=\/wp\/v2\/pages"}],"about":[{"href":"https:\/\/centeribil.com\/index.php?rest_route=\/wp\/v2\/types\/page"}],"author":[{"embeddable":true,"href":"https:\/\/centeribil.com\/index.php?rest_route=\/wp\/v2\/users\/1"}],"replies":[{"embeddable":true,"href":"https:\/\/centeribil.com\/index.php?rest_route=%2Fwp%2Fv2%2Fcomments&post=1572"}],"version-history":[{"count":9,"href":"https:\/\/centeribil.com\/index.php?rest_route=\/wp\/v2\/pages\/1572\/revisions"}],"predecessor-version":[{"id":2171,"href":"https:\/\/centeribil.com\/index.php?rest_route=\/wp\/v2\/pages\/1572\/revisions\/2171"}],"wp:attachment":[{"href":"https:\/\/centeribil.com\/index.php?rest_route=%2Fwp%2Fv2%2Fmedia&parent=1572"}],"curies":[{"name":"wp","href":"https:\/\/api.w.org\/{rel}","templated":true}]}}