{"id":1707,"date":"2025-10-06T09:55:36","date_gmt":"2025-10-06T09:55:36","guid":{"rendered":"https:\/\/centeribil.com\/?page_id=1707"},"modified":"2025-10-06T10:52:04","modified_gmt":"2025-10-06T10:52:04","slug":"assistance-technique-2","status":"publish","type":"page","link":"https:\/\/centeribil.com\/?page_id=1707","title":{"rendered":"Assistance technique"},"content":{"rendered":"<div class=\"wpb-content-wrapper\"><div class=\"vc_row wpb_row vc_row-fluid\"><div class=\"wpb_column vc_column_container vc_col-sm-12\"><div class=\"vc_column-inner\"><div class=\"wpb_wrapper\">\n\t<div class=\"wpb_raw_code wpb_raw_html wpb_content_element\" >\n\t\t<div class=\"wpb_wrapper\">\n\t\t\t<style>#sp-ea-1202 .spcollapsing { height: 0; overflow: hidden; transition-property: height;transition-duration: 300ms;}#sp-ea-1202.sp-easy-accordion>.sp-ea-single {margin-bottom: 10px; border: 1px solid #e2e2e2; }#sp-ea-1202.sp-easy-accordion>.sp-ea-single>.ea-header a {color: #444;}#sp-ea-1202.sp-easy-accordion>.sp-ea-single>.sp-collapse>.ea-body {background: #fff; color: #444;}#sp-ea-1202.sp-easy-accordion>.sp-ea-single {background: #eee;}#sp-ea-1202.sp-easy-accordion>.sp-ea-single>.ea-header a .ea-expand-icon { float: left; color: #444;font-size: 16px;}<\/style><div id=\"sp_easy_accordion-1752500122\"><div id=\"sp-ea-1202\" class=\"sp-ea-one sp-easy-accordion\" data-ea-active=\"ea-click\" data-ea-mode=\"vertical\" data-preloader=\"\" data-scroll-active-item=\"\" data-offset-to-scroll=\"0\"><div class=\"ea-card ea-expand sp-ea-single\"><h6 class=\"ea-header\"><a class=\"collapsed\" id=\"ea-header-12020\" role=\"button\" data-sptoggle=\"spcollapse\" data-sptarget=\"#collapse12020\" aria-controls=\"collapse12020\" href=\"#\" aria-expanded=\"true\" tabindex=\"0\"><i aria-hidden=\"true\" role=\"presentation\" class=\"ea-expand-icon eap-icon-ea-expand-minus\"><\/i> Quelle est la condition requise pour b\u00e9n\u00e9ficier du programme de mise \u00e0 niveau ?<\/a><\/h6><div class=\"sp-collapse spcollapse collapsed show\" id=\"collapse12020\" data-parent=\"#sp-ea-1202\" role=\"region\" aria-labelledby=\"ea-header-12020\"> <div class=\"ea-body\"><p>L'entreprise industrielle doit \u00eatre d\u00e9clar\u00e9e \u00e0 l'APII et dont l'entr\u00e9e en production date d'au moins 2 ans.<\/p><\/div><\/div><\/div><div class=\"ea-card sp-ea-single\"><h6 class=\"ea-header\"><a class=\"collapsed\" id=\"ea-header-12021\" role=\"button\" data-sptoggle=\"spcollapse\" data-sptarget=\"#collapse12021\" aria-controls=\"collapse12021\" href=\"#\" aria-expanded=\"false\" tabindex=\"0\"><i aria-hidden=\"true\" role=\"presentation\" class=\"ea-expand-icon eap-icon-ea-expand-plus\"><\/i> Quel avantage l'entreprise peut-elle tirer du programme de mise \u00e0 niveau ?<\/a><\/h6><div class=\"sp-collapse spcollapse \" id=\"collapse12021\" data-parent=\"#sp-ea-1202\" role=\"region\" aria-labelledby=\"ea-header-12021\"> <div class=\"ea-body\"><ul><li>Investissements mat\u00e9riels, taux de prime entre 10 et 20% du co\u00fbt retenu (fonds propres : 20%, pr\u00eat bancaire : 10%).<\/li><li>Investissements immat\u00e9riels, taux de prime de 70% du co\u00fbt retenu.<\/li><li>Recrutement de cadres, 70% de leurs salaires bruts durant 2 ans avec un plafond de 14000 dinars par cadre.<\/li><\/ul><p>NB\u00a0: le mat\u00e9riel acquis doit \u00eatre neuf<\/p><\/div><\/div><\/div><div class=\"ea-card sp-ea-single\"><h6 class=\"ea-header\"><a class=\"collapsed\" id=\"ea-header-12022\" role=\"button\" data-sptoggle=\"spcollapse\" data-sptarget=\"#collapse12022\" aria-controls=\"collapse12022\" href=\"#\" aria-expanded=\"false\" tabindex=\"0\"><i aria-hidden=\"true\" role=\"presentation\" class=\"ea-expand-icon eap-icon-ea-expand-plus\"><\/i> Quelle est la condition requise pour b\u00e9n\u00e9ficier de l\u2019ITP ?<\/a><\/h6><div class=\"sp-collapse spcollapse \" id=\"collapse12022\" data-parent=\"#sp-ea-1202\" role=\"region\" aria-labelledby=\"ea-header-12022\"> <div class=\"ea-body\"><p>L'entreprise industrielle doit \u00eatre d\u00e9clar\u00e9e \u00e0 l'APII et dont l'entr\u00e9e en production date d'au moins une ann\u00e9e.<\/p><\/div><\/div><\/div><div class=\"ea-card sp-ea-single\"><h6 class=\"ea-header\"><a class=\"collapsed\" id=\"ea-header-12023\" role=\"button\" data-sptoggle=\"spcollapse\" data-sptarget=\"#collapse12023\" aria-controls=\"collapse12023\" href=\"#\" aria-expanded=\"false\" tabindex=\"0\"><i aria-hidden=\"true\" role=\"presentation\" class=\"ea-expand-icon eap-icon-ea-expand-plus\"><\/i> Quel avantage l'entreprise peut-elle tirer de l\u2019ITP ?<\/a><\/h6><div class=\"sp-collapse spcollapse \" id=\"collapse12023\" data-parent=\"#sp-ea-1202\" role=\"region\" aria-labelledby=\"ea-header-12023\"> <div class=\"ea-body\"><ul><li>Investissements mat\u00e9riels, taux de prime de 50% du co\u00fbt retenu, avec un plafond de 100.000 dinars sur 5 ans.<\/li><li>Investissements immat\u00e9riels, taux de prime de 70% du co\u00fbt retenu avec un plafond de 70.000 dinars sur 5 ans.<\/li><li>Recrutement de cadres, 70% de leurs salaires bruts durant 2 ans avec un plafond de 14.000 dinars par cadre.<\/li><\/ul><\/div><\/div><\/div><div class=\"ea-card sp-ea-single\"><h6 class=\"ea-header\"><a class=\"collapsed\" id=\"ea-header-12024\" role=\"button\" data-sptoggle=\"spcollapse\" data-sptarget=\"#collapse12024\" aria-controls=\"collapse12024\" href=\"#\" aria-expanded=\"false\" tabindex=\"0\"><i aria-hidden=\"true\" role=\"presentation\" class=\"ea-expand-icon eap-icon-ea-expand-plus\"><\/i> Quelle est la condition requise pour b\u00e9n\u00e9ficier de FOPRODEX ?<\/a><\/h6><div class=\"sp-collapse spcollapse \" id=\"collapse12024\" data-parent=\"#sp-ea-1202\" role=\"region\" aria-labelledby=\"ea-header-12024\"> <div class=\"ea-body\"><p>Seules les entreprises tunisiennes r\u00e9sidentes peuvent b\u00e9n\u00e9ficier du FOPRODEX<\/p><\/div><\/div><\/div><div class=\"ea-card sp-ea-single\"><h6 class=\"ea-header\"><a class=\"collapsed\" id=\"ea-header-12025\" role=\"button\" data-sptoggle=\"spcollapse\" data-sptarget=\"#collapse12025\" aria-controls=\"collapse12025\" href=\"#\" aria-expanded=\"false\" tabindex=\"0\"><i aria-hidden=\"true\" role=\"presentation\" class=\"ea-expand-icon eap-icon-ea-expand-plus\"><\/i> Quel avantage financier l'entreprise peut-elle tirer de FOPRODEX ?<\/a><\/h6><div class=\"sp-collapse spcollapse \" id=\"collapse12025\" data-parent=\"#sp-ea-1202\" role=\"region\" aria-labelledby=\"ea-header-12025\"> <div class=\"ea-body\"><ul><li>Taux de subvention entre 30 et 50%<\/li><li>Taux de pr\u00eats entre 40 et 50%<\/li><\/ul><\/div><\/div><\/div><div class=\"ea-card sp-ea-single\"><h6 class=\"ea-header\"><a class=\"collapsed\" id=\"ea-header-12026\" role=\"button\" data-sptoggle=\"spcollapse\" data-sptarget=\"#collapse12026\" aria-controls=\"collapse12026\" href=\"#\" aria-expanded=\"false\" tabindex=\"0\"><i aria-hidden=\"true\" role=\"presentation\" class=\"ea-expand-icon eap-icon-ea-expand-plus\"><\/i> Le CETIBA peut-il nous aider \u00e0 exporter \u00e0 l'\u00e9tranger ?<\/a><\/h6><div class=\"sp-collapse spcollapse \" id=\"collapse12026\" data-parent=\"#sp-ea-1202\" role=\"region\" aria-labelledby=\"ea-header-12026\"> <div class=\"ea-body\"><p>Le CETIBA ne peut pas intervenir dans les affaires d'exportation.<\/p><\/div><\/div><\/div><\/div><\/div>\n\t\t<\/div>\n\t<\/div>\n<\/div><\/div><\/div><\/div>\n<\/div>","protected":false},"excerpt":{"rendered":"Quelle est la condition requise pour b\u00e9n\u00e9ficier du programme de mise \u00e0 niveau ? L'entreprise industrielle doit \u00eatre d\u00e9clar\u00e9e \u00e0 l'APII et dont l'entr\u00e9e en production date d'au moins 2 ans. Quel avantage l'entreprise peut-elle tirer du programme de mise...","protected":false},"author":1,"featured_media":0,"parent":0,"menu_order":0,"comment_status":"open","ping_status":"closed","template":"","meta":{"footnotes":""},"class_list":["post-1707","page","type-page","status-publish","hentry"],"_links":{"self":[{"href":"https:\/\/centeribil.com\/index.php?rest_route=\/wp\/v2\/pages\/1707","targetHints":{"allow":["GET"]}}],"collection":[{"href":"https:\/\/centeribil.com\/index.php?rest_route=\/wp\/v2\/pages"}],"about":[{"href":"https:\/\/centeribil.com\/index.php?rest_route=\/wp\/v2\/types\/page"}],"author":[{"embeddable":true,"href":"https:\/\/centeribil.com\/index.php?rest_route=\/wp\/v2\/users\/1"}],"replies":[{"embeddable":true,"href":"https:\/\/centeribil.com\/index.php?rest_route=%2Fwp%2Fv2%2Fcomments&post=1707"}],"version-history":[{"count":2,"href":"https:\/\/centeribil.com\/index.php?rest_route=\/wp\/v2\/pages\/1707\/revisions"}],"predecessor-version":[{"id":1722,"href":"https:\/\/centeribil.com\/index.php?rest_route=\/wp\/v2\/pages\/1707\/revisions\/1722"}],"wp:attachment":[{"href":"https:\/\/centeribil.com\/index.php?rest_route=%2Fwp%2Fv2%2Fmedia&parent=1707"}],"curies":[{"name":"wp","href":"https:\/\/api.w.org\/{rel}","templated":true}]}}