{"id":1708,"date":"2025-10-06T09:55:45","date_gmt":"2025-10-06T09:55:45","guid":{"rendered":"https:\/\/centeribil.com\/?page_id=1708"},"modified":"2026-03-19T10:05:37","modified_gmt":"2026-03-19T10:05:37","slug":"mecanismes-de-financement-formation","status":"publish","type":"page","link":"https:\/\/centeribil.com\/?page_id=1708","title":{"rendered":"Formation et Encadrement"},"content":{"rendered":"<div class=\"wpb-content-wrapper\"><div class=\"vc_row wpb_row vc_row-fluid\"><div class=\"wpb_column vc_column_container vc_col-sm-12\"><div class=\"vc_column-inner\"><div class=\"wpb_wrapper\">\n\t<div class=\"wpb_raw_code wpb_raw_html wpb_content_element\" >\n\t\t<div class=\"wpb_wrapper\">\n\t\t\t<style>#sp-ea-1205 .spcollapsing { height: 0; overflow: hidden; transition-property: height;transition-duration: 300ms;}#sp-ea-1205.sp-easy-accordion>.sp-ea-single {margin-bottom: 10px; border: 1px solid #e2e2e2; }#sp-ea-1205.sp-easy-accordion>.sp-ea-single>.ea-header a {color: #444;}#sp-ea-1205.sp-easy-accordion>.sp-ea-single>.sp-collapse>.ea-body {background: #fff; color: #444;}#sp-ea-1205.sp-easy-accordion>.sp-ea-single {background: #eee;}#sp-ea-1205.sp-easy-accordion>.sp-ea-single>.ea-header a .ea-expand-icon { float: left; color: #444;font-size: 16px;}<\/style><div id=\"sp_easy_accordion-1752500344\"><div id=\"sp-ea-1205\" class=\"sp-ea-one sp-easy-accordion\" data-ea-active=\"ea-click\" data-ea-mode=\"vertical\" data-preloader=\"\" data-scroll-active-item=\"\" data-offset-to-scroll=\"0\"><div class=\"ea-card ea-expand sp-ea-single\"><h6 class=\"ea-header\"><a class=\"collapsed\" id=\"ea-header-12050\" role=\"button\" data-sptoggle=\"spcollapse\" data-sptarget=\"#collapse12050\" aria-controls=\"collapse12050\" href=\"#\" aria-expanded=\"true\" tabindex=\"0\"><i aria-hidden=\"true\" role=\"presentation\" class=\"ea-expand-icon eap-icon-ea-expand-minus\"><\/i> Les formations du CETIBA sont-elles dipl\u00f4mantes ?<\/a><\/h6><div class=\"sp-collapse spcollapse collapsed show\" id=\"collapse12050\" data-parent=\"#sp-ea-1205\" role=\"region\" aria-labelledby=\"ea-header-12050\"> <div class=\"ea-body\"><p>Le CETIBA d\u00e9livre uniquement des attestations de formation<\/p><\/div><\/div><\/div><div class=\"ea-card sp-ea-single\"><h6 class=\"ea-header\"><a class=\"collapsed\" id=\"ea-header-12051\" role=\"button\" data-sptoggle=\"spcollapse\" data-sptarget=\"#collapse12051\" aria-controls=\"collapse12051\" href=\"#\" aria-expanded=\"false\" tabindex=\"0\"><i aria-hidden=\"true\" role=\"presentation\" class=\"ea-expand-icon eap-icon-ea-expand-plus\"><\/i> Le centre dispense-t-il des formations de longue dur\u00e9e ?<\/a><\/h6><div class=\"sp-collapse spcollapse \" id=\"collapse12051\" data-parent=\"#sp-ea-1205\" role=\"region\" aria-labelledby=\"ea-header-12051\"> <div class=\"ea-body\"><p>Les formations du centre sont de courte dur\u00e9e et de maximum cinq jours<\/p><\/div><\/div><\/div><div class=\"ea-card sp-ea-single\"><h6 class=\"ea-header\"><a class=\"collapsed\" id=\"ea-header-12052\" role=\"button\" data-sptoggle=\"spcollapse\" data-sptarget=\"#collapse12052\" aria-controls=\"collapse12052\" href=\"#\" aria-expanded=\"false\" tabindex=\"0\"><i aria-hidden=\"true\" role=\"presentation\" class=\"ea-expand-icon eap-icon-ea-expand-plus\"><\/i> Est-ce que toutes les formations fournies par le CETIBA sont th\u00e9oriques ?<\/a><\/h6><div class=\"sp-collapse spcollapse \" id=\"collapse12052\" data-parent=\"#sp-ea-1205\" role=\"region\" aria-labelledby=\"ea-header-12052\"> <div class=\"ea-body\"><p>Le centre propose \u00e9galement des formations pratiques<\/p><\/div><\/div><\/div><div class=\"ea-card sp-ea-single\"><h6 class=\"ea-header\"><a class=\"collapsed\" id=\"ea-header-12053\" role=\"button\" data-sptoggle=\"spcollapse\" data-sptarget=\"#collapse12053\" aria-controls=\"collapse12053\" href=\"#\" aria-expanded=\"false\" tabindex=\"0\"><i aria-hidden=\"true\" role=\"presentation\" class=\"ea-expand-icon eap-icon-ea-expand-plus\"><\/i> Est-ce que les formations sont gratuites?<\/a><\/h6><div class=\"sp-collapse spcollapse \" id=\"collapse12053\" data-parent=\"#sp-ea-1205\" role=\"region\" aria-labelledby=\"ea-header-12053\"> <div class=\"ea-body\"><p>Les formations du centre sont payantes, mais \u00e0 un prix raisonnable.<\/p><\/div><\/div><\/div><div class=\"ea-card sp-ea-single\"><h6 class=\"ea-header\"><a class=\"collapsed\" id=\"ea-header-12054\" role=\"button\" data-sptoggle=\"spcollapse\" data-sptarget=\"#collapse12054\" aria-controls=\"collapse12054\" href=\"#\" aria-expanded=\"false\" tabindex=\"0\"><i aria-hidden=\"true\" role=\"presentation\" class=\"ea-expand-icon eap-icon-ea-expand-plus\"><\/i> Quelles entreprises sont \u00e9ligibles au cr\u00e9dit d'imp\u00f4t (TFP)?<\/a><\/h6><div class=\"sp-collapse spcollapse \" id=\"collapse12054\" data-parent=\"#sp-ea-1205\" role=\"region\" aria-labelledby=\"ea-header-12054\"> <div class=\"ea-body\"><p>Les entreprises assujetties \u00e0 la taxe de formation professionnelle et dont le montant annuel de la taxe due au titre de l\u2019ann\u00e9e pr\u00e9c\u00e9dent l\u2019ann\u00e9e de r\u00e9alisation des activit\u00e9s de formation est sup\u00e9rieur ou \u00e9gal \u00e0 1000 Dinars.<\/p><\/div><\/div><\/div><div class=\"ea-card sp-ea-single\"><h6 class=\"ea-header\"><a class=\"collapsed\" id=\"ea-header-12055\" role=\"button\" data-sptoggle=\"spcollapse\" data-sptarget=\"#collapse12055\" aria-controls=\"collapse12055\" href=\"#\" aria-expanded=\"false\" tabindex=\"0\"><i aria-hidden=\"true\" role=\"presentation\" class=\"ea-expand-icon eap-icon-ea-expand-plus\"><\/i> Quel avantage l'entreprise peut-elle tirer du cr\u00e9dit d'imp\u00f4t (TFP)?<\/a><\/h6><div class=\"sp-collapse spcollapse \" id=\"collapse12055\" data-parent=\"#sp-ea-1205\" role=\"region\" aria-labelledby=\"ea-header-12055\"> <div class=\"ea-body\"><ul><li>La formation initiale : l\u2019apprentissage, la formation en alternance, les stages pratiques obligatoires,<\/li><li>La formation continue en Tunisie ou \u00e0 l\u2019\u00e9tranger,<\/li><li>Les \u00e9tudes et les consultations en formation,<\/li><li>Le salaire du responsable de formation (sous conditions).<\/li><li>La formation dans les centres int\u00e9gr\u00e9s<\/li><\/ul><\/div><\/div><\/div><div class=\"ea-card sp-ea-single\"><h6 class=\"ea-header\"><a class=\"collapsed\" id=\"ea-header-12056\" role=\"button\" data-sptoggle=\"spcollapse\" data-sptarget=\"#collapse12056\" aria-controls=\"collapse12056\" href=\"#\" aria-expanded=\"false\" tabindex=\"0\"><i aria-hidden=\"true\" role=\"presentation\" class=\"ea-expand-icon eap-icon-ea-expand-plus\"><\/i> Quelles entreprises sont \u00e9ligibles au droit de tirage?<\/a><\/h6><div class=\"sp-collapse spcollapse \" id=\"collapse12056\" data-parent=\"#sp-ea-1205\" role=\"region\" aria-labelledby=\"ea-header-12056\"> <div class=\"ea-body\"><ul><li>Les entreprises priv\u00e9es assujetties \u00e0 la taxe de formation professionnelle et dont le montant annuel de la TFP due est inf\u00e9rieur \u00e0 mille dinars.<\/li><li>Les entreprises priv\u00e9es dont le montant annuel de la taxe de formation professionnelle due est sup\u00e9rieur ou \u00e9gal \u00e0 mille dinars et qui n\u2019ont pas utilis\u00e9 le droit \u00e0 l\u2019avance sur la taxe de formation professionnelle.<\/li><li>Les entreprises priv\u00e9es qui ont \u00e9puis\u00e9 l\u2019utilisation de l\u2019avance sur la taxe de formation professionnelle pour l\u2019ann\u00e9e concern\u00e9e par la r\u00e9alisation des activit\u00e9s de formation.<\/li><li>Les entreprises non soumises ou exon\u00e9r\u00e9es de la taxe de formation professionnelle<\/li><li>Les entreprises nouvellement cr\u00e9\u00e9es (moins que 3 ann\u00e9es d\u2019activit\u00e9)<\/li><li>Les petites et moyennes entreprises appartenant \u00e0 des secteurs d\u00e9finis annuellement.<\/li><\/ul><\/div><\/div><\/div><div class=\"ea-card sp-ea-single\"><h6 class=\"ea-header\"><a class=\"collapsed\" id=\"ea-header-12057\" role=\"button\" data-sptoggle=\"spcollapse\" data-sptarget=\"#collapse12057\" aria-controls=\"collapse12057\" href=\"#\" aria-expanded=\"false\" tabindex=\"0\"><i aria-hidden=\"true\" role=\"presentation\" class=\"ea-expand-icon eap-icon-ea-expand-plus\"><\/i> Quel avantage l'entreprise peut-elle tirer du droit de tirage?<\/a><\/h6><div class=\"sp-collapse spcollapse \" id=\"collapse12057\" data-parent=\"#sp-ea-1205\" role=\"region\" aria-labelledby=\"ea-header-12057\"> <div class=\"ea-body\"><p>Les \u00e9tudes et les consultations en formation<\/p><ul><li>Diagnostic des besoins en formation et \u00e9laboration d\u2019un plan de formation.<\/li><li>\u00c9valuation de l\u2019impact de la formation.<\/li><li>Autres \u00e9tudes et consultations.<\/li><\/ul><p>La formation continue en Tunisie dans un cadre individuel (intra entreprise ou inter entreprises).<\/p><\/div><\/div><\/div><div class=\"ea-card sp-ea-single\"><h6 class=\"ea-header\"><a class=\"collapsed\" id=\"ea-header-12058\" role=\"button\" data-sptoggle=\"spcollapse\" data-sptarget=\"#collapse12058\" aria-controls=\"collapse12058\" href=\"#\" aria-expanded=\"false\" tabindex=\"0\"><i aria-hidden=\"true\" role=\"presentation\" class=\"ea-expand-icon eap-icon-ea-expand-plus\"><\/i> Les formations du CETIBA sont-elles d\u00e9di\u00e9es uniquement aux entreprises ?<\/a><\/h6><div class=\"sp-collapse spcollapse \" id=\"collapse12058\" data-parent=\"#sp-ea-1205\" role=\"region\" aria-labelledby=\"ea-header-12058\"> <div class=\"ea-body\"><p>Le CETIBA propose \u00e9galement des formations pour les start-up, les artisans et tous les demandeurs de formation.<\/p><\/div><\/div><\/div><\/div><\/div>\n\t\t<\/div>\n\t<\/div>\n<\/div><\/div><\/div><\/div>\n<\/div>","protected":false},"excerpt":{"rendered":"Les formations du CETIBA sont-elles dipl\u00f4mantes ? Le CETIBA d\u00e9livre uniquement des attestations de formation Le centre dispense-t-il des formations de longue dur\u00e9e ? Les formations du centre sont de courte dur\u00e9e et de maximum cinq jours Est-ce que toutes...","protected":false},"author":1,"featured_media":0,"parent":0,"menu_order":0,"comment_status":"open","ping_status":"closed","template":"","meta":{"footnotes":""},"class_list":["post-1708","page","type-page","status-publish","hentry"],"_links":{"self":[{"href":"https:\/\/centeribil.com\/index.php?rest_route=\/wp\/v2\/pages\/1708","targetHints":{"allow":["GET"]}}],"collection":[{"href":"https:\/\/centeribil.com\/index.php?rest_route=\/wp\/v2\/pages"}],"about":[{"href":"https:\/\/centeribil.com\/index.php?rest_route=\/wp\/v2\/types\/page"}],"author":[{"embeddable":true,"href":"https:\/\/centeribil.com\/index.php?rest_route=\/wp\/v2\/users\/1"}],"replies":[{"embeddable":true,"href":"https:\/\/centeribil.com\/index.php?rest_route=%2Fwp%2Fv2%2Fcomments&post=1708"}],"version-history":[{"count":4,"href":"https:\/\/centeribil.com\/index.php?rest_route=\/wp\/v2\/pages\/1708\/revisions"}],"predecessor-version":[{"id":2183,"href":"https:\/\/centeribil.com\/index.php?rest_route=\/wp\/v2\/pages\/1708\/revisions\/2183"}],"wp:attachment":[{"href":"https:\/\/centeribil.com\/index.php?rest_route=%2Fwp%2Fv2%2Fmedia&parent=1708"}],"curies":[{"name":"wp","href":"https:\/\/api.w.org\/{rel}","templated":true}]}}