{"id":1749,"date":"2025-10-08T09:25:15","date_gmt":"2025-10-08T09:25:15","guid":{"rendered":"https:\/\/centeribil.com\/?page_id=1749"},"modified":"2025-10-27T10:14:08","modified_gmt":"2025-10-27T10:14:08","slug":"formation-et-encadrement-2","status":"publish","type":"page","link":"https:\/\/centeribil.com\/?page_id=1749","title":{"rendered":"Les m\u00e9canismes de Financement de la Formation"},"content":{"rendered":"<div class=\"wpb-content-wrapper\"><div class=\"vc_row wpb_row vc_row-fluid\"><div class=\"wpb_column vc_column_container vc_col-sm-12\"><div class=\"vc_column-inner\"><div class=\"wpb_wrapper\">\n\t<div class=\"wpb_text_column wpb_content_element\" >\n\t\t<div class=\"wpb_wrapper\">\n\t\t\t<h2><strong><u>Cr\u00e9dit d\u2019Imp\u00f4t<\/u><\/strong><\/h2>\n<p>L\u2019avance sur la taxe de formation professionnelle est un cr\u00e9dit fiscal dont le montant \u00e9quivaut au maximum \u00e0 60% de la taxe due au titre de l\u2019ann\u00e9e pr\u00e9c\u00e9dant l\u2019ann\u00e9e de r\u00e9alisation des actions de formation.<\/p>\n<p><strong>Activit\u00e9s \u00e9ligibles<\/strong><\/p>\n<ul>\n<li>La formation initiale\u00a0: l\u2019apprentissage, la formation en alternance, les stages pratiques obligatoires<\/li>\n<li>La formation continue en Tunisie ou \u00e0 l\u2019\u00e9tranger<\/li>\n<li>Les \u00e9tudes et les consultations en formation<\/li>\n<li>Le salaire du responsable de formation (sous conditions)<\/li>\n<li>La formation dans les centres int\u00e9gr\u00e9s<\/li>\n<\/ul>\n<h2><strong><u>Droit de Tirage (Demandes individuelles)<\/u><\/strong><\/h2>\n<p>Les droits de tirage permettent aux entreprises \u00e9conomiques priv\u00e9es ayant leur situation fiscale en r\u00e8gle, de b\u00e9n\u00e9ficier d\u2019un financement direct au titre des activit\u00e9s de formation r\u00e9alis\u00e9es au profit de leurs agents en contrepartie de leur contribution \u00e0 la formation initiale (apprentissage, formation en alternance et stages obligatoires).<\/p>\n<p><strong>Activit\u00e9s \u00e9ligibles <\/strong><\/p>\n<ul>\n<li>Etudes et consultations en formation<\/li>\n<li>Diagnostic des besoins en formation et \u00e9laboration d\u2019un plan de formation,<\/li>\n<li>Evaluation de l\u2019impact de la formation,<\/li>\n<li>Autres \u00e9tudes et consultations,<\/li>\n<li>Formation continue en Tunisie<\/li>\n<\/ul>\n<h2><strong><u>Les Droits de Tirage (Demandes collectives)<br \/>\n<\/u><\/strong><\/h2>\n<p>Les droits de tirage permettent aux partenaires professionnels de b\u00e9n\u00e9ficier d\u2019un financement des actions de formation collectives r\u00e9alis\u00e9es au profit des entreprises adh\u00e9rentes dans le cadre d\u2019une convention de partenariat.<\/p>\n<p><strong>Activit\u00e9s \u00e9ligibles<\/strong><\/p>\n<ul>\n<li>Formation continue en Tunisie dans le cadre collectif en mode inter- entreprise ANISMES.<\/li>\n<\/ul>\n<p>&nbsp;<\/p>\n\n\t\t<\/div>\n\t<\/div>\n<div class=\"vc_empty_space\"   style=\"height: 32px\"><span class=\"vc_empty_space_inner\"><\/span><\/div><\/div><\/div><\/div><\/div>\n<\/div>","protected":false},"excerpt":{"rendered":"Cr\u00e9dit d\u2019Imp\u00f4t L\u2019avance sur la taxe de formation professionnelle est un cr\u00e9dit fiscal dont le montant \u00e9quivaut au maximum \u00e0 60% de la taxe due au titre de l\u2019ann\u00e9e pr\u00e9c\u00e9dant l\u2019ann\u00e9e de r\u00e9alisation des actions de formation. Activit\u00e9s \u00e9ligibles La...","protected":false},"author":1,"featured_media":0,"parent":1182,"menu_order":0,"comment_status":"open","ping_status":"closed","template":"","meta":{"footnotes":""},"class_list":["post-1749","page","type-page","status-publish","hentry"],"_links":{"self":[{"href":"https:\/\/centeribil.com\/index.php?rest_route=\/wp\/v2\/pages\/1749","targetHints":{"allow":["GET"]}}],"collection":[{"href":"https:\/\/centeribil.com\/index.php?rest_route=\/wp\/v2\/pages"}],"about":[{"href":"https:\/\/centeribil.com\/index.php?rest_route=\/wp\/v2\/types\/page"}],"author":[{"embeddable":true,"href":"https:\/\/centeribil.com\/index.php?rest_route=\/wp\/v2\/users\/1"}],"replies":[{"embeddable":true,"href":"https:\/\/centeribil.com\/index.php?rest_route=%2Fwp%2Fv2%2Fcomments&post=1749"}],"version-history":[{"count":3,"href":"https:\/\/centeribil.com\/index.php?rest_route=\/wp\/v2\/pages\/1749\/revisions"}],"predecessor-version":[{"id":1885,"href":"https:\/\/centeribil.com\/index.php?rest_route=\/wp\/v2\/pages\/1749\/revisions\/1885"}],"up":[{"embeddable":true,"href":"https:\/\/centeribil.com\/index.php?rest_route=\/wp\/v2\/pages\/1182"}],"wp:attachment":[{"href":"https:\/\/centeribil.com\/index.php?rest_route=%2Fwp%2Fv2%2Fmedia&parent=1749"}],"curies":[{"name":"wp","href":"https:\/\/api.w.org\/{rel}","templated":true}]}}