{"id":1754,"date":"2025-10-08T10:11:45","date_gmt":"2025-10-08T10:11:45","guid":{"rendered":"https:\/\/centeribil.com\/?page_id=1754"},"modified":"2026-03-24T14:14:25","modified_gmt":"2026-03-24T14:14:25","slug":"mecanismes-recherche","status":"publish","type":"page","link":"https:\/\/centeribil.com\/?page_id=1754","title":{"rendered":"Les m\u00e9canismes de financement de l\u2019innovation"},"content":{"rendered":"<div class=\"wpb-content-wrapper\"><div class=\"vc_row wpb_row vc_row-fluid\"><div class=\"wpb_column vc_column_container vc_col-sm-12\"><div class=\"vc_column-inner\"><div class=\"wpb_wrapper\"><div class=\"vc_row wpb_row vc_inner vc_row-fluid\"><div class=\"wpb_column vc_column_container vc_col-sm-12\"><div class=\"vc_column-inner\"><div class=\"wpb_wrapper\"><h2 class='heading-left  style-1' ><span>\u00a0 \u00a0 \u00a0COINOV<\/span><\/h2>\n\t<div class=\"wpb_text_column wpb_content_element\" >\n\t\t<div class=\"wpb_wrapper\">\n\t\t\t<p><strong> \u00a0 \u00a0 \u00a0 \u00a0 \u00a0 Objectif du programme<\/strong><\/p>\n<p>Soutenir l&rsquo;innovation collaborative entre les entreprises et les structures de recherche, en facilitant le partage de comp\u00e9tences et de ressources.<\/p>\n<p>&nbsp;<\/p>\n<p><strong>\u00a0 \u00a0 \u00a0 \u00a0 \u00a0 Avantages financiers<\/strong><\/p>\n<p>COINNOV est un fonds d\u00e9di\u00e9 \u00e0 la Recherche, D\u00e9veloppement et Innovation qui:<\/p>\n<ul>\n<li>Apporte un soutien technique et financier sous forme de subventions.<\/li>\n<li>Cible 40 projets d&rsquo;innovation d\u00e9velopp\u00e9s et mis en \u0153uvre par des entreprises en coop\u00e9ration avec un prestataire de services (priv\u00e9 ou public).<\/li>\n<\/ul>\n<p><u>Site web<\/u>\u00a0: <a href=\"https:\/\/smartcapital.tn\/coinnov\/\">https:\/\/smartcapital.tn\/coinnov\/<\/a><\/p>\n\n\t\t<\/div>\n\t<\/div>\n<\/div><\/div><\/div><\/div><div class=\"vc_row wpb_row vc_inner vc_row-fluid\"><div class=\"wpb_column vc_column_container vc_col-sm-12\"><div class=\"vc_column-inner\"><div class=\"wpb_wrapper\"><h2 class='heading-left  style-1' ><span>\u00a0 \u00a0 \u00a0Les Projets de Recherche F\u00e9d\u00e9r\u00e9e (PRF)<\/span><\/h2>\n\t<div class=\"wpb_text_column wpb_content_element\" >\n\t\t<div class=\"wpb_wrapper\">\n\t\t\t<p><strong>\u00a0 \u00a0 \u00a0 \u00a0 \u00a0 Objectif du programme<\/strong><\/p>\n<p>Les PRF visent \u00e0 mobiliser les comp\u00e9tences et la cr\u00e9ation de synergies entre les structures de recherche (Laboratoires et Unit\u00e9s de recherche) et des partenaires socio-\u00e9conomiques, publics ou priv\u00e9s, qu\u2019il s\u2019agisse d\u2019entreprises, d\u2019organismes sp\u00e9cialis\u00e9s, d\u2019associations, ou autres, en vue d\u2019apporter des solutions concr\u00e8tes \u00e0 des probl\u00e9matiques cibl\u00e9es en liaison avec le d\u00e9veloppement socio-\u00e9conomique du pays.<\/p>\n<p>&nbsp;<\/p>\n<p><strong>\u00a0 \u00a0 \u00a0 \u00a0 \u00a0 Avantages financiers<\/strong><\/p>\n<p>Un financement annuel sur une dur\u00e9e maximale de 4 ans (une tranche par an) est accord\u00e9.<\/p>\n<p>Il servira principalement pour :<\/p>\n<ul>\n<li>Acqu\u00e9rir des \u00e9quipements scientifiques<\/li>\n<li>Couvrir les frais de fonctionnement<\/li>\n<li>Couvrir les frais d\u2019animation et du suivi du r\u00e9seau<\/li>\n<li>Employer du personnel d\u2019appui et \u00e9tudiants<\/li>\n<\/ul>\n\n\t\t<\/div>\n\t<\/div>\n<\/div><\/div><\/div><\/div><div class=\"vc_row wpb_row vc_inner vc_row-fluid\"><div class=\"wpb_column vc_column_container vc_col-sm-12\"><div class=\"vc_column-inner\"><div class=\"wpb_wrapper\"><h2 class='heading-left  style-1' ><span>\u00a0 \u00a0 \u00a0Les projets de Valorisation des R\u00e9sultats de Recherche (VRR)<\/span><\/h2>\n\t<div class=\"wpb_text_column wpb_content_element\" >\n\t\t<div class=\"wpb_wrapper\">\n\t\t\t<p><strong>\u00a0 \u00a0 \u00a0 \u00a0 \u00a0 \u00a0 Objectifs du programme<\/strong><\/p>\n<ul>\n<li style=\"list-style-type: none;\">\n<ul>\n<li>Le d\u00e9veloppement de prototypes de nouveaux syst\u00e8mes con\u00e7us dans les structures de recherche ou l\u2019am\u00e9lioration substantielle d\u2019un syst\u00e8me, d\u2019un proc\u00e9d\u00e9, d\u2019un dispositif ou d\u2019un produit.<\/li>\n<li>La promotion du transfert des r\u00e9sultats de recherche des structures de recherche vers le syst\u00e8me productif.<\/li>\n<\/ul>\n<\/li>\n<\/ul>\n<p><strong>\u00a0 \u00a0 \u00a0 \u00a0 \u00a0 \u00a0 Avantages financiers<br \/>\n<\/strong><\/p>\n<p>Les financements peuvent couvrir les rubriques suivantes :<\/p>\n<ul>\n<li>\u00c9quipements<\/li>\n<li>Frais de maintenance et d\u2019entretien des \u00e9quipements acquis dans le cadre du projet<\/li>\n<li>Consommables<\/li>\n<li>Frais de sous-traitance<\/li>\n<li>Documentation et frais d\u2019utilisation des r\u00e9seaux des banques de donn\u00e9es nationales et internationales<\/li>\n<li>D\u00e9placements et h\u00e9bergements en Tunisie des membres de l\u2019\u00e9quipe de recherche<\/li>\n<\/ul>\n\n\t\t<\/div>\n\t<\/div>\n<\/div><\/div><\/div><\/div><\/div><\/div><\/div><\/div><div class=\"vc_row wpb_row vc_row-fluid\"><div class=\"wpb_column vc_column_container vc_col-sm-12\"><div class=\"vc_column-inner\"><div class=\"wpb_wrapper\"><h2 class='heading-left  style-1' ><span>\u00a0 \u00a0 \u00a0Les appuis financiers en fonds propres destin\u00e9s aux promoteurs cr\u00e9ateurs d\u2019entreprises<\/span><\/h2>\n\t<div class=\"wpb_text_column wpb_content_element\" >\n\t\t<div class=\"wpb_wrapper\">\n\t\t\t<p>Ils sont destin\u00e9s \u00e0 l\u2019appui \u00e0 la cr\u00e9ation d\u2019entreprises innovantes par le financement de certains stades du processus d\u2019innovation. Dans cette cat\u00e9gorie, on distingue les instruments suivants :<\/p>\n<ul>\n<li>Le Fonds de Promotion et de D\u00e9centralisation Industrielle \u00abFOPRODI\u00bb<\/li>\n<li>Le R\u00e9gime d\u2019Incitation \u00e0 la Cr\u00e9ativit\u00e9 et \u00e0 l\u2019Innovation dans le domaine des TIC \u00ab RIICTIC \u00bb<\/li>\n<li>Les Fonds d\u2019amor\u00e7age \u00ab IKDAM I \u00bb et \u00ab Phenicia Seed Fund \u00bb<\/li>\n<li>Les Soci\u00e9t\u00e9s d\u2019Investissement \u00e0 Capital-Risque \u00ab SICAR \u00bb<\/li>\n<li>L\u2019Organisation des Nations Unies pour le d\u00e9veloppement industriel ONUDI<\/li>\n<li>La Coop\u00e9ration allemande au d\u00e9veloppement GIZ<\/li>\n<li>La Banque Mondiale<\/li>\n<\/ul>\n\n\t\t<\/div>\n\t<\/div>\n<div class=\"vc_empty_space\"   style=\"height: 32px\"><span class=\"vc_empty_space_inner\"><\/span><\/div><\/div><\/div><\/div><\/div><div class=\"vc_row wpb_row vc_row-fluid\"><div class=\"wpb_column vc_column_container vc_col-sm-12\"><div class=\"vc_column-inner\"><div class=\"wpb_wrapper\"><\/div><\/div><\/div><\/div>\n<\/div>","protected":false},"excerpt":{"rendered":"\u00a0 \u00a0 \u00a0COINOV \u00a0 \u00a0 \u00a0 \u00a0 \u00a0 Objectif du programme Soutenir l'innovation collaborative entre les entreprises et les structures de recherche, en facilitant le partage de comp\u00e9tences et de ressources. &nbsp; \u00a0 \u00a0 \u00a0 \u00a0 \u00a0 Avantages financiers COINNOV...","protected":false},"author":1,"featured_media":0,"parent":1187,"menu_order":0,"comment_status":"open","ping_status":"closed","template":"","meta":{"footnotes":""},"class_list":["post-1754","page","type-page","status-publish","hentry"],"_links":{"self":[{"href":"https:\/\/centeribil.com\/index.php?rest_route=\/wp\/v2\/pages\/1754","targetHints":{"allow":["GET"]}}],"collection":[{"href":"https:\/\/centeribil.com\/index.php?rest_route=\/wp\/v2\/pages"}],"about":[{"href":"https:\/\/centeribil.com\/index.php?rest_route=\/wp\/v2\/types\/page"}],"author":[{"embeddable":true,"href":"https:\/\/centeribil.com\/index.php?rest_route=\/wp\/v2\/users\/1"}],"replies":[{"embeddable":true,"href":"https:\/\/centeribil.com\/index.php?rest_route=%2Fwp%2Fv2%2Fcomments&post=1754"}],"version-history":[{"count":8,"href":"https:\/\/centeribil.com\/index.php?rest_route=\/wp\/v2\/pages\/1754\/revisions"}],"predecessor-version":[{"id":2213,"href":"https:\/\/centeribil.com\/index.php?rest_route=\/wp\/v2\/pages\/1754\/revisions\/2213"}],"up":[{"embeddable":true,"href":"https:\/\/centeribil.com\/index.php?rest_route=\/wp\/v2\/pages\/1187"}],"wp:attachment":[{"href":"https:\/\/centeribil.com\/index.php?rest_route=%2Fwp%2Fv2%2Fmedia&parent=1754"}],"curies":[{"name":"wp","href":"https:\/\/api.w.org\/{rel}","templated":true}]}}