{"id":254,"date":"2014-12-10T07:17:49","date_gmt":"2014-12-10T07:17:49","guid":{"rendered":"http:\/\/anpsthemes.com\/constructo\/?page_id=254"},"modified":"2025-10-10T10:28:02","modified_gmt":"2025-10-10T10:28:02","slug":"essais-de-developpement-controle-interne-dun-produit","status":"publish","type":"page","link":"https:\/\/centeribil.com\/?page_id=254","title":{"rendered":"Essais de d\u00e9veloppement \/ contr\u00f4le interne d\u2019un produit"},"content":{"rendered":"<div class=\"wpb-content-wrapper\"><div class=\"vc_row wpb_row vc_row-fluid\"><div class=\"wpb_column vc_column_container vc_col-sm-12\"><div class=\"vc_column-inner\"><div class=\"wpb_wrapper\"><div class=\"vc_empty_space\"   style=\"height: 10px\"><span class=\"vc_empty_space_inner\"><\/span><\/div>\n\t<div class=\"wpb_text_column wpb_content_element\" >\n\t\t<div class=\"wpb_wrapper\">\n\t\t\t<ol>\n<li>R\u00e9ception de la demande client par le service commercial<\/li>\n<li>R\u00e9ception des \u00e9chantillons \u00e0 tester<\/li>\n<li>Elaboration d\u2019un devis<\/li>\n<li>Signature du devis par le client<\/li>\n<li>R\u00e9alisation des essais<\/li>\n<li>Elaboration d\u2019un rapport d\u2019essais<\/li>\n<li>Transmet du rapport d\u2019essais au client<\/li>\n<li>R\u00e9cup\u00e9ration des \u00e9chantillons test\u00e9s par le client<\/li>\n<li>Archivage du dossier<\/li>\n<\/ol>\n\n\t\t<\/div>\n\t<\/div>\n<\/div><\/div><\/div><\/div>\n<\/div>","protected":false},"excerpt":{"rendered":"R\u00e9ception de la demande client par le service commercial R\u00e9ception des \u00e9chantillons \u00e0 tester Elaboration d\u2019un devis Signature du devis par le client R\u00e9alisation des essais Elaboration d\u2019un rapport d\u2019essais Transmet du rapport d\u2019essais au client R\u00e9cup\u00e9ration des \u00e9chantillons test\u00e9s...","protected":false},"author":1,"featured_media":0,"parent":1733,"menu_order":0,"comment_status":"open","ping_status":"closed","template":"","meta":{"footnotes":""},"class_list":["post-254","page","type-page","status-publish","hentry"],"_links":{"self":[{"href":"https:\/\/centeribil.com\/index.php?rest_route=\/wp\/v2\/pages\/254","targetHints":{"allow":["GET"]}}],"collection":[{"href":"https:\/\/centeribil.com\/index.php?rest_route=\/wp\/v2\/pages"}],"about":[{"href":"https:\/\/centeribil.com\/index.php?rest_route=\/wp\/v2\/types\/page"}],"author":[{"embeddable":true,"href":"https:\/\/centeribil.com\/index.php?rest_route=\/wp\/v2\/users\/1"}],"replies":[{"embeddable":true,"href":"https:\/\/centeribil.com\/index.php?rest_route=%2Fwp%2Fv2%2Fcomments&post=254"}],"version-history":[{"count":5,"href":"https:\/\/centeribil.com\/index.php?rest_route=\/wp\/v2\/pages\/254\/revisions"}],"predecessor-version":[{"id":1772,"href":"https:\/\/centeribil.com\/index.php?rest_route=\/wp\/v2\/pages\/254\/revisions\/1772"}],"up":[{"embeddable":true,"href":"https:\/\/centeribil.com\/index.php?rest_route=\/wp\/v2\/pages\/1733"}],"wp:attachment":[{"href":"https:\/\/centeribil.com\/index.php?rest_route=%2Fwp%2Fv2%2Fmedia&parent=254"}],"curies":[{"name":"wp","href":"https:\/\/api.w.org\/{rel}","templated":true}]}}