{"id":258,"date":"2014-12-10T07:18:24","date_gmt":"2014-12-10T07:18:24","guid":{"rendered":"http:\/\/anpsthemes.com\/constructo\/?page_id=258"},"modified":"2026-03-24T16:14:24","modified_gmt":"2026-03-24T16:14:24","slug":"controle-technique-a-limportation","status":"publish","type":"page","link":"https:\/\/centeribil.com\/?page_id=258","title":{"rendered":"Contr\u00f4le   technique   \u00e0   l\u2019importation"},"content":{"rendered":"<div class=\"wpb-content-wrapper\"><div class=\"vc_row wpb_row vc_row-fluid\"><div class=\"wpb_column vc_column_container vc_col-sm-12\"><div class=\"vc_column-inner\"><div class=\"wpb_wrapper\">\n\t<div class=\"wpb_text_column wpb_content_element\" >\n\t\t<div class=\"wpb_wrapper\">\n\t\t\t<p>1- R\u00e9ception de la demande client par le service commercial ;Les documents demand\u00e9s par le service commercial sont :<\/p>\n<ul style=\"margin-left: 20px;\">\n<li>Demande d\u2019essais<\/li>\n<li>Avis d\u2019arriv\u00e9e<\/li>\n<li>Facture commerciale<\/li>\n<li>Titre<\/li>\n<li>Catalogue des produits import\u00e9s (facultatif)<\/li>\n<\/ul>\n<p>2- \u00c9laboration d\u2019une note de pr\u00e9l\u00e8vement des \u00e9chantillons \u00e0 tester<\/p>\n<p>3- Pr\u00e9l\u00e8vement des \u00e9chantillons en pr\u00e9sence d\u2019un agent du CETIBA<\/p>\n<p>4- R\u00e9ception des \u00e9chantillons au CETIBA avec le document D41 sign\u00e9<\/p>\n<p>5- \u00c9laboration d\u2019un devis<\/p>\n<p>6- Signature du devis par le client<\/p>\n<p>7- R\u00e9alisation des essais sur les \u00e9chantillons pr\u00e9lev\u00e9s<\/p>\n<p>8- \u00c9laboration d\u2019un rapport d\u2019essais<\/p>\n<p>9- Transmission du rapport d\u2019essais au client et au minist\u00e8re charg\u00e9 de l\u2019industrie<\/p>\n<p>10- R\u00e9cup\u00e9ration des \u00e9chantillons test\u00e9s par le client<\/p>\n<p>11- Archivage du dossier<\/p>\n\n\t\t<\/div>\n\t<\/div>\n<\/div><\/div><\/div><\/div>\n<\/div>","protected":false},"excerpt":{"rendered":"1- R\u00e9ception de la demande client par le service commercial ;Les documents demand\u00e9s par le service commercial sont : Demande d\u2019essais Avis d\u2019arriv\u00e9e Facture commerciale Titre Catalogue des produits import\u00e9s (facultatif) 2- \u00c9laboration d\u2019une note de pr\u00e9l\u00e8vement des \u00e9chantillons \u00e0...","protected":false},"author":1,"featured_media":0,"parent":1733,"menu_order":0,"comment_status":"open","ping_status":"closed","template":"","meta":{"footnotes":""},"class_list":["post-258","page","type-page","status-publish","hentry"],"_links":{"self":[{"href":"https:\/\/centeribil.com\/index.php?rest_route=\/wp\/v2\/pages\/258","targetHints":{"allow":["GET"]}}],"collection":[{"href":"https:\/\/centeribil.com\/index.php?rest_route=\/wp\/v2\/pages"}],"about":[{"href":"https:\/\/centeribil.com\/index.php?rest_route=\/wp\/v2\/types\/page"}],"author":[{"embeddable":true,"href":"https:\/\/centeribil.com\/index.php?rest_route=\/wp\/v2\/users\/1"}],"replies":[{"embeddable":true,"href":"https:\/\/centeribil.com\/index.php?rest_route=%2Fwp%2Fv2%2Fcomments&post=258"}],"version-history":[{"count":11,"href":"https:\/\/centeribil.com\/index.php?rest_route=\/wp\/v2\/pages\/258\/revisions"}],"predecessor-version":[{"id":2214,"href":"https:\/\/centeribil.com\/index.php?rest_route=\/wp\/v2\/pages\/258\/revisions\/2214"}],"up":[{"embeddable":true,"href":"https:\/\/centeribil.com\/index.php?rest_route=\/wp\/v2\/pages\/1733"}],"wp:attachment":[{"href":"https:\/\/centeribil.com\/index.php?rest_route=%2Fwp%2Fv2%2Fmedia&parent=258"}],"curies":[{"name":"wp","href":"https:\/\/api.w.org\/{rel}","templated":true}]}}