{"id":262,"date":"2014-12-10T07:18:50","date_gmt":"2014-12-10T07:18:50","guid":{"rendered":"http:\/\/anpsthemes.com\/constructo\/?page_id=262"},"modified":"2026-03-24T10:42:29","modified_gmt":"2026-03-24T10:42:29","slug":"acces-a-linformation","status":"publish","type":"page","link":"https:\/\/centeribil.com\/?page_id=262","title":{"rendered":"Acc\u00e8s \u00e0 l&rsquo;Information"},"content":{"rendered":"<div class=\"wpb-content-wrapper\"><div class=\"vc_row wpb_row vc_row-fluid\"><div class=\"wpb_column vc_column_container vc_col-sm-12\"><div class=\"vc_column-inner\"><div class=\"wpb_wrapper\"><div class=\"vc_empty_space\"   style=\"height: 20px\"><span class=\"vc_empty_space_inner\"><\/span><\/div>\n\t<div class=\"wpb_text_column wpb_content_element\" >\n\t\t<div class=\"wpb_wrapper\">\n\t\t\t<p>Dans le cadre du renforcement des principes de transparence et de reddition des comptes, \u00a0l\u2019am\u00e9lioration de la \u00a0gestion des services publics, le renforcement de la participation du public dans l\u2019\u00e9laboration, le suivi de la mise en \u0153uvre et l\u2019\u00e9valuation des politiques publiques, le raffermissement\u00a0 de la confiance entre les organismes soumis aux dispositions de la\u00a0 Loi, les personnes physiques et morales ainsi que les Organismes de la\u00a0 Soci\u00e9t\u00e9 Civile, la Constitution Tunisienne consacre dans son article 32 le droit d\u2019acc\u00e8s \u00e0 l\u2019information en tant que Droit Constitutionnel dont l\u2019exercice est garanti par l\u2019Etat. Aussi, la Loi organique n\u00b0 2016-22 du 24 mars 2016, relative au droit d\u2019acc\u00e8s \u00e0 l\u2019information, \u00e9nonce les mesures d\u2019application et \u00a0les proc\u00e9dures y aff\u00e9rentes.<\/p>\n\n\t\t<\/div>\n\t<\/div>\n<div class=\"vc_empty_space\"   style=\"height: 32px\"><span class=\"vc_empty_space_inner\"><\/span><\/div><\/div><\/div><\/div><\/div><div class=\"vc_row wpb_row vc_row-fluid\"><div class=\"wpb_column vc_column_container vc_col-sm-12\"><div class=\"vc_column-inner\"><div class=\"wpb_wrapper\">\n\t<div class=\"wpb_text_column wpb_content_element\" >\n\t\t<div class=\"wpb_wrapper\">\n\t\t\t<p>Ainsi, l\u2019acc\u00e8s \u00e0 l\u2019information s\u2019effectue soit par la publication proactive de l\u2019information par l\u2019organisme concern\u00e9 et le droit d\u2019y acc\u00e9der sur demande conform\u00e9ment aux articles 6,7 et 8 de la Loi, soit \u00e0 travers toute personne physique ou morale qui pr\u00e9sente une demande \u00e9crite d\u2019acc\u00e8s \u00e0 l\u2019information conform\u00e9ment \u00e0 un mod\u00e8le pr\u00e9\u00e9tabli, mis \u00e0 la disposition du public par l\u2019organisme (document \u00e0 T\u00e9l\u00e9charger).<\/p>\n<p>Le charg\u00e9\u00a0 d\u2019acc\u00e8s \u00e0 l\u2019information est tenu notamment de r\u00e9ceptionner les demandes d\u2019acc\u00e8s \u00e0 l\u2019information, les traiter et en r\u00e9pondre dans les d\u00e9lais impartis.<\/p>\n<p>Le demandeur d\u2019acc\u00e8s \u00e0 l\u2019information insatisfait de la d\u00e9cision prise au sujet de sa demande, peut faire un recours gracieux aupr\u00e8s du chef de l\u2019organisme concern\u00e9, dans un d\u00e9lai ne d\u00e9passant pas les vingt (20) jours suivants la notification de la d\u00e9cision. Le chef de l\u2019organisme est tenu de lui r\u00e9pondre dans les plus brefs d\u00e9lais possibles \u00e0 condition de ne pas d\u00e9passer un d\u00e9lai maximum de dix (10) jours \u00e0 compter de la date du d\u00e9p\u00f4t de la demande en r\u00e9vision.<\/p>\n<p>Le silence du chef de l\u2019organisme concern\u00e9, pendant ce d\u00e9lai, vaut refus tacite. Le demandeur d\u2019acc\u00e8s \u00e0 l\u2019information peut faire un recours directement aupr\u00e8s de l\u2019instance d\u2019acc\u00e8s \u00e0 l\u2019information.<\/p>\n\n\t\t<\/div>\n\t<\/div>\n<h3 class='heading-middle  style-1' ><span>Voici ci-apr\u00e8s le mod\u00e8le de la demande de recours :<\/span><\/h3><\/div><\/div><\/div><\/div><div class=\"vc_row wpb_row vc_row-fluid\"><div class=\"wpb_column vc_column_container vc_col-sm-6\"><div class=\"vc_column-inner\"><div class=\"wpb_wrapper\"><h5 class='heading-middle  style-1' ><span>Formulaire de demande d\u2019acc\u00e8s<\/span><\/h5><div class=\"vc_empty_space\"   style=\"height: 24px\"><span class=\"vc_empty_space_inner\"><\/span><\/div>\n\t<div class=\"wpb_raw_code wpb_raw_html wpb_content_element\" >\n\t\t<div class=\"wpb_wrapper\">\n\t\t\t<div class=\"_df_book df-lite\" id=\"df_1056\"  _slug=\"formulaire-demande-acces-information\" data-title=\"formulaire-demande-acces-information\" wpoptions=\"true\" thumbtype=\"\" ><\/div><script class=\"df-shortcode-script\" nowprocket type=\"application\/javascript\">window.option_df_1056 = {\"outline\":[],\"autoEnableOutline\":\"false\",\"autoEnableThumbnail\":\"false\",\"overwritePDFOutline\":\"false\",\"direction\":\"1\",\"pageSize\":\"0\",\"source\":\"https:\\\/\\\/centeribil.com\\\/wp-content\\\/uploads\\\/2025\\\/07\\\/Formulaire-demande-acces-information.pdf\",\"wpOptions\":\"true\"}; if(window.DFLIP && window.DFLIP.parseBooks){window.DFLIP.parseBooks();}<\/script>\n\t\t<\/div>\n\t<\/div>\n<\/div><\/div><\/div><div class=\"wpb_column vc_column_container vc_col-sm-6\"><div class=\"vc_column-inner\"><div class=\"wpb_wrapper\"><h5 class='heading-middle  style-1' ><span>Formulaire de demande de recours gracieux<\/span><\/h5>\n\t<div class=\"wpb_raw_code wpb_raw_html wpb_content_element\" >\n\t\t<div class=\"wpb_wrapper\">\n\t\t\t<div class=\"_df_book df-lite\" id=\"df_1053\"  _slug=\"formulaire-de-demande-de-recours-gracieux\" data-title=\"formulaire-de-demande-de-recours-gracieux\" wpoptions=\"true\" thumbtype=\"\" ><\/div><script class=\"df-shortcode-script\" nowprocket type=\"application\/javascript\">window.option_df_1053 = {\"outline\":[],\"autoEnableOutline\":\"false\",\"autoEnableThumbnail\":\"false\",\"overwritePDFOutline\":\"false\",\"direction\":\"1\",\"pageSize\":\"0\",\"source\":\"https:\\\/\\\/centeribil.com\\\/wp-content\\\/uploads\\\/2025\\\/07\\\/Formulaire-de-demande-de-recours-gracieux.pdf\",\"wpOptions\":\"true\"}; if(window.DFLIP && window.DFLIP.parseBooks){window.DFLIP.parseBooks();}<\/script>\n\t\t<\/div>\n\t<\/div>\n<\/div><\/div><\/div><\/div><div class=\"vc_row wpb_row vc_row-fluid\"><div class=\"wpb_column vc_column_container vc_col-sm-12 vc_hidden-lg vc_hidden-md vc_hidden-sm vc_hidden-xs\"><div class=\"vc_column-inner\"><div class=\"wpb_wrapper\">\n\t<div class=\"wpb_text_column wpb_content_element\" >\n\t\t<div class=\"wpb_wrapper\">\n\t\t\t<p style=\"text-align: right;\"><strong>Source : <\/strong><a href=\"http:\/\/www.inai.tn\/fr\"><strong>www.inai.tn\/fr<\/strong><\/a><\/p>\n<h3><strong><u>Charg\u00e9 d\u2019acc\u00e8s et son adjoint<\/u><\/strong><\/h3>\n<p>En application des dispositions de la loi organique n\u00b02016-22 du 24 mars 2016 et de la circulaire n\u00b019 du 18 Mai 2018 visant \u00e0 garantir l\u2019exercice de ce droit constitutionnel et relatif au droit d\u2019acc\u00e8s \u00e0 l\u2019information, le Centre Technique de l\u2019Industrie du Bois et de l\u2019Ameublement a nomm\u00e9 les personnes suivantes :<\/p>\n\n\t\t<\/div>\n\t<\/div>\n<\/div><\/div><\/div><\/div>\n<\/div>","protected":false},"excerpt":{"rendered":"Dans le cadre du renforcement des principes de transparence et de reddition des comptes, \u00a0l\u2019am\u00e9lioration de la \u00a0gestion des services publics, le renforcement de la participation du public dans l\u2019\u00e9laboration, le suivi de la mise en \u0153uvre et l\u2019\u00e9valuation des...","protected":false},"author":1,"featured_media":0,"parent":1733,"menu_order":0,"comment_status":"open","ping_status":"closed","template":"","meta":{"footnotes":""},"class_list":["post-262","page","type-page","status-publish","hentry"],"_links":{"self":[{"href":"https:\/\/centeribil.com\/index.php?rest_route=\/wp\/v2\/pages\/262","targetHints":{"allow":["GET"]}}],"collection":[{"href":"https:\/\/centeribil.com\/index.php?rest_route=\/wp\/v2\/pages"}],"about":[{"href":"https:\/\/centeribil.com\/index.php?rest_route=\/wp\/v2\/types\/page"}],"author":[{"embeddable":true,"href":"https:\/\/centeribil.com\/index.php?rest_route=\/wp\/v2\/users\/1"}],"replies":[{"embeddable":true,"href":"https:\/\/centeribil.com\/index.php?rest_route=%2Fwp%2Fv2%2Fcomments&post=262"}],"version-history":[{"count":13,"href":"https:\/\/centeribil.com\/index.php?rest_route=\/wp\/v2\/pages\/262\/revisions"}],"predecessor-version":[{"id":2206,"href":"https:\/\/centeribil.com\/index.php?rest_route=\/wp\/v2\/pages\/262\/revisions\/2206"}],"up":[{"embeddable":true,"href":"https:\/\/centeribil.com\/index.php?rest_route=\/wp\/v2\/pages\/1733"}],"wp:attachment":[{"href":"https:\/\/centeribil.com\/index.php?rest_route=%2Fwp%2Fv2%2Fmedia&parent=262"}],"curies":[{"name":"wp","href":"https:\/\/api.w.org\/{rel}","templated":true}]}}