{"id":264,"date":"2014-12-10T07:19:02","date_gmt":"2014-12-10T07:19:02","guid":{"rendered":"http:\/\/anpsthemes.com\/constructo\/?page_id=264"},"modified":"2026-03-19T10:02:25","modified_gmt":"2026-03-19T10:02:25","slug":"essais-accredites","status":"publish","type":"page","link":"https:\/\/centeribil.com\/?page_id=264","title":{"rendered":"Essais accr\u00e9dit\u00e9s"},"content":{"rendered":"<div class=\"wpb-content-wrapper\"><div class=\"vc_row wpb_row vc_row-fluid\"><div class=\"wpb_column vc_column_container vc_col-sm-12\"><div class=\"vc_column-inner\"><div class=\"wpb_wrapper\"><h5 class='heading-content  style-1' ><span>LABORATOIRE ESSAIS DE PERFORMANCE DES FINITION- LEPF<\/span><\/h5>\n\t<div class=\"wpb_text_column wpb_content_element\" >\n\t\t<div class=\"wpb_wrapper\">\n\t\t\t<ul>\n<li>Mesure de l\u2019\u00e9paisseur du feuil sec<\/li>\n<li>Comportement des collages des faces et des chants aux variations climatiques<\/li>\n<li>R\u00e9sistance \u00e0 la chaleur s\u00e8che en \u00e9tuve<\/li>\n<li>R\u00e9sistance aux br\u00fblures des cigarettes<\/li>\n<li>R\u00e9sidence au choc sur m\u00e9tal (masse de 1000g)<\/li>\n<li>R\u00e9sistance \u00e0 l\u2019abrasion<\/li>\n<li>R\u00e9sistance \u00e0 la rayure<\/li>\n<li>Adh\u00e9rence par quadrillage des feuils<\/li>\n<li>Essai d\u2019\u00e9valuation de la brillance<\/li>\n<\/ul>\n\n\t\t<\/div>\n\t<\/div>\n<h5 class='heading-content  style-1' ><span>LABORATOIRE ESSAIS DES MATERIAUX (LAMA)<\/span><\/h5>\n\t<div class=\"wpb_text_column wpb_content_element\" >\n\t\t<div class=\"wpb_wrapper\">\n\t\t\t<ul>\n<li>D\u00e9termination du d\u00e9gagement de formald\u00e9hyde par analyse des gaz<\/li>\n<li>D\u00e9termination d\u2019humidit\u00e9<\/li>\n<li>D\u00e9termination de masse volumique<\/li>\n<li>Traction perpendiculaire<\/li>\n<li>Arrachement de surface r\u00e9sistance et module en flexion<\/li>\n<li>R\u00e9sistance et module en flexion<\/li>\n<li>Gonflement en \u00e9paisseur<\/li>\n<\/ul>\n\n\t\t<\/div>\n\t<\/div>\n<h5 class='heading-content  style-1' ><span>LABORATOIRE DES ESSAIS MECANIQUES MEUBLES ET SIEGES<\/span><\/h5>\n\t<div class=\"wpb_text_column wpb_content_element\" >\n\t\t<div class=\"wpb_wrapper\">\n\t\t\t<ul>\n<li>Essais m\u00e9caniques des chaises pour les \u00e9tablissements d\u2019enseignement<\/li>\n<li>Essais m\u00e9caniques sur les tables de travail de bureau<\/li>\n<li>Essais m\u00e9caniques sur les si\u00e8ges domestiques<\/li>\n<li>Essais m\u00e9caniques sur les tables domestiques<\/li>\n<li>Essais m\u00e9caniques sur tables pour les \u00e9tablissements d\u2019enseignement<\/li>\n<li>Essais m\u00e9caniques sur le mobilier de bureau si\u00e8ge visiteurs<\/li>\n<li>Essais m\u00e9caniques sur les si\u00e8ges \u00e0 usage ext\u00e9rieur<\/li>\n<li>Essais m\u00e9caniques sur les tables \u00e0 usage d\u2019ext\u00e9rieur.<\/li>\n<\/ul>\n\n\t\t<\/div>\n\t<\/div>\n<div class=\"vc_empty_space\"   style=\"height: 10px\"><span class=\"vc_empty_space_inner\"><\/span><\/div><\/div><\/div><\/div><\/div><div class=\"vc_row wpb_row vc_row-fluid\"><div class=\"wpb_column vc_column_container vc_col-sm-6\"><div class=\"vc_column-inner\"><div class=\"wpb_wrapper\">\n\t<div  class=\"wpb_single_image wpb_content_element vc_align_center wpb_content_element\">\n\t\t\n\t\t<figure class=\"wpb_wrapper vc_figure\">\n\t\t\t<div class=\"vc_single_image-wrapper   vc_box_border_grey\"><img fetchpriority=\"high\" decoding=\"async\" width=\"1810\" height=\"2560\" src=\"https:\/\/centeribil.com\/wp-content\/uploads\/2025\/07\/certificat-iso-9001-fr-en-scaled.jpg\" class=\"vc_single_image-img attachment-full\" alt=\"\" title=\"certificat iso 9001 fr-en\" srcset=\"https:\/\/centeribil.com\/wp-content\/uploads\/2025\/07\/certificat-iso-9001-fr-en-scaled.jpg 1810w, https:\/\/centeribil.com\/wp-content\/uploads\/2025\/07\/certificat-iso-9001-fr-en-212x300.jpg 212w, https:\/\/centeribil.com\/wp-content\/uploads\/2025\/07\/certificat-iso-9001-fr-en-724x1024.jpg 724w, https:\/\/centeribil.com\/wp-content\/uploads\/2025\/07\/certificat-iso-9001-fr-en-768x1086.jpg 768w, https:\/\/centeribil.com\/wp-content\/uploads\/2025\/07\/certificat-iso-9001-fr-en-1086x1536.jpg 1086w, https:\/\/centeribil.com\/wp-content\/uploads\/2025\/07\/certificat-iso-9001-fr-en-1448x2048.jpg 1448w, https:\/\/centeribil.com\/wp-content\/uploads\/2025\/07\/certificat-iso-9001-fr-en-255x360.jpg 255w, https:\/\/centeribil.com\/wp-content\/uploads\/2025\/07\/certificat-iso-9001-fr-en-1200x1697.jpg 1200w, https:\/\/centeribil.com\/wp-content\/uploads\/2025\/07\/certificat-iso-9001-fr-en-360x509.jpg 360w, https:\/\/centeribil.com\/wp-content\/uploads\/2025\/07\/certificat-iso-9001-fr-en-600x848.jpg 600w\" sizes=\"(max-width: 1810px) 100vw, 1810px\" \/><\/div>\n\t\t<\/figure>\n\t<\/div>\n<\/div><\/div><\/div><div class=\"wpb_column vc_column_container vc_col-sm-6\"><div class=\"vc_column-inner\"><div class=\"wpb_wrapper\">\n\t<div  class=\"wpb_single_image wpb_content_element vc_align_left wpb_content_element\">\n\t\t\n\t\t<figure class=\"wpb_wrapper vc_figure\">\n\t\t\t<div class=\"vc_single_image-wrapper   vc_box_border_grey\"><img decoding=\"async\" width=\"1240\" height=\"1754\" src=\"https:\/\/centeribil.com\/wp-content\/uploads\/2025\/08\/certificat-ISO-17025-FR_page-0001.jpg\" class=\"vc_single_image-img attachment-full\" alt=\"\" title=\"certificat ISO 17025 FR_page-0001\" srcset=\"https:\/\/centeribil.com\/wp-content\/uploads\/2025\/08\/certificat-ISO-17025-FR_page-0001.jpg 1240w, https:\/\/centeribil.com\/wp-content\/uploads\/2025\/08\/certificat-ISO-17025-FR_page-0001-212x300.jpg 212w, https:\/\/centeribil.com\/wp-content\/uploads\/2025\/08\/certificat-ISO-17025-FR_page-0001-724x1024.jpg 724w, https:\/\/centeribil.com\/wp-content\/uploads\/2025\/08\/certificat-ISO-17025-FR_page-0001-768x1086.jpg 768w, https:\/\/centeribil.com\/wp-content\/uploads\/2025\/08\/certificat-ISO-17025-FR_page-0001-1086x1536.jpg 1086w, https:\/\/centeribil.com\/wp-content\/uploads\/2025\/08\/certificat-ISO-17025-FR_page-0001-255x360.jpg 255w, https:\/\/centeribil.com\/wp-content\/uploads\/2025\/08\/certificat-ISO-17025-FR_page-0001-1200x1697.jpg 1200w, https:\/\/centeribil.com\/wp-content\/uploads\/2025\/08\/certificat-ISO-17025-FR_page-0001-360x509.jpg 360w, https:\/\/centeribil.com\/wp-content\/uploads\/2025\/08\/certificat-ISO-17025-FR_page-0001-600x849.jpg 600w\" sizes=\"(max-width: 1240px) 100vw, 1240px\" \/><\/div>\n\t\t<\/figure>\n\t<\/div>\n<\/div><\/div><\/div><\/div>\n<\/div>","protected":false},"excerpt":{"rendered":"LABORATOIRE ESSAIS DE PERFORMANCE DES FINITION- LEPF Mesure de l\u2019\u00e9paisseur du feuil sec Comportement des collages des faces et des chants aux variations climatiques R\u00e9sistance \u00e0 la chaleur s\u00e8che en \u00e9tuve R\u00e9sistance aux br\u00fblures des cigarettes R\u00e9sidence au choc sur...","protected":false},"author":1,"featured_media":0,"parent":1733,"menu_order":0,"comment_status":"open","ping_status":"closed","template":"","meta":{"footnotes":""},"class_list":["post-264","page","type-page","status-publish","hentry"],"_links":{"self":[{"href":"https:\/\/centeribil.com\/index.php?rest_route=\/wp\/v2\/pages\/264","targetHints":{"allow":["GET"]}}],"collection":[{"href":"https:\/\/centeribil.com\/index.php?rest_route=\/wp\/v2\/pages"}],"about":[{"href":"https:\/\/centeribil.com\/index.php?rest_route=\/wp\/v2\/types\/page"}],"author":[{"embeddable":true,"href":"https:\/\/centeribil.com\/index.php?rest_route=\/wp\/v2\/users\/1"}],"replies":[{"embeddable":true,"href":"https:\/\/centeribil.com\/index.php?rest_route=%2Fwp%2Fv2%2Fcomments&post=264"}],"version-history":[{"count":15,"href":"https:\/\/centeribil.com\/index.php?rest_route=\/wp\/v2\/pages\/264\/revisions"}],"predecessor-version":[{"id":2182,"href":"https:\/\/centeribil.com\/index.php?rest_route=\/wp\/v2\/pages\/264\/revisions\/2182"}],"up":[{"embeddable":true,"href":"https:\/\/centeribil.com\/index.php?rest_route=\/wp\/v2\/pages\/1733"}],"wp:attachment":[{"href":"https:\/\/centeribil.com\/index.php?rest_route=%2Fwp%2Fv2%2Fmedia&parent=264"}],"curies":[{"name":"wp","href":"https:\/\/api.w.org\/{rel}","templated":true}]}}