{"id":933,"date":"2014-11-11T11:09:47","date_gmt":"2014-11-11T11:09:47","guid":{"rendered":"http:\/\/anpsthemes.com\/constructo\/?page_id=5"},"modified":"2026-03-23T20:35:06","modified_gmt":"2026-03-23T20:35:06","slug":"acceuil","status":"publish","type":"page","link":"https:\/\/centeribil.com\/","title":{"rendered":"Acceuil"},"content":{"rendered":"<div class=\"wpb-content-wrapper\"><div class=\"vc_row wpb_row vc_row-fluid vc_custom_1496645953969\"><div class=\"wpb_column vc_column_container vc_col-sm-12\"><div class=\"vc_column-inner\"><div class=\"wpb_wrapper\">\n\t<div class=\"wpb_text_column wpb_content_element\" >\n\t\t<div class=\"wpb_wrapper\">\n\t\t\t\n\t\t\t\t<p class=\"rs-p-wp-fix\"><\/p>\n\t\t\t\t<sr7-module data-alias=\"slider-2\" data-id=\"1\" id=\"SR7_1_1\" class=\"rs-ov-hidden\" data-version=\"6.7.31\">\n\t\t\t\t\t<sr7-adjuster><\/sr7-adjuster>\n\t\t\t\t\t<sr7-content>\n\t\t\t\t\t\t<sr7-slide id=\"SR7_1_1-1\" data-key=\"1\">\n\t\t\t\t\t\t\t<sr7-bg id=\"SR7_1_1-1-5\" class=\"sr7-layer\"><noscript><img decoding=\"async\" src=\"https:\/\/centeribil.com\/wp-content\/uploads\/2025\/07\/AT-2-scaled.jpg\" alt=\"\" title=\"AT 2\"><\/noscript><\/sr7-bg>\n\t\t\t\t\t\t\t<sr7-txt id=\"SR7_1_1-1-1\" class=\"sr7-layer\">Pour accroitre votre comp\u00e9titivit\u00e9 et am\u00e9liorer vos performances industrielles et organisationnelles<\/sr7-txt>\n\t\t\t\t\t\t\t<a id=\"SR7_1_1-1-3\" class=\"sr7-layer\" href=\"https:\/\/centeribil.com\/assistance-technique\/\" target=\"_self\">Assistance Technique <\/a>\n\t\t\t\t\t\t\t<a id=\"SR7_1_1-1-4\" class=\"sr7-layer\" href=\"https:\/\/centeribil.com\/contact\/\" target=\"_self\">Contactez-nous<\/a>\n\t\t\t\t\t\t<\/sr7-slide>\n\t\t\t\t\t\t<sr7-slide id=\"SR7_1_1-6\" data-key=\"6\">\n\t\t\t\t\t\t\t<sr7-bg id=\"SR7_1_1-6-5\" class=\"sr7-layer\"><noscript><img decoding=\"async\" src=\"https:\/\/centeribil.com\/wp-content\/uploads\/2025\/07\/Analyses-et-Essais-scaled.jpg\" alt=\"\" title=\"Analyses et Essais\"><\/noscript><\/sr7-bg>\n\t\t\t\t\t\t\t<sr7-txt id=\"SR7_1_1-6-1\" class=\"sr7-layer\">Pour \u00e9valuer et am\u00e9liorer les caract\u00e9ristiques de vos produits, le CETIBA r\u00e9alise des analyses et des essais gr\u00e2ce \u00e0 des \u00e9quipements performants et adapt\u00e9s<\/sr7-txt>\n\t\t\t\t\t\t\t<a id=\"SR7_1_1-6-3\" class=\"sr7-layer\" href=\"https:\/\/centeribil.com\/analyses-et-essais\/\" target=\"_self\">Analyses et Essais <\/a>\n\t\t\t\t\t\t\t<a id=\"SR7_1_1-6-4\" class=\"sr7-layer\" href=\"https:\/\/centeribil.com\/contact\/\" target=\"_self\">Contactez-nous<\/a>\n\t\t\t\t\t\t<\/sr7-slide>\n\t\t\t\t\t\t<sr7-slide id=\"SR7_1_1-7\" data-key=\"7\">\n\t\t\t\t\t\t\t<sr7-bg id=\"SR7_1_1-7-5\" class=\"sr7-layer\"><noscript><img decoding=\"async\" src=\"https:\/\/centeribil.com\/wp-content\/uploads\/2025\/07\/FORMATION-scaled.jpg\" alt=\"\" title=\"FORMATION\"><\/noscript><\/sr7-bg>\n\t\t\t\t\t\t\t<sr7-txt id=\"SR7_1_1-7-1\" class=\"sr7-layer\">Pour le d\u00e9veloppement de vos ressources humaines et l\u2019am\u00e9lioration de vos comp\u00e9tences professionnelles<\/sr7-txt>\n\t\t\t\t\t\t\t<a id=\"SR7_1_1-7-3\" class=\"sr7-layer\" href=\"https:\/\/centeribil.com\/formation-et-encadrement\/\" target=\"_self\">Formation Et Encadrement <\/a>\n\t\t\t\t\t\t\t<a id=\"SR7_1_1-7-4\" class=\"sr7-layer\" href=\"https:\/\/centeribil.com\/contact\/\" target=\"_self\">Contactez-nous<\/a>\n\t\t\t\t\t\t<\/sr7-slide>\n\t\t\t\t\t\t<sr7-slide id=\"SR7_1_1-8\" data-key=\"8\">\n\t\t\t\t\t\t\t<sr7-bg id=\"SR7_1_1-8-5\" class=\"sr7-layer\"><noscript><img decoding=\"async\" src=\"https:\/\/centeribil.com\/wp-content\/uploads\/2025\/07\/FORMATION-61-scaled.jpg\" alt=\"\" title=\"FORMATION 61\"><\/noscript><\/sr7-bg>\n\t\t\t\t\t\t\t<sr7-txt id=\"SR7_1_1-8-1\" class=\"sr7-layer\">Pour vous accompagner \u00e0 l\u2019innovation dans votre entreprise<\/sr7-txt>\n\t\t\t\t\t\t\t<a id=\"SR7_1_1-8-3\" class=\"sr7-layer\" href=\"https:\/\/centeribil.com\/recherche-developpement-et-innovation\/\" target=\"_self\">Recherche, D\u00e9veloppement et Innovation <\/a>\n\t\t\t\t\t\t\t<a id=\"SR7_1_1-8-4\" class=\"sr7-layer\" href=\"https:\/\/centeribil.com\/contact\/\" target=\"_self\">Contactez-nous<\/a>\n\t\t\t\t\t\t<\/sr7-slide>\n\t\t\t\t\t\t<sr7-slide id=\"SR7_1_1-4\" data-key=\"4\">\n\t\t\t\t\t\t<\/sr7-slide>\n\t\t\t\t\t<\/sr7-content>\n\t\t\t\t\t<image_lists style=\"display:none\">\n\t\t\t\t\t\t<img data-src=\"\/\/centeribil.com\/wp-content\/uploads\/2025\/07\/AT-2-scaled.jpg\" data-libid=\"1325\" data-lib=\"medialibrary\" title=\"AT 2\" width=\"0\" height=\"0\" data-dbsrc=\"Ly9jZW50ZXJpYmlsLmNvbS93cC1jb250ZW50L3VwbG9hZHMvMjAyNS8wNy9BVC0yLXNjYWxlZC5qcGc=\"\/>\n\t\t\t\t\t\t<img data-src=\"\/\/centeribil.com\/wp-content\/uploads\/2025\/07\/Analyses-et-Essais-scaled.jpg\" data-libid=\"1326\" data-lib=\"medialibrary\" title=\"Analyses et Essais\" width=\"0\" height=\"0\" data-dbsrc=\"Ly9jZW50ZXJpYmlsLmNvbS93cC1jb250ZW50L3VwbG9hZHMvMjAyNS8wNy9BbmFseXNlcy1ldC1Fc3NhaXMtc2NhbGVkLmpwZw==\"\/>\n\t\t\t\t\t\t<img data-src=\"\/\/centeribil.com\/wp-content\/uploads\/2025\/07\/FORMATION-scaled.jpg\" data-libid=\"1327\" data-lib=\"medialibrary\" title=\"FORMATION\" width=\"0\" height=\"0\" data-dbsrc=\"Ly9jZW50ZXJpYmlsLmNvbS93cC1jb250ZW50L3VwbG9hZHMvMjAyNS8wNy9GT1JNQVRJT04tc2NhbGVkLmpwZw==\"\/>\n\t\t\t\t\t\t<img loading=\"lazy\" data-src=\"\/\/centeribil.com\/wp-content\/uploads\/2025\/07\/FORMATION-61-scaled.jpg\" data-libid=\"1329\" data-lib=\"medialibrary\" title=\"FORMATION 61\" width=\"0\" height=\"0\" data-dbsrc=\"Ly9jZW50ZXJpYmlsLmNvbS93cC1jb250ZW50L3VwbG9hZHMvMjAyNS8wNy9GT1JNQVRJT04tNjEtc2NhbGVkLmpwZw==\"\/>\n\t\t\t\t\t<\/image_lists>\n\t\t\t\t<\/sr7-module>\n\t\t\t\t<script>\n\t\t\t\t\tSR7.PMH ??={}; SR7.PMH[\"SR7_1_1\"] = {cn:100,state:false,fn: function() { if (_tpt!==undefined && _tpt.prepareModuleHeight !== undefined) {  _tpt.prepareModuleHeight({id:\"SR7_1_1\",el:[550,550,550,400,500],type:'standard',shdw:'0',gh:[550,550,550,400,500],gw:[1140,1140,1140,778,480],vpt:['-100px&#039;,&#039;-100px&#039;,&#039;-100px&#039;,&#039;-100px&#039;,&#039;-100px'],size:{fullWidth:true, fullHeight:false},mh:'0',onh:0,onw:0,bg:{color:'{\"orig\":\"transparent\",\"type\":\"solid\",\"string\":\"transparent\"}'},plType:'0',plColor:'#FFFFFF'});   SR7.PMH[\"SR7_1_1\"].state=true;} else if(SR7.PMH[\"SR7_1_1\"].cn-->0)\tsetTimeout( SR7.PMH[\"SR7_1_1\"].fn,19);}};SR7.PMH[\"SR7_1_1\" ].fn();\n\t\t\t\t<\/script>\n\n\n\t\t<\/div>\n\t<\/div>\n<\/div><\/div><\/div><\/div><div data-vc-full-width=\"true\" data-vc-full-width-init=\"false\" class=\"vc_row wpb_row vc_row-fluid vc_custom_1497518287027 vc_row-has-fill\"><div class=\"wpb_column vc_column_container vc_col-sm-4\"><div class=\"vc_column-inner\"><div class=\"wpb_wrapper\"><a href=\"https:\/\/centeribil.com\/meuble-et-ameublement\/\" class=\"f-content f-content--style-2\" style=\"background-color:#ffffff;\"><div class=\"f-content__image\"><img loading=\"lazy\" decoding=\"async\" width=\"2560\" height=\"1708\" src=\"https:\/\/centeribil.com\/wp-content\/uploads\/2025\/08\/FORMATION-1-scaled.png\" class=\"attachment-full size-full\" alt=\"\" srcset=\"https:\/\/centeribil.com\/wp-content\/uploads\/2025\/08\/FORMATION-1-scaled.png 2560w, https:\/\/centeribil.com\/wp-content\/uploads\/2025\/08\/FORMATION-1-300x200.png 300w, https:\/\/centeribil.com\/wp-content\/uploads\/2025\/08\/FORMATION-1-1024x683.png 1024w, https:\/\/centeribil.com\/wp-content\/uploads\/2025\/08\/FORMATION-1-768x512.png 768w, https:\/\/centeribil.com\/wp-content\/uploads\/2025\/08\/FORMATION-1-1536x1025.png 1536w, https:\/\/centeribil.com\/wp-content\/uploads\/2025\/08\/FORMATION-1-2048x1366.png 2048w, https:\/\/centeribil.com\/wp-content\/uploads\/2025\/08\/FORMATION-1-370x247.png 370w, https:\/\/centeribil.com\/wp-content\/uploads\/2025\/08\/FORMATION-1-1200x800.png 1200w, https:\/\/centeribil.com\/wp-content\/uploads\/2025\/08\/FORMATION-1-360x240.png 360w, https:\/\/centeribil.com\/wp-content\/uploads\/2025\/08\/FORMATION-1-600x400.png 600w\" sizes=\"(max-width: 2560px) 100vw, 2560px\" \/><\/div><div class=\"f-content__wrap\"><div class=\"f-content__inner-wrap\"><div class=\"f-content__icon\"><i class=\"\"><\/i><\/div><div class=\"f-content__title\">Annuaire des Entreprises<\/div><div class=\"f-content__divider\"><\/div><\/div><div class=\"f-content__content\"><\/div><\/div><\/a><\/div><\/div><\/div><div class=\"wpb_column vc_column_container vc_col-sm-4\"><div class=\"vc_column-inner\"><div class=\"wpb_wrapper\"><a href=\"https:\/\/centeribil.com\/inscription-au-wid\/\" class=\"f-content f-content--style-2\" style=\"background-color:#ffffff;\"><div class=\"f-content__image\"><img loading=\"lazy\" decoding=\"async\" width=\"2560\" height=\"1708\" src=\"https:\/\/centeribil.com\/wp-content\/uploads\/2025\/08\/1-scaled.png\" class=\"attachment-full size-full\" alt=\"\" srcset=\"https:\/\/centeribil.com\/wp-content\/uploads\/2025\/08\/1-scaled.png 2560w, https:\/\/centeribil.com\/wp-content\/uploads\/2025\/08\/1-300x200.png 300w, https:\/\/centeribil.com\/wp-content\/uploads\/2025\/08\/1-1024x683.png 1024w, https:\/\/centeribil.com\/wp-content\/uploads\/2025\/08\/1-768x512.png 768w, https:\/\/centeribil.com\/wp-content\/uploads\/2025\/08\/1-1536x1025.png 1536w, https:\/\/centeribil.com\/wp-content\/uploads\/2025\/08\/1-2048x1366.png 2048w, https:\/\/centeribil.com\/wp-content\/uploads\/2025\/08\/1-370x247.png 370w, https:\/\/centeribil.com\/wp-content\/uploads\/2025\/08\/1-1200x800.png 1200w, https:\/\/centeribil.com\/wp-content\/uploads\/2025\/08\/1-360x240.png 360w, https:\/\/centeribil.com\/wp-content\/uploads\/2025\/08\/1-600x400.png 600w\" sizes=\"(max-width: 2560px) 100vw, 2560px\" \/><\/div><div class=\"f-content__wrap\"><div class=\"f-content__inner-wrap\"><div class=\"f-content__icon\"><i class=\"\"><\/i><\/div><div class=\"f-content__title\">Inscription au WID<\/div><div class=\"f-content__divider\"><\/div><\/div><div class=\"f-content__content\"><\/div><\/div><\/a><\/div><\/div><\/div><div class=\"wpb_column vc_column_container vc_col-sm-4\"><div class=\"vc_column-inner\"><div class=\"wpb_wrapper\"><a href=\"https:\/\/centeribil.com\/demande-devis-de-formation\/\" class=\"f-content f-content--style-2\" style=\"background-color:#ffffff;\"><div class=\"f-content__image\"><img loading=\"lazy\" decoding=\"async\" width=\"2560\" height=\"1708\" src=\"https:\/\/centeribil.com\/wp-content\/uploads\/2025\/08\/FORMATION-scaled.jpg\" class=\"attachment-full size-full\" alt=\"\" srcset=\"https:\/\/centeribil.com\/wp-content\/uploads\/2025\/08\/FORMATION-scaled.jpg 2560w, https:\/\/centeribil.com\/wp-content\/uploads\/2025\/08\/FORMATION-300x200.jpg 300w, https:\/\/centeribil.com\/wp-content\/uploads\/2025\/08\/FORMATION-1024x683.jpg 1024w, https:\/\/centeribil.com\/wp-content\/uploads\/2025\/08\/FORMATION-768x512.jpg 768w, https:\/\/centeribil.com\/wp-content\/uploads\/2025\/08\/FORMATION-1536x1025.jpg 1536w, https:\/\/centeribil.com\/wp-content\/uploads\/2025\/08\/FORMATION-2048x1366.jpg 2048w, https:\/\/centeribil.com\/wp-content\/uploads\/2025\/08\/FORMATION-370x247.jpg 370w, https:\/\/centeribil.com\/wp-content\/uploads\/2025\/08\/FORMATION-1200x800.jpg 1200w, https:\/\/centeribil.com\/wp-content\/uploads\/2025\/08\/FORMATION-360x240.jpg 360w, https:\/\/centeribil.com\/wp-content\/uploads\/2025\/08\/FORMATION-600x400.jpg 600w\" sizes=\"(max-width: 2560px) 100vw, 2560px\" \/><\/div><div class=\"f-content__wrap\"><div class=\"f-content__inner-wrap\"><div class=\"f-content__icon\"><i class=\"\"><\/i><\/div><div class=\"f-content__title\">Demande Devis de Formation<\/div><div class=\"f-content__divider\"><\/div><\/div><div class=\"f-content__content\"><\/div><\/div><\/a><\/div><\/div><\/div><\/div><div class=\"vc_row-full-width vc_clearfix\"><\/div><div class=\"vc_row wpb_row vc_row-fluid vc_custom_1496920192119\"><div class=\"wpb_column vc_column_container vc_col-sm-12\"><div class=\"vc_column-inner\"><div class=\"wpb_wrapper\"><h2 class='heading-middle  divider-sm' ><span>Nos actualit\u00e9s<\/span><\/h2><div class=\"recent-posts row\"><article class='recentblog col-lg-4 col-md-6 col-sm-6 col-xs-12'><div class='titlemichelle'><a href='https:\/\/centeribil.com\/?p=1271'><h2>Consultation N\u00b0 09\/2025: Migration du Sage 100 vers la derni\u00e8re version Sage, l\u2019acquisition &amp; la mise en place de modules compl\u00e9mentaires<\/h2><\/a><\/div><div class='post-content'><p>CETIBA se propose de lancer une consultation pour la \u00ab Migration du Sage 100 vers la derni\u00e8re version Sage, l\u2019acquisition &#038; la mise en place de modules compl\u00e9mentaires\u00bb.<\/p>\n<\/div><\/article><article class='recentblog col-lg-4 col-md-6 col-sm-6 col-xs-12'><div class='titlemichelle'><a href='https:\/\/centeribil.com\/?p=448'><h2>Salon du Meuble de Tunis du 30 janvier au 9 f\u00e9vrier 2025<\/h2><\/a><\/div><div class='post-content'><p>Le Salon du Meuble de Tunis est, depuis sa cr\u00e9ation en 1992, le rendez-vous incontournable pour les entreprises industrielles du secteur du meuble.<\/p>\n<\/div><\/article><\/div><\/div><\/div><\/div><\/div>\n<\/div>","protected":false},"excerpt":{"rendered":"Le Salon du Meuble de Tunis est, depuis sa cr\u00e9ation en 1992, le rendez-vous incontournable pour les entreprises industrielles du secteur du meuble. La 34\u00e8me \u00e9dition du salon du meuble de Tunis aura lieu du 30 janvier au 9 f\u00e9vrier...","protected":false},"author":1,"featured_media":0,"parent":0,"menu_order":0,"comment_status":"open","ping_status":"closed","template":"","meta":{"footnotes":""},"class_list":["post-933","page","type-page","status-publish","hentry"],"_links":{"self":[{"href":"https:\/\/centeribil.com\/index.php?rest_route=\/wp\/v2\/pages\/933","targetHints":{"allow":["GET"]}}],"collection":[{"href":"https:\/\/centeribil.com\/index.php?rest_route=\/wp\/v2\/pages"}],"about":[{"href":"https:\/\/centeribil.com\/index.php?rest_route=\/wp\/v2\/types\/page"}],"author":[{"embeddable":true,"href":"https:\/\/centeribil.com\/index.php?rest_route=\/wp\/v2\/users\/1"}],"replies":[{"embeddable":true,"href":"https:\/\/centeribil.com\/index.php?rest_route=%2Fwp%2Fv2%2Fcomments&post=933"}],"version-history":[{"count":25,"href":"https:\/\/centeribil.com\/index.php?rest_route=\/wp\/v2\/pages\/933\/revisions"}],"predecessor-version":[{"id":2187,"href":"https:\/\/centeribil.com\/index.php?rest_route=\/wp\/v2\/pages\/933\/revisions\/2187"}],"wp:attachment":[{"href":"https:\/\/centeribil.com\/index.php?rest_route=%2Fwp%2Fv2%2Fmedia&parent=933"}],"curies":[{"name":"wp","href":"https:\/\/api.w.org\/{rel}","templated":true}]}}